{"id":13939,"date":"2026-02-12T21:35:47","date_gmt":"2026-02-12T21:35:47","guid":{"rendered":"https:\/\/www.artagencja.pl\/?page_id=13939"},"modified":"2026-02-22T10:00:13","modified_gmt":"2026-02-22T10:00:13","slug":"adrianna-choina-cv","status":"publish","type":"page","link":"https:\/\/www.artagencja.pl\/en\/adrianna-choina-cv\/","title":{"rendered":"Adrianna Choina CV"},"content":{"rendered":"<div  class=\"tatsu-HJWlaKsG1K tatsu-section  tatsu-bg-overlay   tatsu-clearfix\" data-title=\"\"  data-headerscheme=\"background--dark\"><div class='tatsu-section-pad clearfix' data-padding='{\"d\":\"20px 0px 0px 0px\"}' data-padding-top='20px'><div class=\"tatsu-row-wrap  tatsu-wrap tatsu-row-has-two-cols tatsu-medium-gutter tatsu-reg-cols  tatsu-clearfix tatsu-SJxeaYiGJK\" ><div  class=\"tatsu-row\" ><div  class=\"tatsu-column  tatsu-bg-overlay tatsu-one-third tatsu-column-image-none tatsu-column-effect-none  tatsu-B1gGRtoMJK\"  data-parallax-speed=\"0\" style=\"\"><div class=\"tatsu-column-inner\" ><div class=\"tatsu-column-pad-wrap\"><div class=\"tatsu-column-pad\" ><div  class=\"tatsu-module tatsu-text-block-wrap tatsu-rynZ9pXxt\"><div class=\"tatsu-text-inner tatsu-align-center  clearfix\" ><style>.tatsu-rynZ9pXxt.tatsu-text-block-wrap .tatsu-text-inner{width: 100%;text-align: center;}.tatsu-rynZ9pXxt.tatsu-text-block-wrap{margin: 0px 0px 10px 0px;}<\/style>\n<h4>Adrianna Choina<\/h4>\n<\/div><\/div><div  class=\"tatsu-single-image tatsu-module tatsu-image-lazyload tatsu-rkTTX2z1Y\" ><div class=\"tatsu-single-image-inner\" style=\"width : 960px;\" ><div class = \"tatsu-single-image-padding-wrap\" style = \"padding-bottom : 80%;\" ><\/div><a class = \"mfp-image\" href = \"https:\/\/www.artagencja.pl\/wp-content\/uploads\/2026\/02\/Adrianna-Choina.jpg-1-26.jpg\" ><img class = \"tatsu-gradient-border\" alt = \"\" title = \"Adrianna Choina.jpg-1-26\" data-srcset = \"https:\/\/www.artagencja.pl\/wp-content\/uploads\/2026\/02\/Adrianna-Choina.jpg-1-26.jpg 960w, https:\/\/www.artagencja.pl\/wp-content\/uploads\/2026\/02\/Adrianna-Choina.jpg-1-26-350x280.jpg 350w, https:\/\/www.artagencja.pl\/wp-content\/uploads\/2026\/02\/Adrianna-Choina.jpg-1-26-768x614.jpg 768w, https:\/\/www.artagencja.pl\/wp-content\/uploads\/2026\/02\/Adrianna-Choina.jpg-1-26-15x12.jpg 15w, https:\/\/www.artagencja.pl\/wp-content\/uploads\/2026\/02\/Adrianna-Choina.jpg-1-26-63x50.jpg 63w, https:\/\/www.artagencja.pl\/wp-content\/uploads\/2026\/02\/Adrianna-Choina.jpg-1-26-650x520.jpg 650w, https:\/\/www.artagencja.pl\/wp-content\/uploads\/2026\/02\/Adrianna-Choina.jpg-1-26-50x40.jpg 50w\" sizes = \"(max-width: 960px) 100vw, 960px\" src =\"data:image\/png;base64,iVBORw0KGgoAAAANSUhEUgAAAAEAAAABCAQAAAC1HAwCAAAAC0lEQVR42mNkYAAAAAYAAjCB0C8AAAAASUVORK5CYII=\"  \/><\/a><\/div><style>.tatsu-rkTTX2z1Y .tatsu-single-image-inner{border-style: solid;max-width: 100%;}.tatsu-rkTTX2z1Y.tatsu-single-image{transform: translate3d(0px,0px, 0);}<\/style><\/div><\/div><\/div><div class = \"tatsu-column-bg-image-wrap\"><div class = \"tatsu-column-bg-image\" ><\/div><\/div><div class=\"tatsu-overlay tatsu-column-overlay tatsu-animate-none\" ><\/div><\/div><style>.tatsu-row > .tatsu-B1gGRtoMJK.tatsu-column{width: 30%;}.tatsu-B1gGRtoMJK.tatsu-column > .tatsu-column-inner > .tatsu-column-overlay{mix-blend-mode: normal;}.tatsu-B1gGRtoMJK > .tatsu-column-inner > .tatsu-top-divider{z-index: 9999;}.tatsu-B1gGRtoMJK > .tatsu-column-inner > .tatsu-bottom-divider{z-index: 9999;}.tatsu-B1gGRtoMJK > .tatsu-column-inner > .tatsu-left-divider{z-index: 9999;}.tatsu-B1gGRtoMJK > .tatsu-column-inner > .tatsu-right-divider{z-index: 9999;}@media only screen and (max-width:1377px) {.tatsu-row > .tatsu-B1gGRtoMJK.tatsu-column{width: 33.33%;}}@media only screen and (min-width:768px) and (max-width: 1024px) {.tatsu-row > .tatsu-B1gGRtoMJK.tatsu-column{width: 33.33%;}}@media only screen and (max-width: 767px) {.tatsu-row > .tatsu-B1gGRtoMJK.tatsu-column{width: 100%;}}<\/style><\/div><div  class=\"tatsu-column  tatsu-bg-overlay tatsu-two-third tatsu-column-image-none tatsu-column-effect-none  tatsu-ryfCKiMJK\"  data-parallax-speed=\"0\" style=\"\"><div class=\"tatsu-column-inner\" ><div class=\"tatsu-column-pad-wrap\"><div class=\"tatsu-column-pad\" >\n<div  class=\"tatsu-HkZSfA6GJF tabs oshine-module\"  ><style>.tatsu-HkZSfA6GJF{padding: 2px 2px 2px 2px;}<\/style><ul class=\"clearfix be-tab-header\"><li><a id=\"tatsu-SkSGR6zJF\" class=\"\" href=\"#fragment-1-2054174187\">Information<\/a>  <\/li>\n<li><a id=\"tatsu-r1ZQbRfJY\" class=\"\" href=\"#fragment-2-2054174187\">Skills<\/a>  <\/li>\n<li><a id=\"tatsu-B1MgudCkF\" class=\"\" href=\"#fragment-3-2054174187\">EXPERIENCE<\/a>  <\/li>\n<li><a id=\"tatsu-SyI9M0MyY\" class=\"\" href=\"#fragment-4-2054174187\">ACTING ACHIEVEMENTS<\/a>  <\/li>\n<li><a id=\"tatsu-SkjyVh7lF\" class=\"\" href=\"#fragment-5-2054174187\">VIDEO (SHOWREELS)<\/a>  <\/li><\/ul><div id=\"fragment-1-2054174187\" class=\"clearfix be-tab-content\">\n<ul>\n<li>\n<h6><span style=\"font-size: 12pt;\"><strong>LOCATION:<\/strong> Warszawa<\/span><\/h6>\n<\/li>\n<li>\n<h6><span style=\"font-size: 12pt;\"><strong>GROWTH:<\/strong> 178 cm<\/span><\/h6>\n<\/li>\n<li>\n<h6><span style=\"font-size: 12pt;\"><strong>EYE COLOR:<\/strong> Br\u0105zowe<\/span><\/h6>\n<\/li>\n<li>\n<h6><span style=\"font-size: 12pt;\"><strong>HAIR COLOR:<\/strong> Ciemny br\u0105z<\/span><\/h6>\n<\/li>\n<\/ul>\n<\/div><div id=\"fragment-2-2054174187\" class=\"clearfix be-tab-content\">\n<ul>\n<li>\n<h6><span style=\"font-size: 11pt;\">Knowledge of languages: <\/span><span style=\"font-size: 9pt;\">polski (J\u0119zyk ojczysty), angielski (p\u0142ynnie), niemiecki (podstawowy)<\/span><\/h6>\n<\/li>\n<li>\n<h6><span style=\"font-size: 11pt;\">Sports disciplines: <span style=\"font-size: 9pt;\">jazda na \u0142y\u017cwach, jazda konno, p\u0142ywanie, siatk\u00f3wka<\/span><\/span><\/h6>\n<\/li>\n<li>\n<h6><span style=\"font-size: 11pt;\">\u015apiew: tak<\/span><\/h6>\n<\/li>\n<li>\n<h6><span style=\"font-size: 11pt;\">Taniec: z wachlarzami, improwizacja<\/span><\/h6>\n<\/li>\n<li>\n<h6><span style=\"font-size: 11pt;\">Prawo jazdy: &#8211; <\/span><\/h6>\n<\/li>\n<\/ul>\n<\/div><div id=\"fragment-3-2054174187\" class=\"clearfix be-tab-content\">\n<p><span style=\"font-size: 11pt;\"><strong>Career path<\/strong><\/span><\/p>\n<ul>\n<li>Muzeum Sztuki Nowoczesnej w Warszawie<\/li>\n<li>Warsaw Film School<\/li>\n<\/ul>\n<\/div><div id=\"fragment-4-2054174187\" class=\"clearfix be-tab-content\">\n<p><span style=\"font-size: 11pt;\"><strong>Film<\/strong><\/span><\/p>\n<ul>\n<li>2025 | Bowman, rola: pracownica sklepu z retro grami<\/li>\n<li>2025 | Jeste\u015bmy ju\u017c doro\u015bli, rola: kobieta w ci\u0105\u017cy<\/li>\n<li>2024 | Leyla, rola: g\u0142\u00f3wna<\/li>\n<\/ul>\n<\/div><div id=\"fragment-5-2054174187\" class=\"clearfix be-tab-content\">\n<p>Showreel scenka &#8222;Olimpiada&#8221; wer.1 i wer.2 <iframe title=\"Adrianna Choina showreel scenka Olimpiada wer 1 i wer  2\" width=\"1160\" height=\"653\" src=\"https:\/\/www.youtube.com\/embed\/FVTFnudj0VM?feature=oembed\" frameborder=\"0\" allow=\"accelerometer; autoplay; clipboard-write; encrypted-media; gyroscope; picture-in-picture; web-share\" referrerpolicy=\"strict-origin-when-cross-origin\" allowfullscreen><\/iframe><\/p>\n<hr \/>\n<p>Scenka &#8222;Olimpiada&#8221; wer.1 <iframe title=\"Adrianna Choina scenka Olimpiada wer 1\" width=\"1160\" height=\"653\" src=\"https:\/\/www.youtube.com\/embed\/rz-w7FrLW2k?feature=oembed\" frameborder=\"0\" allow=\"accelerometer; autoplay; clipboard-write; encrypted-media; gyroscope; picture-in-picture; web-share\" referrerpolicy=\"strict-origin-when-cross-origin\" allowfullscreen><\/iframe><\/p>\n<hr \/>\n<p>Scenka &#8222;Olimpiada&#8221; wer.2 <iframe title=\"Adrianna Choina scenka Olimpiada wer 2\" width=\"1160\" height=\"653\" src=\"https:\/\/www.youtube.com\/embed\/hRSl_2uFTt4?feature=oembed\" frameborder=\"0\" allow=\"accelerometer; autoplay; clipboard-write; encrypted-media; gyroscope; picture-in-picture; web-share\" referrerpolicy=\"strict-origin-when-cross-origin\" allowfullscreen><\/iframe><\/p>\n<hr \/>\n<p>Scenka &#8222;Spotkanie&#8221; <iframe title=\"Adrianna Choina scenka &quot;Spotkanie&quot;\" width=\"1160\" height=\"653\" src=\"https:\/\/www.youtube.com\/embed\/t8uElNT4zxg?feature=oembed\" frameborder=\"0\" allow=\"accelerometer; autoplay; clipboard-write; encrypted-media; gyroscope; picture-in-picture; web-share\" referrerpolicy=\"strict-origin-when-cross-origin\" allowfullscreen><\/iframe><\/p>\n<hr \/>\n<p>Scenka &#8222;Powiedz co\u015b, prosz\u0119&#8221; <iframe title=\"Adrianna Choina scenka &quot;Powiedz co\u015b, prosz\u0119&quot;\" width=\"1160\" height=\"653\" src=\"https:\/\/www.youtube.com\/embed\/spzyvL4tomo?feature=oembed\" frameborder=\"0\" allow=\"accelerometer; autoplay; clipboard-write; encrypted-media; gyroscope; picture-in-picture; web-share\" referrerpolicy=\"strict-origin-when-cross-origin\" allowfullscreen><\/iframe><\/p>\n<\/div><\/div>\n<\/div><\/div><div class = \"tatsu-column-bg-image-wrap\"><div class = \"tatsu-column-bg-image\" ><\/div><\/div><div class=\"tatsu-overlay tatsu-column-overlay tatsu-animate-none\" ><\/div><\/div><style>.tatsu-row > .tatsu-ryfCKiMJK.tatsu-column{width: 70%;}.tatsu-ryfCKiMJK.tatsu-column > .tatsu-column-inner > .tatsu-column-overlay{mix-blend-mode: normal;}.tatsu-ryfCKiMJK > .tatsu-column-inner > .tatsu-top-divider{z-index: 9999;}.tatsu-ryfCKiMJK > .tatsu-column-inner > .tatsu-bottom-divider{z-index: 9999;}.tatsu-ryfCKiMJK > .tatsu-column-inner > .tatsu-left-divider{z-index: 9999;}.tatsu-ryfCKiMJK > .tatsu-column-inner > .tatsu-right-divider{z-index: 9999;}@media only screen and (max-width:1377px) {.tatsu-row > .tatsu-ryfCKiMJK.tatsu-column{width: 66.67%;}}@media only screen and (min-width:768px) and (max-width: 1024px) {.tatsu-row > .tatsu-ryfCKiMJK.tatsu-column{width: 66.67%;}}@media only screen and (max-width: 767px) {.tatsu-row > .tatsu-ryfCKiMJK.tatsu-column{width: 100%;}}<\/style><\/div><\/div><\/div><div class=\"tatsu-row-wrap  tatsu-wrap tatsu-row-has-five-cols tatsu-medium-gutter tatsu-reg-cols  tatsu-clearfix tatsu-B1grntnzJF\" ><div  class=\"tatsu-row\" ><div  class=\"tatsu-column  tatsu-bg-overlay tatsu-one-fifth tatsu-column-image-none tatsu-column-effect-none  tatsu-BJH3t3MkY\"  data-parallax-speed=\"0\" style=\"\"><div class=\"tatsu-column-inner\" ><div class=\"tatsu-column-pad-wrap\"><div class=\"tatsu-column-pad\" ><div  class=\"tatsu-single-image tatsu-module tatsu-image-lazyload tatsu-rkCceazkF\" ><div class=\"tatsu-single-image-inner\" style=\"width : 960px;\" ><div class = \"tatsu-single-image-padding-wrap\" style = \"padding-bottom : 125%;\" ><\/div><a class = \"mfp-image\" href = \"https:\/\/www.artagencja.pl\/wp-content\/uploads\/2026\/02\/Adrianna-Choina.jpg-1-13.jpg\" ><img class = \"tatsu-gradient-border\" alt = \"\" title = \"Adrianna Choina.jpg-1-13\" data-src = \"https:\/\/www.artagencja.pl\/wp-content\/uploads\/2026\/02\/Adrianna-Choina.jpg-1-13.jpg\" src =\"data:image\/png;base64,iVBORw0KGgoAAAANSUhEUgAAAAEAAAABCAQAAAC1HAwCAAAAC0lEQVR42mNkYAAAAAYAAjCB0C8AAAAASUVORK5CYII=\"  \/><\/a><\/div><style>.tatsu-rkCceazkF .tatsu-single-image-inner{border-style: solid;max-width: 100%;}.tatsu-rkCceazkF.tatsu-single-image{transform: translate3d(0px,0px, 0);}<\/style><\/div><\/div><\/div><div class = \"tatsu-column-bg-image-wrap\"><div class = \"tatsu-column-bg-image\" ><\/div><\/div><div class=\"tatsu-overlay tatsu-column-overlay tatsu-animate-none\" ><\/div><\/div><style>.tatsu-row > .tatsu-BJH3t3MkY.tatsu-column{width: 20%;}.tatsu-BJH3t3MkY.tatsu-column > .tatsu-column-inner > .tatsu-column-overlay{mix-blend-mode: normal;}.tatsu-BJH3t3MkY > .tatsu-column-inner > .tatsu-top-divider{z-index: 9999;}.tatsu-BJH3t3MkY > .tatsu-column-inner > .tatsu-bottom-divider{z-index: 9999;}.tatsu-BJH3t3MkY > .tatsu-column-inner > .tatsu-left-divider{z-index: 9999;}.tatsu-BJH3t3MkY > .tatsu-column-inner > .tatsu-right-divider{z-index: 9999;}@media only screen and (max-width:1377px) {.tatsu-row > .tatsu-BJH3t3MkY.tatsu-column{width: 20%;}}@media only screen and (min-width:768px) and (max-width: 1024px) {.tatsu-row > .tatsu-BJH3t3MkY.tatsu-column{width: 20%;}}@media only screen and (max-width: 767px) {.tatsu-row > .tatsu-BJH3t3MkY.tatsu-column{width: 100%;}}<\/style><\/div><div  class=\"tatsu-column  tatsu-bg-overlay tatsu-one-fifth tatsu-column-image-none tatsu-column-effect-none  tatsu-B1ejdxaGyF\"  data-parallax-speed=\"0\" style=\"\"><div class=\"tatsu-column-inner\" ><div class=\"tatsu-column-pad-wrap\"><div class=\"tatsu-column-pad\" ><div  class=\"tatsu-single-image tatsu-module tatsu-image-lazyload tatsu-BysoeTfJK\" ><div class=\"tatsu-single-image-inner\" style=\"width : 960px;\" ><div class = \"tatsu-single-image-padding-wrap\" style = \"padding-bottom : 125%;\" ><\/div><a class = \"mfp-image\" href = \"https:\/\/www.artagencja.pl\/wp-content\/uploads\/2026\/02\/Adrianna-Choina.jpg-1-18.jpg\" ><img class = \"tatsu-gradient-border\" alt = \"\" title = \"Adrianna Choina.jpg-1-18\" data-src = \"https:\/\/www.artagencja.pl\/wp-content\/uploads\/2026\/02\/Adrianna-Choina.jpg-1-18.jpg\" src =\"data:image\/png;base64,iVBORw0KGgoAAAANSUhEUgAAAAEAAAABCAQAAAC1HAwCAAAAC0lEQVR42mNkYAAAAAYAAjCB0C8AAAAASUVORK5CYII=\"  \/><\/a><\/div><style>.tatsu-BysoeTfJK .tatsu-single-image-inner{border-style: solid;max-width: 100%;}.tatsu-BysoeTfJK.tatsu-single-image{transform: translate3d(0px,0px, 0);}<\/style><\/div><\/div><\/div><div class = \"tatsu-column-bg-image-wrap\"><div class = \"tatsu-column-bg-image\" ><\/div><\/div><div class=\"tatsu-overlay tatsu-column-overlay tatsu-animate-none\" ><\/div><\/div><style>.tatsu-row > .tatsu-B1ejdxaGyF.tatsu-column{width: 20%;}.tatsu-B1ejdxaGyF.tatsu-column > .tatsu-column-inner > .tatsu-column-overlay{mix-blend-mode: normal;}.tatsu-B1ejdxaGyF > .tatsu-column-inner > .tatsu-top-divider{z-index: 9999;}.tatsu-B1ejdxaGyF > .tatsu-column-inner > .tatsu-bottom-divider{z-index: 9999;}.tatsu-B1ejdxaGyF > .tatsu-column-inner > .tatsu-left-divider{z-index: 9999;}.tatsu-B1ejdxaGyF > .tatsu-column-inner > .tatsu-right-divider{z-index: 9999;}@media only screen and (max-width:1377px) {.tatsu-row > .tatsu-B1ejdxaGyF.tatsu-column{width: 20%;}}@media only screen and (min-width:768px) and (max-width: 1024px) {.tatsu-row > .tatsu-B1ejdxaGyF.tatsu-column{width: 20%;}}@media only screen and (max-width: 767px) {.tatsu-row > .tatsu-B1ejdxaGyF.tatsu-column{width: 100%;}}<\/style><\/div><div  class=\"tatsu-column  tatsu-bg-overlay tatsu-one-fifth tatsu-column-image-none tatsu-column-effect-none  tatsu-H1biOgaf1K\"  data-parallax-speed=\"0\" style=\"\"><div class=\"tatsu-column-inner\" ><div class=\"tatsu-column-pad-wrap\"><div class=\"tatsu-column-pad\" ><div  class=\"tatsu-single-image tatsu-module tatsu-image-lazyload tatsu-rko2lpMJF\" ><div class=\"tatsu-single-image-inner\" style=\"width : 960px;\" ><div class = \"tatsu-single-image-padding-wrap\" style = \"padding-bottom : 125%;\" ><\/div><a class = \"mfp-image\" href = \"https:\/\/www.artagencja.pl\/wp-content\/uploads\/2026\/02\/Adrianna-Choina.jpg-1-3.jpg\" ><img class = \"tatsu-gradient-border\" alt = \"\" title = \"Adrianna Choina.jpg-1-3\" data-src = \"https:\/\/www.artagencja.pl\/wp-content\/uploads\/2026\/02\/Adrianna-Choina.jpg-1-3.jpg\" src =\"data:image\/png;base64,iVBORw0KGgoAAAANSUhEUgAAAAEAAAABCAQAAAC1HAwCAAAAC0lEQVR42mNkYAAAAAYAAjCB0C8AAAAASUVORK5CYII=\"  \/><\/a><\/div><style>.tatsu-rko2lpMJF .tatsu-single-image-inner{border-style: solid;max-width: 100%;}.tatsu-rko2lpMJF.tatsu-single-image{transform: translate3d(0px,0px, 0);}<\/style><\/div><div  class=\"tatsu-module tatsu-normal-button tatsu-button-wrap   tatsu-Hks9zjmlF\"><a class=\"tatsu-shortcode mediumbtn tatsu-button left-icon circular   bg-animation-none\" href=\"https:\/\/www.artagencja.pl\/en\/adrianna-choina-galeria\/\" style= \"\"  aria-label=\"MORE PHOTOS...\" data-gdpr-atts=\"{}\" >MORE PHOTOS...<\/a><style>.tatsu-Hks9zjmlF .tatsu-button{background-color: rgba(0,0,0,1);color: #ffffff ;}<\/style><\/div><\/div><\/div><div class = \"tatsu-column-bg-image-wrap\"><div class = \"tatsu-column-bg-image\" ><\/div><\/div><div class=\"tatsu-overlay tatsu-column-overlay tatsu-animate-none\" ><\/div><\/div><style>.tatsu-row > .tatsu-H1biOgaf1K.tatsu-column{width: 20%;}.tatsu-H1biOgaf1K.tatsu-column > .tatsu-column-inner > .tatsu-column-overlay{mix-blend-mode: normal;}.tatsu-H1biOgaf1K > .tatsu-column-inner > .tatsu-top-divider{z-index: 9999;}.tatsu-H1biOgaf1K > .tatsu-column-inner > .tatsu-bottom-divider{z-index: 9999;}.tatsu-H1biOgaf1K > .tatsu-column-inner > .tatsu-left-divider{z-index: 9999;}.tatsu-H1biOgaf1K > .tatsu-column-inner > .tatsu-right-divider{z-index: 9999;}@media only screen and (max-width:1377px) {.tatsu-row > .tatsu-H1biOgaf1K.tatsu-column{width: 20%;}}@media only screen and (min-width:768px) and (max-width: 1024px) {.tatsu-row > .tatsu-H1biOgaf1K.tatsu-column{width: 20%;}}@media only screen and (max-width: 767px) {.tatsu-row > .tatsu-H1biOgaf1K.tatsu-column{width: 100%;}}<\/style><\/div><div  class=\"tatsu-column  tatsu-bg-overlay tatsu-one-fifth tatsu-column-image-none tatsu-column-effect-none  tatsu-B1ziug6GJY\"  data-parallax-speed=\"0\" style=\"\"><div class=\"tatsu-column-inner\" ><div class=\"tatsu-column-pad-wrap\"><div class=\"tatsu-column-pad\" ><div  class=\"tatsu-single-image tatsu-module tatsu-image-lazyload tatsu-H1_CeafyK\" ><div class=\"tatsu-single-image-inner\" style=\"width : 960px;\" ><div class = \"tatsu-single-image-padding-wrap\" style = \"padding-bottom : 125%;\" ><\/div><a class = \"mfp-image\" href = \"https:\/\/www.artagencja.pl\/wp-content\/uploads\/2026\/02\/Adrianna-Choina.jpg-1-9a.jpg\" ><img class = \"tatsu-gradient-border\" alt = \"\" title = \"Adrianna Choina.jpg-1-9a\" data-src = \"https:\/\/www.artagencja.pl\/wp-content\/uploads\/2026\/02\/Adrianna-Choina.jpg-1-9a.jpg\" src =\"data:image\/png;base64,iVBORw0KGgoAAAANSUhEUgAAAAEAAAABCAQAAAC1HAwCAAAAC0lEQVR42mNkYAAAAAYAAjCB0C8AAAAASUVORK5CYII=\"  \/><\/a><\/div><style>.tatsu-H1_CeafyK .tatsu-single-image-inner{border-style: solid;max-width: 100%;}.tatsu-H1_CeafyK.tatsu-single-image{transform: translate3d(0px,0px, 0);}<\/style><\/div><\/div><\/div><div class = \"tatsu-column-bg-image-wrap\"><div class = \"tatsu-column-bg-image\" ><\/div><\/div><div class=\"tatsu-overlay tatsu-column-overlay tatsu-animate-none\" ><\/div><\/div><style>.tatsu-row > .tatsu-B1ziug6GJY.tatsu-column{width: 20%;}.tatsu-B1ziug6GJY.tatsu-column > .tatsu-column-inner > .tatsu-column-overlay{mix-blend-mode: normal;}.tatsu-B1ziug6GJY > .tatsu-column-inner > .tatsu-top-divider{z-index: 9999;}.tatsu-B1ziug6GJY > .tatsu-column-inner > .tatsu-bottom-divider{z-index: 9999;}.tatsu-B1ziug6GJY > .tatsu-column-inner > .tatsu-left-divider{z-index: 9999;}.tatsu-B1ziug6GJY > .tatsu-column-inner > .tatsu-right-divider{z-index: 9999;}@media only screen and (max-width:1377px) {.tatsu-row > .tatsu-B1ziug6GJY.tatsu-column{width: 20%;}}@media only screen and (min-width:768px) and (max-width: 1024px) {.tatsu-row > .tatsu-B1ziug6GJY.tatsu-column{width: 20%;}}@media only screen and (max-width: 767px) {.tatsu-row > .tatsu-B1ziug6GJY.tatsu-column{width: 100%;}}<\/style><\/div><div  class=\"tatsu-column  tatsu-bg-overlay tatsu-one-fifth tatsu-column-image-none tatsu-column-effect-none  tatsu-H1mi_xaM1t\"  data-parallax-speed=\"0\" style=\"\"><div class=\"tatsu-column-inner\" ><div class=\"tatsu-column-pad-wrap\"><div class=\"tatsu-column-pad\" ><div  class=\"tatsu-single-image tatsu-module tatsu-image-lazyload tatsu-S1wkbTMkt\" ><div class=\"tatsu-single-image-inner\" style=\"width : 960px;\" ><div class = \"tatsu-single-image-padding-wrap\" style = \"padding-bottom : 125%;\" ><\/div><a class = \"mfp-image\" href = \"https:\/\/www.artagencja.pl\/wp-content\/uploads\/2026\/02\/Adrianna-Choina.jpg-1-6.jpg\" ><img class = \"tatsu-gradient-border\" alt = \"\" title = \"Adrianna Choina.jpg-1-6\" data-src = \"https:\/\/www.artagencja.pl\/wp-content\/uploads\/2026\/02\/Adrianna-Choina.jpg-1-6.jpg\" src =\"data:image\/png;base64,iVBORw0KGgoAAAANSUhEUgAAAAEAAAABCAQAAAC1HAwCAAAAC0lEQVR42mNkYAAAAAYAAjCB0C8AAAAASUVORK5CYII=\"  \/><\/a><\/div><style>.tatsu-S1wkbTMkt .tatsu-single-image-inner{border-style: solid;max-width: 100%;}.tatsu-S1wkbTMkt.tatsu-single-image{transform: translate3d(0px,0px, 0);}<\/style><\/div><\/div><\/div><div class = \"tatsu-column-bg-image-wrap\"><div class = \"tatsu-column-bg-image\" ><\/div><\/div><div class=\"tatsu-overlay tatsu-column-overlay tatsu-animate-none\" ><\/div><\/div><style>.tatsu-row > .tatsu-H1mi_xaM1t.tatsu-column{width: 20%;}.tatsu-H1mi_xaM1t.tatsu-column > .tatsu-column-inner > .tatsu-column-overlay{mix-blend-mode: normal;}.tatsu-H1mi_xaM1t > .tatsu-column-inner > .tatsu-top-divider{z-index: 9999;}.tatsu-H1mi_xaM1t > .tatsu-column-inner > .tatsu-bottom-divider{z-index: 9999;}.tatsu-H1mi_xaM1t > .tatsu-column-inner > .tatsu-left-divider{z-index: 9999;}.tatsu-H1mi_xaM1t > .tatsu-column-inner > .tatsu-right-divider{z-index: 9999;}@media only screen and (max-width:1377px) {.tatsu-row > .tatsu-H1mi_xaM1t.tatsu-column{width: 20%;}}@media only screen and (min-width:768px) and (max-width: 1024px) {.tatsu-row > .tatsu-H1mi_xaM1t.tatsu-column{width: 20%;}}@media only screen and (max-width: 767px) {.tatsu-row > .tatsu-H1mi_xaM1t.tatsu-column{width: 100%;}}<\/style><\/div><\/div><\/div><\/div><div class=\"tatsu-section-background-wrap\"><div class = \"tatsu-section-background\" ><\/div><\/div><div class=\"tatsu-overlay tatsu-section-overlay\"><\/div><style>.tatsu-HJWlaKsG1K .tatsu-section-pad{padding: 20px 0px 0px 0px;}.tatsu-HJWlaKsG1K .tatsu-section-offset-wrap{transform: translateY(-0px);}.tatsu-HJWlaKsG1K > .tatsu-bottom-divider{z-index: 9999;}.tatsu-HJWlaKsG1K > .tatsu-top-divider{z-index: 9999;}.tatsu-HJWlaKsG1K .tatsu-section-overlay{mix-blend-mode: normal;}<\/style><\/div>","protected":false},"excerpt":{"rendered":"<p><a href=\"https:\/\/www.artagencja.pl\/en\/adrianna-choina-cv\/\" class=\"more-link style2-button\">Read More<\/a><\/p>","protected":false},"author":1,"featured_media":0,"parent":0,"menu_order":0,"comment_status":"closed","ping_status":"closed","template":"","meta":{"footnotes":""},"folder":[73],"class_list":["post-13939","page","type-page","status-publish","hentry"],"_links":{"self":[{"href":"https:\/\/www.artagencja.pl\/en\/wp-json\/wp\/v2\/pages\/13939","targetHints":{"allow":["GET"]}}],"collection":[{"href":"https:\/\/www.artagencja.pl\/en\/wp-json\/wp\/v2\/pages"}],"about":[{"href":"https:\/\/www.artagencja.pl\/en\/wp-json\/wp\/v2\/types\/page"}],"author":[{"embeddable":true,"href":"https:\/\/www.artagencja.pl\/en\/wp-json\/wp\/v2\/users\/1"}],"replies":[{"embeddable":true,"href":"https:\/\/www.artagencja.pl\/en\/wp-json\/wp\/v2\/comments?post=13939"}],"version-history":[{"count":10,"href":"https:\/\/www.artagencja.pl\/en\/wp-json\/wp\/v2\/pages\/13939\/revisions"}],"predecessor-version":[{"id":13973,"href":"https:\/\/www.artagencja.pl\/en\/wp-json\/wp\/v2\/pages\/13939\/revisions\/13973"}],"wp:attachment":[{"href":"https:\/\/www.artagencja.pl\/en\/wp-json\/wp\/v2\/media?parent=13939"}],"wp:term":[{"taxonomy":"folder","embeddable":true,"href":"https:\/\/www.artagencja.pl\/en\/wp-json\/wp\/v2\/folder?post=13939"}],"curies":[{"name":"wp","href":"https:\/\/api.w.org\/{rel}","templated":true}]}}