{"id":11730,"date":"2024-09-21T15:53:13","date_gmt":"2024-09-21T15:53:13","guid":{"rendered":"https:\/\/www.artagencja.pl\/?page_id=11730"},"modified":"2024-09-22T13:22:29","modified_gmt":"2024-09-22T13:22:29","slug":"julia-jaroszewska-cv","status":"publish","type":"page","link":"https:\/\/www.artagencja.pl\/en\/julia-jaroszewska-cv\/","title":{"rendered":"Julia Jaroszewska CV"},"content":{"rendered":"<div  class=\"tatsu-HJWlaKsG1K tatsu-section  tatsu-bg-overlay   tatsu-clearfix\" data-title=\"\"  data-headerscheme=\"background--dark\"><div class='tatsu-section-pad clearfix' data-padding='{\"d\":\"20px 0px 0px 0px\"}' data-padding-top='20px'><div class=\"tatsu-row-wrap  tatsu-wrap tatsu-row-has-two-cols tatsu-medium-gutter tatsu-reg-cols  tatsu-clearfix tatsu-SJxeaYiGJK\" ><div  class=\"tatsu-row\" ><div  class=\"tatsu-column  tatsu-bg-overlay tatsu-one-third tatsu-column-image-none tatsu-column-effect-none  tatsu-B1gGRtoMJK\"  data-parallax-speed=\"0\" style=\"\"><div class=\"tatsu-column-inner\" ><div class=\"tatsu-column-pad-wrap\"><div class=\"tatsu-column-pad\" ><div  class=\"tatsu-module tatsu-text-block-wrap tatsu-rynZ9pXxt\"><div class=\"tatsu-text-inner tatsu-align-center  clearfix\" ><style>.tatsu-rynZ9pXxt.tatsu-text-block-wrap .tatsu-text-inner{width: 100%;text-align: center;}.tatsu-rynZ9pXxt.tatsu-text-block-wrap{margin: 0px 0px 10px 0px;}<\/style>\n<h4>JULIA JAROSZEWSKA<\/h4>\n<\/div><\/div><div  class=\"tatsu-single-image tatsu-module tatsu-image-lazyload tatsu-rkTTX2z1Y\" ><div class=\"tatsu-single-image-inner\" style=\"width : 960px;\" ><div class = \"tatsu-single-image-padding-wrap\" style = \"padding-bottom : 125%;\" ><\/div><a class = \"mfp-image\" href = \"https:\/\/www.artagencja.pl\/wp-content\/uploads\/2024\/09\/Julia-Jaroszewska.jpg-1-65.jpg\" ><img class = \"tatsu-gradient-border\" alt = \"\" title = \"Julia Jaroszewska.jpg-1-65\" data-srcset = \"https:\/\/www.artagencja.pl\/wp-content\/uploads\/2024\/09\/Julia-Jaroszewska.jpg-1-65.jpg 960w, https:\/\/www.artagencja.pl\/wp-content\/uploads\/2024\/09\/Julia-Jaroszewska.jpg-1-65-280x350.jpg 280w, https:\/\/www.artagencja.pl\/wp-content\/uploads\/2024\/09\/Julia-Jaroszewska.jpg-1-65-819x1024.jpg 819w, https:\/\/www.artagencja.pl\/wp-content\/uploads\/2024\/09\/Julia-Jaroszewska.jpg-1-65-768x960.jpg 768w, https:\/\/www.artagencja.pl\/wp-content\/uploads\/2024\/09\/Julia-Jaroszewska.jpg-1-65-10x12.jpg 10w, https:\/\/www.artagencja.pl\/wp-content\/uploads\/2024\/09\/Julia-Jaroszewska.jpg-1-65-40x50.jpg 40w, https:\/\/www.artagencja.pl\/wp-content\/uploads\/2024\/09\/Julia-Jaroszewska.jpg-1-65-650x813.jpg 650w, https:\/\/www.artagencja.pl\/wp-content\/uploads\/2024\/09\/Julia-Jaroszewska.jpg-1-65-50x63.jpg 50w\" sizes = \"(max-width: 960px) 100vw, 960px\" src =\"data:image\/png;base64,iVBORw0KGgoAAAANSUhEUgAAAAEAAAABCAQAAAC1HAwCAAAAC0lEQVR42mNkYAAAAAYAAjCB0C8AAAAASUVORK5CYII=\"  \/><\/a><\/div><style>.tatsu-rkTTX2z1Y .tatsu-single-image-inner{border-style: solid;max-width: 100%;}.tatsu-rkTTX2z1Y.tatsu-single-image{transform: translate3d(0px,0px, 0);}<\/style><\/div><\/div><\/div><div class = \"tatsu-column-bg-image-wrap\"><div class = \"tatsu-column-bg-image\" ><\/div><\/div><div class=\"tatsu-overlay tatsu-column-overlay tatsu-animate-none\" ><\/div><\/div><style>.tatsu-row > .tatsu-B1gGRtoMJK.tatsu-column{width: 30%;}.tatsu-B1gGRtoMJK.tatsu-column > .tatsu-column-inner > .tatsu-column-overlay{mix-blend-mode: normal;}.tatsu-B1gGRtoMJK > .tatsu-column-inner > .tatsu-top-divider{z-index: 9999;}.tatsu-B1gGRtoMJK > .tatsu-column-inner > .tatsu-bottom-divider{z-index: 9999;}.tatsu-B1gGRtoMJK > .tatsu-column-inner > .tatsu-left-divider{z-index: 9999;}.tatsu-B1gGRtoMJK > .tatsu-column-inner > .tatsu-right-divider{z-index: 9999;}@media only screen and (max-width:1377px) {.tatsu-row > .tatsu-B1gGRtoMJK.tatsu-column{width: 33.33%;}}@media only screen and (min-width:768px) and (max-width: 1024px) {.tatsu-row > .tatsu-B1gGRtoMJK.tatsu-column{width: 33.33%;}}@media only screen and (max-width: 767px) {.tatsu-row > .tatsu-B1gGRtoMJK.tatsu-column{width: 100%;}}<\/style><\/div><div  class=\"tatsu-column  tatsu-bg-overlay tatsu-two-third tatsu-column-image-none tatsu-column-effect-none  tatsu-ryfCKiMJK\"  data-parallax-speed=\"0\" style=\"\"><div class=\"tatsu-column-inner\" ><div class=\"tatsu-column-pad-wrap\"><div class=\"tatsu-column-pad\" >\n<div  class=\"tatsu-HkZSfA6GJF tabs oshine-module\"  ><style>.tatsu-HkZSfA6GJF{padding: 2px 2px 2px 2px;}<\/style><ul class=\"clearfix be-tab-header\"><li><a id=\"tatsu-SkSGR6zJF\" class=\"\" href=\"#fragment-1-863606021\">Information<\/a>  <\/li>\n<li><a id=\"tatsu-r1ZQbRfJY\" class=\"\" href=\"#fragment-2-863606021\">Skills<\/a>  <\/li>\n<li><a id=\"tatsu-B1MgudCkF\" class=\"\" href=\"#fragment-3-863606021\">EXPERIENCE<\/a>  <\/li>\n<li><a id=\"tatsu-SyI9M0MyY\" class=\"\" href=\"#fragment-4-863606021\">ACTING ACHIEVEMENTS<\/a>  <\/li>\n<li><a id=\"tatsu-SkjyVh7lF\" class=\"\" href=\"#fragment-5-863606021\">SHOWREEL(S)<\/a>  <\/li><\/ul><div id=\"fragment-1-863606021\" class=\"clearfix be-tab-content\">\n<ul>\n<li>\n<h6><span style=\"font-size: 12pt;\">LOCATION: <strong>WARSAW<\/strong><\/span><\/h6>\n<\/li>\n<li>\n<h6><span style=\"font-size: 12pt;\">GROWTH: <strong>164 cm<\/strong><\/span><\/h6>\n<\/li>\n<li>\n<h6><span style=\"font-size: 12pt;\">EYE COLOR: <strong>BLUE-GREEN<\/strong><\/span><\/h6>\n<\/li>\n<li>\n<h6><span style=\"font-size: 12pt;\">HAIR COLOR: <strong>BLOND<\/strong><\/span><\/h6>\n<\/li>\n<\/ul>\n<\/div><div id=\"fragment-2-863606021\" class=\"clearfix be-tab-content\">\n<ul>\n<li>\n<h6><span style=\"font-size: 11pt;\">Knowledge of languages: <\/span><span style=\"font-size: 9pt;\">Polish (Mother tongue), English (American) - B2, English (British) - B2, French - basic<\/span><\/h6>\n<\/li>\n<li>\n<h6><span style=\"font-size: 11pt;\">Sports disciplines: <\/span><span style=\"font-size: 9pt;\">skiing, skating, rollerblading, cycling, acrobatics (basics), swimming, yoga, table tennis, volleyball, fencing<\/span><\/h6>\n<\/li>\n<li>\n<h6><span style=\"font-size: 11pt;\">Playing a musical instrument: <\/span><span style=\"font-size: 9pt;\">guitar, piano, harp, violin<\/span><\/h6>\n<\/li>\n<li>\n<h6><span style=\"font-size: 11pt;\">Dance: <\/span><span style=\"font-size: 9pt;\">contemporary, folk, ballet basics<\/span><\/h6>\n<\/li>\n<li>\n<h6><span style=\"font-size: 11pt;\">Other: <\/span><span style=\"font-size: 9pt;\">singing, musical coppositions<\/span><\/h6>\n<\/li>\n<li>\n<h6><span style=\"font-size: 11pt;\">DRIVING LICENSE CAT. B<\/span><\/h6>\n<\/li>\n<\/ul>\n<\/div><div id=\"fragment-3-863606021\" class=\"clearfix be-tab-content\">\n<p><span style=\"font-size: 11pt;\"><strong>Career path <\/strong><\/span><\/p>\n<ul>\n<li>Leon Schiller PWSFTviT in \u0141\u00f3d\u017a (3rd year)<\/li>\n<\/ul>\n<\/div><div id=\"fragment-4-863606021\" class=\"clearfix be-tab-content\">\n<p><span style=\"font-size: 10pt;\"><b>Movies<\/b><\/span><\/p>\n<ul>\n<li>2024 PLAMS, dir. by Yu-Sung Chang, Cast of actors<\/li>\n<li>2023 SZEPNIJ A PRZYJD\u0118, dir. by Maciej Herzog, Cast (Irmina)<\/li>\n<li>2023 CZEKAM, dir. by Emilia \u0141adak, Acting cast<\/li>\n<li>2023 THE WOJOWNICZKA, dir. by \u0141. Powaga, M. Rejent, Cast<\/li>\n<\/ul>\n<p><span style=\"font-size: 10pt;\"><b>Series<\/b><\/span><\/p>\n<ul>\n<li>2023 KREJZI PATROL, Acting cast, episode 8.<\/li>\n<li>2021 KOCHANE PIENI\u0104DZE, Cast (Dominika Kowalczyk)<\/li>\n<\/ul>\n<\/div><div id=\"fragment-5-863606021\" class=\"clearfix be-tab-content\">\n<p>About myself <iframe title=\"Julia Jaroszewska about herself\" width=\"1160\" height=\"653\" src=\"https:\/\/www.youtube.com\/embed\/hDn5Ba4zMPs?feature=oembed\" frameborder=\"0\" allow=\"accelerometer; autoplay; clipboard-write; encrypted-media; gyroscope; picture-in-picture; web-share\" referrerpolicy=\"strict-origin-when-cross-origin\" allowfullscreen><\/iframe><br \/>Showreel <iframe title=\"Julia Jaroszewska showreel\" width=\"1160\" height=\"653\" src=\"https:\/\/www.youtube.com\/embed\/2g6bqQkICqE?feature=oembed\" frameborder=\"0\" allow=\"accelerometer; autoplay; clipboard-write; encrypted-media; gyroscope; picture-in-picture; web-share\" referrerpolicy=\"strict-origin-when-cross-origin\" allowfullscreen><\/iframe><br \/>\"Well you know ....\" <iframe title=\"Julia Jaroszewska Gracjan Kosyl &quot;Well you know ....&quot;\" width=\"1160\" height=\"653\" src=\"https:\/\/www.youtube.com\/embed\/C_iD0A7NOmI?feature=oembed\" frameborder=\"0\" allow=\"accelerometer; autoplay; clipboard-write; encrypted-media; gyroscope; picture-in-picture; web-share\" referrerpolicy=\"strict-origin-when-cross-origin\" allowfullscreen><\/iframe><br \/>\"What's wrong with you ?\" <iframe title=\"Julia Jaroszewska Gracjan Kosyl &quot;What&#039;s wrong with you ?&quot;\" width=\"1160\" height=\"653\" src=\"https:\/\/www.youtube.com\/embed\/E17Sb9cdgCs?feature=oembed\" frameborder=\"0\" allow=\"accelerometer; autoplay; clipboard-write; encrypted-media; gyroscope; picture-in-picture; web-share\" referrerpolicy=\"strict-origin-when-cross-origin\" allowfullscreen><\/iframe><br \/>\"This far\" <iframe title=\"Julia Jaroszewska &quot;So far away&quot;\" width=\"1160\" height=\"653\" src=\"https:\/\/www.youtube.com\/embed\/7MeHpAgh_l8?feature=oembed\" frameborder=\"0\" allow=\"accelerometer; autoplay; clipboard-write; encrypted-media; gyroscope; picture-in-picture; web-share\" referrerpolicy=\"strict-origin-when-cross-origin\" allowfullscreen><\/iframe><br \/>\"Faces\" <iframe title=\"Julia Jaroszewska musically\" width=\"1160\" height=\"653\" src=\"https:\/\/www.youtube.com\/embed\/vZXFYlkbmNw?feature=oembed\" frameborder=\"0\" allow=\"accelerometer; autoplay; clipboard-write; encrypted-media; gyroscope; picture-in-picture; web-share\" referrerpolicy=\"strict-origin-when-cross-origin\" allowfullscreen><\/iframe><br \/>Business card <iframe title=\"Julia Jaroszewska business card\" width=\"1160\" height=\"653\" src=\"https:\/\/www.youtube.com\/embed\/fD0ou0l8opg?feature=oembed\" frameborder=\"0\" allow=\"accelerometer; autoplay; clipboard-write; encrypted-media; gyroscope; picture-in-picture; web-share\" referrerpolicy=\"strict-origin-when-cross-origin\" allowfullscreen><\/iframe><\/p>\n<\/div><\/div>\n<\/div><\/div><div class = \"tatsu-column-bg-image-wrap\"><div class = \"tatsu-column-bg-image\" ><\/div><\/div><div class=\"tatsu-overlay tatsu-column-overlay tatsu-animate-none\" ><\/div><\/div><style>.tatsu-row > .tatsu-ryfCKiMJK.tatsu-column{width: 70%;}.tatsu-ryfCKiMJK.tatsu-column > .tatsu-column-inner > .tatsu-column-overlay{mix-blend-mode: normal;}.tatsu-ryfCKiMJK > .tatsu-column-inner > .tatsu-top-divider{z-index: 9999;}.tatsu-ryfCKiMJK > .tatsu-column-inner > .tatsu-bottom-divider{z-index: 9999;}.tatsu-ryfCKiMJK > .tatsu-column-inner > .tatsu-left-divider{z-index: 9999;}.tatsu-ryfCKiMJK > .tatsu-column-inner > .tatsu-right-divider{z-index: 9999;}@media only screen and (max-width:1377px) {.tatsu-row > .tatsu-ryfCKiMJK.tatsu-column{width: 66.67%;}}@media only screen and (min-width:768px) and (max-width: 1024px) {.tatsu-row > .tatsu-ryfCKiMJK.tatsu-column{width: 66.67%;}}@media only screen and (max-width: 767px) {.tatsu-row > .tatsu-ryfCKiMJK.tatsu-column{width: 100%;}}<\/style><\/div><\/div><\/div><div class=\"tatsu-row-wrap  tatsu-wrap tatsu-row-has-five-cols tatsu-medium-gutter tatsu-reg-cols  tatsu-clearfix tatsu-B1grntnzJF\" ><div  class=\"tatsu-row\" ><div  class=\"tatsu-column  tatsu-bg-overlay tatsu-one-fifth tatsu-column-image-none tatsu-column-effect-none  tatsu-BJH3t3MkY\"  data-parallax-speed=\"0\" style=\"\"><div class=\"tatsu-column-inner\" ><div class=\"tatsu-column-pad-wrap\"><div class=\"tatsu-column-pad\" ><div  class=\"tatsu-single-image tatsu-module tatsu-image-lazyload tatsu-rkCceazkF\" ><div class=\"tatsu-single-image-inner\" style=\"width : 960px;\" ><div class = \"tatsu-single-image-padding-wrap\" style = \"padding-bottom : 125%;\" ><\/div><a class = \"mfp-image\" href = \"https:\/\/www.artagencja.pl\/wp-content\/uploads\/2024\/09\/Julia-Jaroszewska.jpg-1-41.jpg\" ><img class = \"tatsu-gradient-border\" alt = \"\" title = \"Julia Jaroszewska.jpg-1-41\" data-src = \"https:\/\/www.artagencja.pl\/wp-content\/uploads\/2024\/09\/Julia-Jaroszewska.jpg-1-41.jpg\" src =\"data:image\/png;base64,iVBORw0KGgoAAAANSUhEUgAAAAEAAAABCAQAAAC1HAwCAAAAC0lEQVR42mNkYAAAAAYAAjCB0C8AAAAASUVORK5CYII=\"  \/><\/a><\/div><style>.tatsu-rkCceazkF .tatsu-single-image-inner{border-style: solid;max-width: 100%;}.tatsu-rkCceazkF.tatsu-single-image{transform: translate3d(0px,0px, 0);}<\/style><\/div><\/div><\/div><div class = \"tatsu-column-bg-image-wrap\"><div class = \"tatsu-column-bg-image\" ><\/div><\/div><div class=\"tatsu-overlay tatsu-column-overlay tatsu-animate-none\" ><\/div><\/div><style>.tatsu-row > .tatsu-BJH3t3MkY.tatsu-column{width: 20%;}.tatsu-BJH3t3MkY.tatsu-column > .tatsu-column-inner > .tatsu-column-overlay{mix-blend-mode: normal;}.tatsu-BJH3t3MkY > .tatsu-column-inner > .tatsu-top-divider{z-index: 9999;}.tatsu-BJH3t3MkY > .tatsu-column-inner > .tatsu-bottom-divider{z-index: 9999;}.tatsu-BJH3t3MkY > .tatsu-column-inner > .tatsu-left-divider{z-index: 9999;}.tatsu-BJH3t3MkY > .tatsu-column-inner > .tatsu-right-divider{z-index: 9999;}@media only screen and (max-width:1377px) {.tatsu-row > .tatsu-BJH3t3MkY.tatsu-column{width: 20%;}}@media only screen and (min-width:768px) and (max-width: 1024px) {.tatsu-row > .tatsu-BJH3t3MkY.tatsu-column{width: 20%;}}@media only screen and (max-width: 767px) {.tatsu-row > .tatsu-BJH3t3MkY.tatsu-column{width: 100%;}}<\/style><\/div><div  class=\"tatsu-column  tatsu-bg-overlay tatsu-one-fifth tatsu-column-image-none tatsu-column-effect-none  tatsu-B1ejdxaGyF\"  data-parallax-speed=\"0\" style=\"\"><div class=\"tatsu-column-inner\" ><div class=\"tatsu-column-pad-wrap\"><div class=\"tatsu-column-pad\" ><div  class=\"tatsu-single-image tatsu-module tatsu-image-lazyload tatsu-BysoeTfJK\" ><div class=\"tatsu-single-image-inner\" style=\"width : 960px;\" ><div class = \"tatsu-single-image-padding-wrap\" style = \"padding-bottom : 125%;\" ><\/div><a class = \"mfp-image\" href = \"https:\/\/www.artagencja.pl\/wp-content\/uploads\/2024\/09\/Julia-Jaroszewska.jpg-1-75.jpg\" ><img class = \"tatsu-gradient-border\" alt = \"\" title = \"Julia Jaroszewska.jpg-1-75\" data-src = \"https:\/\/www.artagencja.pl\/wp-content\/uploads\/2024\/09\/Julia-Jaroszewska.jpg-1-75.jpg\" src =\"data:image\/png;base64,iVBORw0KGgoAAAANSUhEUgAAAAEAAAABCAQAAAC1HAwCAAAAC0lEQVR42mNkYAAAAAYAAjCB0C8AAAAASUVORK5CYII=\"  \/><\/a><\/div><style>.tatsu-BysoeTfJK .tatsu-single-image-inner{border-style: solid;max-width: 100%;}.tatsu-BysoeTfJK.tatsu-single-image{transform: translate3d(0px,0px, 0);}<\/style><\/div><\/div><\/div><div class = \"tatsu-column-bg-image-wrap\"><div class = \"tatsu-column-bg-image\" ><\/div><\/div><div class=\"tatsu-overlay tatsu-column-overlay tatsu-animate-none\" ><\/div><\/div><style>.tatsu-row > .tatsu-B1ejdxaGyF.tatsu-column{width: 20%;}.tatsu-B1ejdxaGyF.tatsu-column > .tatsu-column-inner > .tatsu-column-overlay{mix-blend-mode: normal;}.tatsu-B1ejdxaGyF > .tatsu-column-inner > .tatsu-top-divider{z-index: 9999;}.tatsu-B1ejdxaGyF > .tatsu-column-inner > .tatsu-bottom-divider{z-index: 9999;}.tatsu-B1ejdxaGyF > .tatsu-column-inner > .tatsu-left-divider{z-index: 9999;}.tatsu-B1ejdxaGyF > .tatsu-column-inner > .tatsu-right-divider{z-index: 9999;}@media only screen and (max-width:1377px) {.tatsu-row > .tatsu-B1ejdxaGyF.tatsu-column{width: 20%;}}@media only screen and (min-width:768px) and (max-width: 1024px) {.tatsu-row > .tatsu-B1ejdxaGyF.tatsu-column{width: 20%;}}@media only screen and (max-width: 767px) {.tatsu-row > .tatsu-B1ejdxaGyF.tatsu-column{width: 100%;}}<\/style><\/div><div  class=\"tatsu-column  tatsu-bg-overlay tatsu-one-fifth tatsu-column-image-none tatsu-column-effect-none  tatsu-H1biOgaf1K\"  data-parallax-speed=\"0\" style=\"\"><div class=\"tatsu-column-inner\" ><div class=\"tatsu-column-pad-wrap\"><div class=\"tatsu-column-pad\" ><div  class=\"tatsu-single-image tatsu-module tatsu-image-lazyload tatsu-rko2lpMJF\" ><div class=\"tatsu-single-image-inner\" style=\"width : 960px;\" ><div class = \"tatsu-single-image-padding-wrap\" style = \"padding-bottom : 125%;\" ><\/div><a class = \"mfp-image\" href = \"https:\/\/www.artagencja.pl\/wp-content\/uploads\/2024\/09\/Julia-Jaroszewska.jpg-1-71.jpg\" ><img class = \"tatsu-gradient-border\" alt = \"\" title = \"Julia Jaroszewska.jpg-1-71\" data-src = \"https:\/\/www.artagencja.pl\/wp-content\/uploads\/2024\/09\/Julia-Jaroszewska.jpg-1-71.jpg\" src =\"data:image\/png;base64,iVBORw0KGgoAAAANSUhEUgAAAAEAAAABCAQAAAC1HAwCAAAAC0lEQVR42mNkYAAAAAYAAjCB0C8AAAAASUVORK5CYII=\"  \/><\/a><\/div><style>.tatsu-rko2lpMJF .tatsu-single-image-inner{border-style: solid;max-width: 100%;}.tatsu-rko2lpMJF.tatsu-single-image{transform: translate3d(0px,0px, 0);}<\/style><\/div><div  class=\"tatsu-module tatsu-normal-button tatsu-button-wrap   tatsu-Hks9zjmlF\"><a class=\"tatsu-shortcode mediumbtn tatsu-button left-icon circular   bg-animation-none\" href=\"https:\/\/www.artagencja.pl\/en\/julia-jaroszewska-galeria\/\" style= \"\"  aria-label=\"MORE PHOTOS...\" data-gdpr-atts=\"{}\" >MORE PHOTOS...<\/a><style>.tatsu-Hks9zjmlF .tatsu-button{background-color: rgba(0,0,0,1);color: #ffffff ;}<\/style><\/div><\/div><\/div><div class = \"tatsu-column-bg-image-wrap\"><div class = \"tatsu-column-bg-image\" ><\/div><\/div><div class=\"tatsu-overlay tatsu-column-overlay tatsu-animate-none\" ><\/div><\/div><style>.tatsu-row > .tatsu-H1biOgaf1K.tatsu-column{width: 20%;}.tatsu-H1biOgaf1K.tatsu-column > .tatsu-column-inner > .tatsu-column-overlay{mix-blend-mode: normal;}.tatsu-H1biOgaf1K > .tatsu-column-inner > .tatsu-top-divider{z-index: 9999;}.tatsu-H1biOgaf1K > .tatsu-column-inner > .tatsu-bottom-divider{z-index: 9999;}.tatsu-H1biOgaf1K > .tatsu-column-inner > .tatsu-left-divider{z-index: 9999;}.tatsu-H1biOgaf1K > .tatsu-column-inner > .tatsu-right-divider{z-index: 9999;}@media only screen and (max-width:1377px) {.tatsu-row > .tatsu-H1biOgaf1K.tatsu-column{width: 20%;}}@media only screen and (min-width:768px) and (max-width: 1024px) {.tatsu-row > .tatsu-H1biOgaf1K.tatsu-column{width: 20%;}}@media only screen and (max-width: 767px) {.tatsu-row > .tatsu-H1biOgaf1K.tatsu-column{width: 100%;}}<\/style><\/div><div  class=\"tatsu-column  tatsu-bg-overlay tatsu-one-fifth tatsu-column-image-none tatsu-column-effect-none  tatsu-B1ziug6GJY\"  data-parallax-speed=\"0\" style=\"\"><div class=\"tatsu-column-inner\" ><div class=\"tatsu-column-pad-wrap\"><div class=\"tatsu-column-pad\" ><div  class=\"tatsu-single-image tatsu-module tatsu-image-lazyload tatsu-H1_CeafyK\" ><div class=\"tatsu-single-image-inner\" style=\"width : 960px;\" ><div class = \"tatsu-single-image-padding-wrap\" style = \"padding-bottom : 125%;\" ><\/div><a class = \"mfp-image\" href = \"https:\/\/www.artagencja.pl\/wp-content\/uploads\/2024\/09\/Julia-Jaroszewska.jpg-1-58.jpg\" ><img class = \"tatsu-gradient-border\" alt = \"\" title = \"Julia Jaroszewska.jpg-1-58\" data-src = \"https:\/\/www.artagencja.pl\/wp-content\/uploads\/2024\/09\/Julia-Jaroszewska.jpg-1-58.jpg\" src =\"data:image\/png;base64,iVBORw0KGgoAAAANSUhEUgAAAAEAAAABCAQAAAC1HAwCAAAAC0lEQVR42mNkYAAAAAYAAjCB0C8AAAAASUVORK5CYII=\"  \/><\/a><\/div><style>.tatsu-H1_CeafyK .tatsu-single-image-inner{border-style: solid;max-width: 100%;}.tatsu-H1_CeafyK.tatsu-single-image{transform: translate3d(0px,0px, 0);}<\/style><\/div><\/div><\/div><div class = \"tatsu-column-bg-image-wrap\"><div class = \"tatsu-column-bg-image\" ><\/div><\/div><div class=\"tatsu-overlay tatsu-column-overlay tatsu-animate-none\" ><\/div><\/div><style>.tatsu-row > .tatsu-B1ziug6GJY.tatsu-column{width: 20%;}.tatsu-B1ziug6GJY.tatsu-column > .tatsu-column-inner > .tatsu-column-overlay{mix-blend-mode: normal;}.tatsu-B1ziug6GJY > .tatsu-column-inner > .tatsu-top-divider{z-index: 9999;}.tatsu-B1ziug6GJY > .tatsu-column-inner > .tatsu-bottom-divider{z-index: 9999;}.tatsu-B1ziug6GJY > .tatsu-column-inner > .tatsu-left-divider{z-index: 9999;}.tatsu-B1ziug6GJY > .tatsu-column-inner > .tatsu-right-divider{z-index: 9999;}@media only screen and (max-width:1377px) {.tatsu-row > .tatsu-B1ziug6GJY.tatsu-column{width: 20%;}}@media only screen and (min-width:768px) and (max-width: 1024px) {.tatsu-row > .tatsu-B1ziug6GJY.tatsu-column{width: 20%;}}@media only screen and (max-width: 767px) {.tatsu-row > .tatsu-B1ziug6GJY.tatsu-column{width: 100%;}}<\/style><\/div><div  class=\"tatsu-column  tatsu-bg-overlay tatsu-one-fifth tatsu-column-image-none tatsu-column-effect-none  tatsu-H1mi_xaM1t\"  data-parallax-speed=\"0\" style=\"\"><div class=\"tatsu-column-inner\" ><div class=\"tatsu-column-pad-wrap\"><div class=\"tatsu-column-pad\" ><div  class=\"tatsu-single-image tatsu-module tatsu-image-lazyload tatsu-S1wkbTMkt\" ><div class=\"tatsu-single-image-inner\" style=\"width : 960px;\" ><div class = \"tatsu-single-image-padding-wrap\" style = \"padding-bottom : 125%;\" ><\/div><a class = \"mfp-image\" href = \"https:\/\/www.artagencja.pl\/wp-content\/uploads\/2024\/09\/Julia-Jaroszewska.jpg-1-57.jpg\" ><img class = \"tatsu-gradient-border\" alt = \"\" title = \"Julia Jaroszewska.jpg-1-57\" data-src = \"https:\/\/www.artagencja.pl\/wp-content\/uploads\/2024\/09\/Julia-Jaroszewska.jpg-1-57.jpg\" src =\"data:image\/png;base64,iVBORw0KGgoAAAANSUhEUgAAAAEAAAABCAQAAAC1HAwCAAAAC0lEQVR42mNkYAAAAAYAAjCB0C8AAAAASUVORK5CYII=\"  \/><\/a><\/div><style>.tatsu-S1wkbTMkt .tatsu-single-image-inner{border-style: solid;max-width: 100%;}.tatsu-S1wkbTMkt.tatsu-single-image{transform: translate3d(0px,0px, 0);}<\/style><\/div><\/div><\/div><div class = \"tatsu-column-bg-image-wrap\"><div class = \"tatsu-column-bg-image\" ><\/div><\/div><div class=\"tatsu-overlay tatsu-column-overlay tatsu-animate-none\" ><\/div><\/div><style>.tatsu-row > .tatsu-H1mi_xaM1t.tatsu-column{width: 20%;}.tatsu-H1mi_xaM1t.tatsu-column > .tatsu-column-inner > .tatsu-column-overlay{mix-blend-mode: normal;}.tatsu-H1mi_xaM1t > .tatsu-column-inner > .tatsu-top-divider{z-index: 9999;}.tatsu-H1mi_xaM1t > .tatsu-column-inner > .tatsu-bottom-divider{z-index: 9999;}.tatsu-H1mi_xaM1t > .tatsu-column-inner > .tatsu-left-divider{z-index: 9999;}.tatsu-H1mi_xaM1t > .tatsu-column-inner > .tatsu-right-divider{z-index: 9999;}@media only screen and (max-width:1377px) {.tatsu-row > .tatsu-H1mi_xaM1t.tatsu-column{width: 20%;}}@media only screen and (min-width:768px) and (max-width: 1024px) {.tatsu-row > .tatsu-H1mi_xaM1t.tatsu-column{width: 20%;}}@media only screen and (max-width: 767px) {.tatsu-row > .tatsu-H1mi_xaM1t.tatsu-column{width: 100%;}}<\/style><\/div><\/div><\/div><\/div><div class=\"tatsu-section-background-wrap\"><div class = \"tatsu-section-background\" ><\/div><\/div><div class=\"tatsu-overlay tatsu-section-overlay\"><\/div><style>.tatsu-HJWlaKsG1K .tatsu-section-pad{padding: 20px 0px 0px 0px;}.tatsu-HJWlaKsG1K .tatsu-section-offset-wrap{transform: translateY(-0px);}.tatsu-HJWlaKsG1K > .tatsu-bottom-divider{z-index: 9999;}.tatsu-HJWlaKsG1K > .tatsu-top-divider{z-index: 9999;}.tatsu-HJWlaKsG1K .tatsu-section-overlay{mix-blend-mode: normal;}<\/style><\/div>","protected":false},"excerpt":{"rendered":"<p><a href=\"https:\/\/www.artagencja.pl\/en\/julia-jaroszewska-cv\/\" class=\"more-link style2-button\">Read More<\/a><\/p>","protected":false},"author":1,"featured_media":0,"parent":0,"menu_order":0,"comment_status":"closed","ping_status":"closed","template":"","meta":{"footnotes":""},"folder":[73],"class_list":["post-11730","page","type-page","status-publish","hentry"],"_links":{"self":[{"href":"https:\/\/www.artagencja.pl\/en\/wp-json\/wp\/v2\/pages\/11730","targetHints":{"allow":["GET"]}}],"collection":[{"href":"https:\/\/www.artagencja.pl\/en\/wp-json\/wp\/v2\/pages"}],"about":[{"href":"https:\/\/www.artagencja.pl\/en\/wp-json\/wp\/v2\/types\/page"}],"author":[{"embeddable":true,"href":"https:\/\/www.artagencja.pl\/en\/wp-json\/wp\/v2\/users\/1"}],"replies":[{"embeddable":true,"href":"https:\/\/www.artagencja.pl\/en\/wp-json\/wp\/v2\/comments?post=11730"}],"version-history":[{"count":13,"href":"https:\/\/www.artagencja.pl\/en\/wp-json\/wp\/v2\/pages\/11730\/revisions"}],"predecessor-version":[{"id":11757,"href":"https:\/\/www.artagencja.pl\/en\/wp-json\/wp\/v2\/pages\/11730\/revisions\/11757"}],"wp:attachment":[{"href":"https:\/\/www.artagencja.pl\/en\/wp-json\/wp\/v2\/media?parent=11730"}],"wp:term":[{"taxonomy":"folder","embeddable":true,"href":"https:\/\/www.artagencja.pl\/en\/wp-json\/wp\/v2\/folder?post=11730"}],"curies":[{"name":"wp","href":"https:\/\/api.w.org\/{rel}","templated":true}]}}