{"id":9915,"date":"2023-06-16T16:10:22","date_gmt":"2023-06-16T16:10:22","guid":{"rendered":"https:\/\/www.artagencja.pl\/?page_id=9915"},"modified":"2023-06-16T19:39:00","modified_gmt":"2023-06-16T19:39:00","slug":"alina-ponomarenko-cv","status":"publish","type":"page","link":"https:\/\/www.artagencja.pl\/de\/alina-ponomarenko-cv\/","title":{"rendered":"Alina Ponomarenko CV"},"content":{"rendered":"<div  class=\"tatsu-HJWlaKsG1K tatsu-section  tatsu-bg-overlay   tatsu-clearfix\" data-title=\"\"  data-headerscheme=\"background--dark\"><div class='tatsu-section-pad clearfix' data-padding='{\"d\":\"20px 0px 0px 0px\"}' data-padding-top='20px'><div class=\"tatsu-row-wrap  tatsu-wrap tatsu-row-has-two-cols tatsu-medium-gutter tatsu-reg-cols  tatsu-clearfix tatsu-SJxeaYiGJK\" ><div  class=\"tatsu-row\" ><div  class=\"tatsu-column  tatsu-bg-overlay tatsu-one-third tatsu-column-image-none tatsu-column-effect-none  tatsu-B1gGRtoMJK\"  data-parallax-speed=\"0\" style=\"\"><div class=\"tatsu-column-inner\" ><div class=\"tatsu-column-pad-wrap\"><div class=\"tatsu-column-pad\" ><div  class=\"tatsu-module tatsu-text-block-wrap tatsu-rynZ9pXxt\"><div class=\"tatsu-text-inner tatsu-align-center  clearfix\" ><style>.tatsu-rynZ9pXxt.tatsu-text-block-wrap .tatsu-text-inner{width: 100%;text-align: center;}.tatsu-rynZ9pXxt.tatsu-text-block-wrap{margin: 0px 0px 10px 0px;}<\/style>\n<h4>ALINA PONOMARENKO<\/h4>\n<\/div><\/div><div  class=\"tatsu-single-image tatsu-module tatsu-image-lazyload tatsu-rkTTX2z1Y\" ><div class=\"tatsu-single-image-inner\" style=\"width : 960px;\" ><div class = \"tatsu-single-image-padding-wrap\" style = \"padding-bottom : 125%;\" ><\/div><img class = \"tatsu-gradient-border\" alt = \"\" title = \"Alina Pomarenko.jpg-1-6c\" data-srcset = \"https:\/\/www.artagencja.pl\/wp-content\/uploads\/2023\/06\/Alina-Pomarenko.jpg-1-6c.jpg 960w, https:\/\/www.artagencja.pl\/wp-content\/uploads\/2023\/06\/Alina-Pomarenko.jpg-1-6c-280x350.jpg 280w, https:\/\/www.artagencja.pl\/wp-content\/uploads\/2023\/06\/Alina-Pomarenko.jpg-1-6c-819x1024.jpg 819w, https:\/\/www.artagencja.pl\/wp-content\/uploads\/2023\/06\/Alina-Pomarenko.jpg-1-6c-768x960.jpg 768w, https:\/\/www.artagencja.pl\/wp-content\/uploads\/2023\/06\/Alina-Pomarenko.jpg-1-6c-10x12.jpg 10w, https:\/\/www.artagencja.pl\/wp-content\/uploads\/2023\/06\/Alina-Pomarenko.jpg-1-6c-40x50.jpg 40w, https:\/\/www.artagencja.pl\/wp-content\/uploads\/2023\/06\/Alina-Pomarenko.jpg-1-6c-650x813.jpg 650w, https:\/\/www.artagencja.pl\/wp-content\/uploads\/2023\/06\/Alina-Pomarenko.jpg-1-6c-50x63.jpg 50w\" sizes = \"(max-width: 960px) 100vw, 960px\" src =\"data:image\/png;base64,iVBORw0KGgoAAAANSUhEUgAAAAEAAAABCAQAAAC1HAwCAAAAC0lEQVR42mNkYAAAAAYAAjCB0C8AAAAASUVORK5CYII=\"  \/><\/div><style>.tatsu-rkTTX2z1Y .tatsu-single-image-inner{border-style: solid;max-width: 100%;}.tatsu-rkTTX2z1Y.tatsu-single-image{transform: translate3d(0px,0px, 0);}<\/style><\/div><\/div><\/div><div class = \"tatsu-column-bg-image-wrap\"><div class = \"tatsu-column-bg-image\" ><\/div><\/div><div class=\"tatsu-overlay tatsu-column-overlay tatsu-animate-none\" ><\/div><\/div><style>.tatsu-row > .tatsu-B1gGRtoMJK.tatsu-column{width: 30%;}.tatsu-B1gGRtoMJK.tatsu-column > .tatsu-column-inner > .tatsu-column-overlay{mix-blend-mode: normal;}.tatsu-B1gGRtoMJK > .tatsu-column-inner > .tatsu-top-divider{z-index: 9999;}.tatsu-B1gGRtoMJK > .tatsu-column-inner > .tatsu-bottom-divider{z-index: 9999;}.tatsu-B1gGRtoMJK > .tatsu-column-inner > .tatsu-left-divider{z-index: 9999;}.tatsu-B1gGRtoMJK > .tatsu-column-inner > .tatsu-right-divider{z-index: 9999;}@media only screen and (max-width:1377px) {.tatsu-row > .tatsu-B1gGRtoMJK.tatsu-column{width: 33.33%;}}@media only screen and (min-width:768px) and (max-width: 1024px) {.tatsu-row > .tatsu-B1gGRtoMJK.tatsu-column{width: 33.33%;}}@media only screen and (max-width: 767px) {.tatsu-row > .tatsu-B1gGRtoMJK.tatsu-column{width: 100%;}}<\/style><\/div><div  class=\"tatsu-column  tatsu-bg-overlay tatsu-two-third tatsu-column-image-none tatsu-column-effect-none  tatsu-ryfCKiMJK\"  data-parallax-speed=\"0\" style=\"\"><div class=\"tatsu-column-inner\" ><div class=\"tatsu-column-pad-wrap\"><div class=\"tatsu-column-pad\" >\n<div  class=\"tatsu-HkZSfA6GJF tabs oshine-module\"  ><style>.tatsu-HkZSfA6GJF{padding: 2px 2px 2px 2px;}<\/style><ul class=\"clearfix be-tab-header\"><li><a id=\"tatsu-SkSGR6zJF\" class=\"\" href=\"#fragment-1-1875439326\">INFORMATIONEN<\/a>  <\/li>\n<li><a id=\"tatsu-r1ZQbRfJY\" class=\"\" href=\"#fragment-2-1875439326\">SKILLS<\/a>  <\/li>\n<li><a id=\"tatsu-B1MgudCkF\" class=\"\" href=\"#fragment-3-1875439326\">BILDUNG<\/a>  <\/li>\n<li><a id=\"tatsu-SyI9M0MyY\" class=\"\" href=\"#fragment-4-1875439326\">FILMOGRAPHIE<\/a>  <\/li>\n<li><a id=\"tatsu-By0572QgK\" class=\"\" href=\"#fragment-5-1875439326\">THEATER<\/a>  <\/li>\n<li><a id=\"tatsu-HkN0mhXxF\" class=\"\" href=\"#fragment-6-1875439326\">PROJEKTE<\/a>  <\/li>\n<li><a id=\"tatsu-SkjyVh7lF\" class=\"\" href=\"#fragment-7-1875439326\">SHOWREEL(S)<\/a>  <\/li><\/ul><div id=\"fragment-1-1875439326\" class=\"clearfix be-tab-content\">\n<ul>\n<li>\n<h6><span style=\"font-size: 12pt;\">STANDORT: <strong>KRAKOW<\/strong><\/span><\/h6>\n<\/li>\n<li>\n<h6><span style=\"font-size: 12pt;\">WACHSTUM: <strong>166cm<\/strong><\/span><\/h6>\n<\/li>\n<li>\n<h6><span style=\"font-size: 12pt;\">AUGENFARBE: <strong>grau-braun<\/strong><\/span><\/h6>\n<\/li>\n<li>\n<h6><span style=\"font-size: 12pt;\">HAARFARBE: <strong>Goldblondine<\/strong><\/span><\/h6>\n<\/li>\n<\/ul>\n<\/div><div id=\"fragment-2-1875439326\" class=\"clearfix be-tab-content\">\n<ul>\n<li>\n<h6><span style=\"font-size: 12pt;\">Sprachkenntnisse: <\/span><span style=\"font-size: 9pt;\"><br \/>Ukrainisch (Muttersprache),<br \/>Russisch (Muttersprache),<br \/>Polnisch - kommunikativ,<br \/>Englisch (Britisch) - kommunikativ,<br \/><\/span><\/h6>\n<\/li>\n<li>\n<h6><span style=\"font-size: 12pt;\">KUNST, MALEREI<\/span><\/h6>\n<\/li>\n<li>\n<h6><span style=\"font-size: 12pt;\">TANZ: <\/span><span style=\"font-size: 9pt;\"> FERSENTANZ (2,5 JAHRE),<\/span><\/h6>\n<\/li>\n<li>\n<h6><span style=\"font-size: 12pt;\">BOXEN (3 JAHRE)<\/span><\/h6>\n<\/li>\n<li>\n<h6><span style=\"font-size: 12pt;\">VOCAL<\/span><\/h6>\n<\/li>\n<\/ul>\n<\/div><div id=\"fragment-3-1875439326\" class=\"clearfix be-tab-content\">\n<ul>\n<li>\n<h6><span style=\"font-size: 12pt;\">2022 SCHAUSPIELKURS \"SCHAUSPIEL IM THEATER UND KINO\" CH. KHAMATOVA \"LEKTIONEN DER LEGENDEN\"<\/span><\/h6>\n<\/li>\n<li>\n<h6><span style=\"font-size: 12pt;\">2021 CHUBBAK-SCHAUSPIELTECHNIKKURS, LEITUNG A. SHAPOVALOVA<\/span><\/h6>\n<\/li>\n<li>\n<h6><span style=\"font-size: 12pt;\">2020 WORKSHOP \"ARCHETYPEN DER SCHAUSPIELEREI\" ANBIETER A. KOSTJUKOWA<\/span><\/h6>\n<\/li>\n<li>\n<h6><span style=\"font-size: 12pt;\">WORKSHOP 2019 \"ARBEITEN VOR DER KAMERA\" - LEITUNG O. HRYBOK<\/span><\/h6>\n<\/li>\n<li>\n<h6><span style=\"font-size: 12pt;\">2019 PSYCHOLOGIE F\u00dcR DEN SCHAUSPIELER, MODERATOR D. CHORNA<\/span><\/h6>\n<\/li>\n<li>\n<h6><span style=\"font-size: 12pt;\">2019 SCHAUSPIELERAUSBILDUNG LEITENDER S. ILLINGSORT (UNABH\u00c4NGIGER REGISSEUR NEW YORK SCHOOL OF THE ARTS)<\/span><\/h6>\n<\/li>\n<li>\n<h6><span style=\"font-size: 12pt;\">2018 FILMSCHULE \"ACT YOUR LIFE\" INTENSIVKURS \"SCHAUSPIELERISCHES CASTING\" LEITENDER CASTING MANAGER A. SOMOILENKO, PSYCHOLOGIN D. CHORNA<\/span><\/h6>\n<\/li>\n<li>\n<h6><span style=\"font-size: 12pt;\">2018 WORKSHOP \"HOLLYWOOD VON INNEN\" DIR. L. LEVYTSKYI<\/span><\/h6>\n<\/li>\n<li>\n<h6><span style=\"font-size: 12pt;\">2018 FILM SCHAUSPIELER MANAGEMENT F\u00dcHREND O. HRYBOK<\/span><\/h6>\n<\/li>\n<li>\n<h6><span style=\"font-size: 12pt;\">2013-2014 KONTAKTIMPROVISATION KURSLEITUNG I. FOLKOVA<\/span><\/h6>\n<\/li>\n<li>\n<h6><span style=\"font-size: 12pt;\">2013-2017 KHARKOV UNIVERSIT\u00c4T DER K\u00dcNSTE IM. I.P. KOTLYAREVKY, ABTEILUNG F\u00dcR PUPPENTHEATER<\/span><\/h6>\n<\/li>\n<li>\n<h6><span style=\"font-size: 12pt;\">2011-2013 SCHAUSPIELSCHULE \"MUSEION\", PO\u0141TAVA, LEITENDE N. HNITII <\/span><\/h6>\n<\/li>\n<\/ul>\n<\/div><div id=\"fragment-4-1875439326\" class=\"clearfix be-tab-content\">\n<p><b>Filme<\/b><\/p>\n<ul>\n<li>2020 - Mutter der Apostel, Regie Z. Buadze, Besetzung, Rolle Valentina (Frau des Soldaten)<\/li>\n<\/ul>\n<\/div><div id=\"fragment-5-1875439326\" class=\"clearfix be-tab-content\">\n<ul>\n<li>\"Schatten der unvergesslichen Vorfahren\" Theaterst\u00fcck unter der Regie von N. Tsymbal, Rolle: Maritschka<\/li>\n<li>\"So starb Guska\" Theaterst\u00fcck, Regie: O. Dimitrieva, Rolle: Sekleta<\/li>\n<li>Theaterst\u00fcck \"Vasilyna\", Regie: O. Dimitrieva, Rolle: Mutter<\/li>\n<li>\"Die Schneek\u00f6nigin\", Theaterst\u00fcck nach Andersen, Regie: O. Dimitrieva, Rolle: Sirene<\/li>\n<\/ul>\n<\/div><div id=\"fragment-6-1875439326\" class=\"clearfix be-tab-content\">\n<ul>\n<li>2019-2022 - SCHAUSPIELLEHRER BEI DER MODELLAGENTUR \"MARGO\", PO\u0141TAVA (UKRAINE)<\/li>\n<li>2020-2022 - GR\u00dcNDERIN UND MODERATORIN DES KURSES \"SAY AND GO - ARBEITEN VOR DER KAMERA\".<\/li>\n<li>2022 APRIL - JULI - LEITUNG VON SCHAUSPIELKURSEN F\u00dcR JUNGE MENSCHEN, ST\u00c4DTISCHES KULTURZENTRUM, OPOLE<\/li>\n<\/ul>\n<\/div><div id=\"fragment-7-1875439326\" class=\"clearfix be-tab-content\">\n<p>SZENE AUF POLNISCH<iframe title=\"B\u00fchne Alina Ponomarenko DE\" width=\"1160\" height=\"653\" src=\"https:\/\/www.youtube.com\/embed\/wokKET3dpUc?feature=oembed\" frameborder=\"0\" allow=\"accelerometer; autoplay; clipboard-write; encrypted-media; gyroscope; picture-in-picture; web-share\" allowfullscreen><\/iframe> SZENE AUF UKRAINISCH<iframe title=\"Alina Ponomarenko Szene auf Ukrainisch\" width=\"1160\" height=\"653\" src=\"https:\/\/www.youtube.com\/embed\/sTMTenmfKs8?feature=oembed\" frameborder=\"0\" allow=\"accelerometer; autoplay; clipboard-write; encrypted-media; gyroscope; picture-in-picture; web-share\" allowfullscreen><\/iframe> BESUCHEN SIE<iframe title=\"Alina Ponomarenko - Personalausweis\" width=\"1160\" height=\"653\" src=\"https:\/\/www.youtube.com\/embed\/IN3V4p5Z53Y?feature=oembed\" frameborder=\"0\" allow=\"accelerometer; autoplay; clipboard-write; encrypted-media; gyroscope; picture-in-picture; web-share\" allowfullscreen><\/iframe><\/p>\n<\/div><\/div>\n<\/div><\/div><div class = \"tatsu-column-bg-image-wrap\"><div class = \"tatsu-column-bg-image\" ><\/div><\/div><div class=\"tatsu-overlay tatsu-column-overlay tatsu-animate-none\" ><\/div><\/div><style>.tatsu-row > .tatsu-ryfCKiMJK.tatsu-column{width: 70%;}.tatsu-ryfCKiMJK.tatsu-column > .tatsu-column-inner > .tatsu-column-overlay{mix-blend-mode: normal;}.tatsu-ryfCKiMJK > .tatsu-column-inner > .tatsu-top-divider{z-index: 9999;}.tatsu-ryfCKiMJK > .tatsu-column-inner > .tatsu-bottom-divider{z-index: 9999;}.tatsu-ryfCKiMJK > .tatsu-column-inner > .tatsu-left-divider{z-index: 9999;}.tatsu-ryfCKiMJK > .tatsu-column-inner > .tatsu-right-divider{z-index: 9999;}@media only screen and (max-width:1377px) {.tatsu-row > .tatsu-ryfCKiMJK.tatsu-column{width: 66.67%;}}@media only screen and (min-width:768px) and (max-width: 1024px) {.tatsu-row > .tatsu-ryfCKiMJK.tatsu-column{width: 66.67%;}}@media only screen and (max-width: 767px) {.tatsu-row > .tatsu-ryfCKiMJK.tatsu-column{width: 100%;}}<\/style><\/div><\/div><\/div><div class=\"tatsu-row-wrap  tatsu-wrap tatsu-row-has-five-cols tatsu-medium-gutter tatsu-reg-cols  tatsu-clearfix tatsu-B1grntnzJF\" ><div  class=\"tatsu-row\" ><div  class=\"tatsu-column  tatsu-bg-overlay tatsu-one-fifth tatsu-column-image-none tatsu-column-effect-none  tatsu-BJH3t3MkY\"  data-parallax-speed=\"0\" style=\"\"><div class=\"tatsu-column-inner\" ><div class=\"tatsu-column-pad-wrap\"><div class=\"tatsu-column-pad\" ><div  class=\"tatsu-single-image tatsu-module tatsu-image-lazyload tatsu-rkCceazkF\" ><div class=\"tatsu-single-image-inner\" style=\"width : 960px;\" ><div class = \"tatsu-single-image-padding-wrap\" style = \"padding-bottom : 125%;\" ><\/div><a class = \"mfp-image\" href = \"https:\/\/www.artagencja.pl\/wp-content\/uploads\/2023\/06\/Alina-Pomarenko.jpg-1-4.jpg\" ><img class = \"tatsu-gradient-border\" alt = \"\" title = \"Alina Pomarenko.jpg-1-4\" data-src = \"https:\/\/www.artagencja.pl\/wp-content\/uploads\/2023\/06\/Alina-Pomarenko.jpg-1-4.jpg\" src =\"data:image\/png;base64,iVBORw0KGgoAAAANSUhEUgAAAAEAAAABCAQAAAC1HAwCAAAAC0lEQVR42mNkYAAAAAYAAjCB0C8AAAAASUVORK5CYII=\"  \/><\/a><\/div><style>.tatsu-rkCceazkF .tatsu-single-image-inner{border-style: solid;max-width: 100%;}.tatsu-rkCceazkF.tatsu-single-image{transform: translate3d(0px,0px, 0);}<\/style><\/div><\/div><\/div><div class = \"tatsu-column-bg-image-wrap\"><div class = \"tatsu-column-bg-image\" ><\/div><\/div><div class=\"tatsu-overlay tatsu-column-overlay tatsu-animate-none\" ><\/div><\/div><style>.tatsu-row > .tatsu-BJH3t3MkY.tatsu-column{width: 20%;}.tatsu-BJH3t3MkY.tatsu-column > .tatsu-column-inner > .tatsu-column-overlay{mix-blend-mode: normal;}.tatsu-BJH3t3MkY > .tatsu-column-inner > .tatsu-top-divider{z-index: 9999;}.tatsu-BJH3t3MkY > .tatsu-column-inner > .tatsu-bottom-divider{z-index: 9999;}.tatsu-BJH3t3MkY > .tatsu-column-inner > .tatsu-left-divider{z-index: 9999;}.tatsu-BJH3t3MkY > .tatsu-column-inner > .tatsu-right-divider{z-index: 9999;}@media only screen and (max-width:1377px) {.tatsu-row > .tatsu-BJH3t3MkY.tatsu-column{width: 20%;}}@media only screen and (min-width:768px) and (max-width: 1024px) {.tatsu-row > .tatsu-BJH3t3MkY.tatsu-column{width: 20%;}}@media only screen and (max-width: 767px) {.tatsu-row > .tatsu-BJH3t3MkY.tatsu-column{width: 100%;}}<\/style><\/div><div  class=\"tatsu-column  tatsu-bg-overlay tatsu-one-fifth tatsu-column-image-none tatsu-column-effect-none  tatsu-B1ejdxaGyF\"  data-parallax-speed=\"0\" style=\"\"><div class=\"tatsu-column-inner\" ><div class=\"tatsu-column-pad-wrap\"><div class=\"tatsu-column-pad\" ><div  class=\"tatsu-single-image tatsu-module tatsu-image-lazyload tatsu-BysoeTfJK\" ><div class=\"tatsu-single-image-inner\" style=\"width : 960px;\" ><div class = \"tatsu-single-image-padding-wrap\" style = \"padding-bottom : 125%;\" ><\/div><a class = \"mfp-image\" href = \"https:\/\/www.artagencja.pl\/wp-content\/uploads\/2023\/06\/Alina-Pomarenko.jpg-1-4c.jpg\" ><img class = \"tatsu-gradient-border\" alt = \"\" title = \"Alina Pomarenko.jpg-1-4c\" data-src = \"https:\/\/www.artagencja.pl\/wp-content\/uploads\/2023\/06\/Alina-Pomarenko.jpg-1-4c.jpg\" src =\"data:image\/png;base64,iVBORw0KGgoAAAANSUhEUgAAAAEAAAABCAQAAAC1HAwCAAAAC0lEQVR42mNkYAAAAAYAAjCB0C8AAAAASUVORK5CYII=\"  \/><\/a><\/div><style>.tatsu-BysoeTfJK .tatsu-single-image-inner{border-style: solid;max-width: 100%;}.tatsu-BysoeTfJK.tatsu-single-image{transform: translate3d(0px,0px, 0);}<\/style><\/div><\/div><\/div><div class = \"tatsu-column-bg-image-wrap\"><div class = \"tatsu-column-bg-image\" ><\/div><\/div><div class=\"tatsu-overlay tatsu-column-overlay tatsu-animate-none\" ><\/div><\/div><style>.tatsu-row > .tatsu-B1ejdxaGyF.tatsu-column{width: 20%;}.tatsu-B1ejdxaGyF.tatsu-column > .tatsu-column-inner > .tatsu-column-overlay{mix-blend-mode: normal;}.tatsu-B1ejdxaGyF > .tatsu-column-inner > .tatsu-top-divider{z-index: 9999;}.tatsu-B1ejdxaGyF > .tatsu-column-inner > .tatsu-bottom-divider{z-index: 9999;}.tatsu-B1ejdxaGyF > .tatsu-column-inner > .tatsu-left-divider{z-index: 9999;}.tatsu-B1ejdxaGyF > .tatsu-column-inner > .tatsu-right-divider{z-index: 9999;}@media only screen and (max-width:1377px) {.tatsu-row > .tatsu-B1ejdxaGyF.tatsu-column{width: 20%;}}@media only screen and (min-width:768px) and (max-width: 1024px) {.tatsu-row > .tatsu-B1ejdxaGyF.tatsu-column{width: 20%;}}@media only screen and (max-width: 767px) {.tatsu-row > .tatsu-B1ejdxaGyF.tatsu-column{width: 100%;}}<\/style><\/div><div  class=\"tatsu-column  tatsu-bg-overlay tatsu-one-fifth tatsu-column-image-none tatsu-column-effect-none  tatsu-H1biOgaf1K\"  data-parallax-speed=\"0\" style=\"\"><div class=\"tatsu-column-inner\" ><div class=\"tatsu-column-pad-wrap\"><div class=\"tatsu-column-pad\" ><div  class=\"tatsu-single-image tatsu-module tatsu-image-lazyload tatsu-rko2lpMJF\" ><div class=\"tatsu-single-image-inner\" style=\"width : 960px;\" ><div class = \"tatsu-single-image-padding-wrap\" style = \"padding-bottom : 125%;\" ><\/div><a class = \"mfp-image\" href = \"https:\/\/www.artagencja.pl\/wp-content\/uploads\/2023\/06\/Alina-Pomarenko.jpg-1-3.jpg\" ><img class = \"tatsu-gradient-border\" alt = \"\" title = \"Alina Pomarenko.jpg-1-3\" data-src = \"https:\/\/www.artagencja.pl\/wp-content\/uploads\/2023\/06\/Alina-Pomarenko.jpg-1-3.jpg\" src =\"data:image\/png;base64,iVBORw0KGgoAAAANSUhEUgAAAAEAAAABCAQAAAC1HAwCAAAAC0lEQVR42mNkYAAAAAYAAjCB0C8AAAAASUVORK5CYII=\"  \/><\/a><\/div><style>.tatsu-rko2lpMJF .tatsu-single-image-inner{border-style: solid;max-width: 100%;}.tatsu-rko2lpMJF.tatsu-single-image{transform: translate3d(0px,0px, 0);}<\/style><\/div><div  class=\"tatsu-module tatsu-normal-button tatsu-button-wrap   tatsu-Hks9zjmlF\"><a class=\"tatsu-shortcode mediumbtn tatsu-button left-icon circular   bg-animation-none\" href=\"https:\/\/www.artagencja.pl\/de\/alina-ponomarenko-galeria\/\" style= \"\"  aria-label=\"MEHR FOTOS...\" data-gdpr-atts=\"{}\" >MEHR FOTOS...<\/a><style>.tatsu-Hks9zjmlF .tatsu-button{background-color: rgba(0,0,0,1);color: #ffffff ;}<\/style><\/div><\/div><\/div><div class = \"tatsu-column-bg-image-wrap\"><div class = \"tatsu-column-bg-image\" ><\/div><\/div><div class=\"tatsu-overlay tatsu-column-overlay tatsu-animate-none\" ><\/div><\/div><style>.tatsu-row > .tatsu-H1biOgaf1K.tatsu-column{width: 20%;}.tatsu-H1biOgaf1K.tatsu-column > .tatsu-column-inner > .tatsu-column-overlay{mix-blend-mode: normal;}.tatsu-H1biOgaf1K > .tatsu-column-inner > .tatsu-top-divider{z-index: 9999;}.tatsu-H1biOgaf1K > .tatsu-column-inner > .tatsu-bottom-divider{z-index: 9999;}.tatsu-H1biOgaf1K > .tatsu-column-inner > .tatsu-left-divider{z-index: 9999;}.tatsu-H1biOgaf1K > .tatsu-column-inner > .tatsu-right-divider{z-index: 9999;}@media only screen and (max-width:1377px) {.tatsu-row > .tatsu-H1biOgaf1K.tatsu-column{width: 20%;}}@media only screen and (min-width:768px) and (max-width: 1024px) {.tatsu-row > .tatsu-H1biOgaf1K.tatsu-column{width: 20%;}}@media only screen and (max-width: 767px) {.tatsu-row > .tatsu-H1biOgaf1K.tatsu-column{width: 100%;}}<\/style><\/div><div  class=\"tatsu-column  tatsu-bg-overlay tatsu-one-fifth tatsu-column-image-none tatsu-column-effect-none  tatsu-B1ziug6GJY\"  data-parallax-speed=\"0\" style=\"\"><div class=\"tatsu-column-inner\" ><div class=\"tatsu-column-pad-wrap\"><div class=\"tatsu-column-pad\" ><div  class=\"tatsu-single-image tatsu-module tatsu-image-lazyload tatsu-H1_CeafyK\" ><div class=\"tatsu-single-image-inner\" style=\"width : 960px;\" ><div class = \"tatsu-single-image-padding-wrap\" style = \"padding-bottom : 125%;\" ><\/div><a class = \"mfp-image\" href = \"https:\/\/www.artagencja.pl\/wp-content\/uploads\/2023\/06\/Alina-Pomarenko.jpg-1-7.jpg\" ><img class = \"tatsu-gradient-border\" alt = \"\" title = \"Alina Pomarenko.jpg-1-7\" data-src = \"https:\/\/www.artagencja.pl\/wp-content\/uploads\/2023\/06\/Alina-Pomarenko.jpg-1-7.jpg\" src =\"data:image\/png;base64,iVBORw0KGgoAAAANSUhEUgAAAAEAAAABCAQAAAC1HAwCAAAAC0lEQVR42mNkYAAAAAYAAjCB0C8AAAAASUVORK5CYII=\"  \/><\/a><\/div><style>.tatsu-H1_CeafyK .tatsu-single-image-inner{border-style: solid;max-width: 100%;}.tatsu-H1_CeafyK.tatsu-single-image{transform: translate3d(0px,0px, 0);}<\/style><\/div><\/div><\/div><div class = \"tatsu-column-bg-image-wrap\"><div class = \"tatsu-column-bg-image\" ><\/div><\/div><div class=\"tatsu-overlay tatsu-column-overlay tatsu-animate-none\" ><\/div><\/div><style>.tatsu-row > .tatsu-B1ziug6GJY.tatsu-column{width: 20%;}.tatsu-B1ziug6GJY.tatsu-column > .tatsu-column-inner > .tatsu-column-overlay{mix-blend-mode: normal;}.tatsu-B1ziug6GJY > .tatsu-column-inner > .tatsu-top-divider{z-index: 9999;}.tatsu-B1ziug6GJY > .tatsu-column-inner > .tatsu-bottom-divider{z-index: 9999;}.tatsu-B1ziug6GJY > .tatsu-column-inner > .tatsu-left-divider{z-index: 9999;}.tatsu-B1ziug6GJY > .tatsu-column-inner > .tatsu-right-divider{z-index: 9999;}@media only screen and (max-width:1377px) {.tatsu-row > .tatsu-B1ziug6GJY.tatsu-column{width: 20%;}}@media only screen and (min-width:768px) and (max-width: 1024px) {.tatsu-row > .tatsu-B1ziug6GJY.tatsu-column{width: 20%;}}@media only screen and (max-width: 767px) {.tatsu-row > .tatsu-B1ziug6GJY.tatsu-column{width: 100%;}}<\/style><\/div><div  class=\"tatsu-column  tatsu-bg-overlay tatsu-one-fifth tatsu-column-image-none tatsu-column-effect-none  tatsu-H1mi_xaM1t\"  data-parallax-speed=\"0\" style=\"\"><div class=\"tatsu-column-inner\" ><div class=\"tatsu-column-pad-wrap\"><div class=\"tatsu-column-pad\" ><div  class=\"tatsu-single-image tatsu-module tatsu-image-lazyload tatsu-S1wkbTMkt\" ><div class=\"tatsu-single-image-inner\" style=\"width : 960px;\" ><div class = \"tatsu-single-image-padding-wrap\" style = \"padding-bottom : 125%;\" ><\/div><a class = \"mfp-image\" href = \"https:\/\/www.artagencja.pl\/wp-content\/uploads\/2023\/06\/Alina-Pomarenko.jpg-1-22.jpg\" ><img class = \"tatsu-gradient-border\" alt = \"\" title = \"Alina Pomarenko.jpg-1-22\" data-src = \"https:\/\/www.artagencja.pl\/wp-content\/uploads\/2023\/06\/Alina-Pomarenko.jpg-1-22.jpg\" src =\"data:image\/png;base64,iVBORw0KGgoAAAANSUhEUgAAAAEAAAABCAQAAAC1HAwCAAAAC0lEQVR42mNkYAAAAAYAAjCB0C8AAAAASUVORK5CYII=\"  \/><\/a><\/div><style>.tatsu-S1wkbTMkt .tatsu-single-image-inner{border-style: solid;max-width: 100%;}.tatsu-S1wkbTMkt.tatsu-single-image{transform: translate3d(0px,0px, 0);}<\/style><\/div><\/div><\/div><div class = \"tatsu-column-bg-image-wrap\"><div class = \"tatsu-column-bg-image\" ><\/div><\/div><div class=\"tatsu-overlay tatsu-column-overlay tatsu-animate-none\" ><\/div><\/div><style>.tatsu-row > .tatsu-H1mi_xaM1t.tatsu-column{width: 20%;}.tatsu-H1mi_xaM1t.tatsu-column > .tatsu-column-inner > .tatsu-column-overlay{mix-blend-mode: normal;}.tatsu-H1mi_xaM1t > .tatsu-column-inner > .tatsu-top-divider{z-index: 9999;}.tatsu-H1mi_xaM1t > .tatsu-column-inner > .tatsu-bottom-divider{z-index: 9999;}.tatsu-H1mi_xaM1t > .tatsu-column-inner > .tatsu-left-divider{z-index: 9999;}.tatsu-H1mi_xaM1t > .tatsu-column-inner > .tatsu-right-divider{z-index: 9999;}@media only screen and (max-width:1377px) {.tatsu-row > .tatsu-H1mi_xaM1t.tatsu-column{width: 20%;}}@media only screen and (min-width:768px) and (max-width: 1024px) {.tatsu-row > .tatsu-H1mi_xaM1t.tatsu-column{width: 20%;}}@media only screen and (max-width: 767px) {.tatsu-row > .tatsu-H1mi_xaM1t.tatsu-column{width: 100%;}}<\/style><\/div><\/div><\/div><\/div><div class=\"tatsu-section-background-wrap\"><div class = \"tatsu-section-background\" ><\/div><\/div><div class=\"tatsu-overlay tatsu-section-overlay\"><\/div><style>.tatsu-HJWlaKsG1K .tatsu-section-pad{padding: 20px 0px 0px 0px;}.tatsu-HJWlaKsG1K .tatsu-section-offset-wrap{transform: translateY(-0px);}.tatsu-HJWlaKsG1K > .tatsu-bottom-divider{z-index: 9999;}.tatsu-HJWlaKsG1K > .tatsu-top-divider{z-index: 9999;}.tatsu-HJWlaKsG1K .tatsu-section-overlay{mix-blend-mode: normal;}<\/style><\/div>","protected":false},"excerpt":{"rendered":"<p><a href=\"https:\/\/www.artagencja.pl\/de\/alina-ponomarenko-cv\/\" class=\"more-link style2-button\">Weiterlesen<\/a><\/p>","protected":false},"author":1,"featured_media":0,"parent":0,"menu_order":0,"comment_status":"closed","ping_status":"closed","template":"","meta":{"footnotes":""},"folder":[73],"class_list":["post-9915","page","type-page","status-publish","hentry"],"_links":{"self":[{"href":"https:\/\/www.artagencja.pl\/de\/wp-json\/wp\/v2\/pages\/9915","targetHints":{"allow":["GET"]}}],"collection":[{"href":"https:\/\/www.artagencja.pl\/de\/wp-json\/wp\/v2\/pages"}],"about":[{"href":"https:\/\/www.artagencja.pl\/de\/wp-json\/wp\/v2\/types\/page"}],"author":[{"embeddable":true,"href":"https:\/\/www.artagencja.pl\/de\/wp-json\/wp\/v2\/users\/1"}],"replies":[{"embeddable":true,"href":"https:\/\/www.artagencja.pl\/de\/wp-json\/wp\/v2\/comments?post=9915"}],"version-history":[{"count":11,"href":"https:\/\/www.artagencja.pl\/de\/wp-json\/wp\/v2\/pages\/9915\/revisions"}],"predecessor-version":[{"id":9950,"href":"https:\/\/www.artagencja.pl\/de\/wp-json\/wp\/v2\/pages\/9915\/revisions\/9950"}],"wp:attachment":[{"href":"https:\/\/www.artagencja.pl\/de\/wp-json\/wp\/v2\/media?parent=9915"}],"wp:term":[{"taxonomy":"folder","embeddable":true,"href":"https:\/\/www.artagencja.pl\/de\/wp-json\/wp\/v2\/folder?post=9915"}],"curies":[{"name":"wp","href":"https:\/\/api.w.org\/{rel}","templated":true}]}}