{"id":6754,"date":"2022-03-14T10:05:10","date_gmt":"2022-03-14T10:05:10","guid":{"rendered":"https:\/\/www.artagencja.pl\/?page_id=6754"},"modified":"2025-07-18T14:28:44","modified_gmt":"2025-07-18T14:28:44","slug":"gracjan-kosyl-cv","status":"publish","type":"page","link":"https:\/\/www.artagencja.pl\/de\/gracjan-kosyl-cv\/","title":{"rendered":"Gracjan Kosyl CV"},"content":{"rendered":"<div  class=\"tatsu-HJWlaKsG1K tatsu-section  tatsu-bg-overlay   tatsu-clearfix\" data-title=\"\"  data-headerscheme=\"background--dark\"><div class='tatsu-section-pad clearfix' data-padding='{\"d\":\"20px 0px 0px 0px\"}' data-padding-top='20px'><div class=\"tatsu-row-wrap  tatsu-wrap tatsu-row-has-two-cols tatsu-medium-gutter tatsu-reg-cols  tatsu-clearfix tatsu-SJxeaYiGJK\" ><div  class=\"tatsu-row\" ><div  class=\"tatsu-column  tatsu-bg-overlay tatsu-one-third tatsu-column-image-none tatsu-column-effect-none  tatsu-B1gGRtoMJK\"  data-parallax-speed=\"0\" style=\"\"><div class=\"tatsu-column-inner\" ><div class=\"tatsu-column-pad-wrap\"><div class=\"tatsu-column-pad\" ><div  class=\"tatsu-module tatsu-text-block-wrap tatsu-rynZ9pXxt\"><div class=\"tatsu-text-inner tatsu-align-center  clearfix\" ><style>.tatsu-rynZ9pXxt.tatsu-text-block-wrap .tatsu-text-inner{width: 100%;text-align: center;}.tatsu-rynZ9pXxt.tatsu-text-block-wrap{margin: 0px 0px 10px 0px;}<\/style>\n<h4>GRACJAN KOSYL<\/h4>\n<\/div><\/div><div  class=\"tatsu-single-image tatsu-module tatsu-image-lazyload tatsu-rkTTX2z1Y\" ><div class=\"tatsu-single-image-inner\" style=\"width : 960px;\" ><div class = \"tatsu-single-image-padding-wrap\" style = \"padding-bottom : 80%;\" ><\/div><a class = \"mfp-image\" href = \"https:\/\/www.artagencja.pl\/wp-content\/uploads\/2025\/07\/Gracjan-Kosyl-06.2025.jpg-1-22.jpg\" ><img class = \"tatsu-gradient-border\" alt = \"\" title = \"Gracjan Kosyl 06.2025.jpg-1-22\" data-srcset = \"https:\/\/www.artagencja.pl\/wp-content\/uploads\/2025\/07\/Gracjan-Kosyl-06.2025.jpg-1-22.jpg 960w, https:\/\/www.artagencja.pl\/wp-content\/uploads\/2025\/07\/Gracjan-Kosyl-06.2025.jpg-1-22-350x280.jpg 350w, https:\/\/www.artagencja.pl\/wp-content\/uploads\/2025\/07\/Gracjan-Kosyl-06.2025.jpg-1-22-768x614.jpg 768w, https:\/\/www.artagencja.pl\/wp-content\/uploads\/2025\/07\/Gracjan-Kosyl-06.2025.jpg-1-22-15x12.jpg 15w, https:\/\/www.artagencja.pl\/wp-content\/uploads\/2025\/07\/Gracjan-Kosyl-06.2025.jpg-1-22-63x50.jpg 63w, https:\/\/www.artagencja.pl\/wp-content\/uploads\/2025\/07\/Gracjan-Kosyl-06.2025.jpg-1-22-650x520.jpg 650w, https:\/\/www.artagencja.pl\/wp-content\/uploads\/2025\/07\/Gracjan-Kosyl-06.2025.jpg-1-22-50x40.jpg 50w\" sizes = \"(max-width: 960px) 100vw, 960px\" src =\"data:image\/png;base64,iVBORw0KGgoAAAANSUhEUgAAAAEAAAABCAQAAAC1HAwCAAAAC0lEQVR42mNkYAAAAAYAAjCB0C8AAAAASUVORK5CYII=\"  \/><\/a><\/div><style>.tatsu-rkTTX2z1Y .tatsu-single-image-inner{border-style: solid;max-width: 100%;}.tatsu-rkTTX2z1Y.tatsu-single-image{transform: translate3d(0px,0px, 0);}<\/style><\/div><\/div><\/div><div class = \"tatsu-column-bg-image-wrap\"><div class = \"tatsu-column-bg-image\" ><\/div><\/div><div class=\"tatsu-overlay tatsu-column-overlay tatsu-animate-none\" ><\/div><\/div><style>.tatsu-row > .tatsu-B1gGRtoMJK.tatsu-column{width: 30%;}.tatsu-B1gGRtoMJK.tatsu-column > .tatsu-column-inner > .tatsu-column-overlay{mix-blend-mode: normal;}.tatsu-B1gGRtoMJK > .tatsu-column-inner > .tatsu-top-divider{z-index: 9999;}.tatsu-B1gGRtoMJK > .tatsu-column-inner > .tatsu-bottom-divider{z-index: 9999;}.tatsu-B1gGRtoMJK > .tatsu-column-inner > .tatsu-left-divider{z-index: 9999;}.tatsu-B1gGRtoMJK > .tatsu-column-inner > .tatsu-right-divider{z-index: 9999;}@media only screen and (max-width:1377px) {.tatsu-row > .tatsu-B1gGRtoMJK.tatsu-column{width: 33.33%;}}@media only screen and (min-width:768px) and (max-width: 1024px) {.tatsu-row > .tatsu-B1gGRtoMJK.tatsu-column{width: 33.33%;}}@media only screen and (max-width: 767px) {.tatsu-row > .tatsu-B1gGRtoMJK.tatsu-column{width: 100%;}}<\/style><\/div><div  class=\"tatsu-column  tatsu-bg-overlay tatsu-two-third tatsu-column-image-none tatsu-column-effect-none  tatsu-ryfCKiMJK\"  data-parallax-speed=\"0\" style=\"\"><div class=\"tatsu-column-inner\" ><div class=\"tatsu-column-pad-wrap\"><div class=\"tatsu-column-pad\" >\n<div  class=\"tatsu-HkZSfA6GJF tabs oshine-module\"  ><style>.tatsu-HkZSfA6GJF{padding: 2px 2px 2px 2px;}<\/style><ul class=\"clearfix be-tab-header\"><li><a id=\"tatsu-SkSGR6zJF\" class=\"\" href=\"#fragment-1-1625242230\">INFORMATIONEN<\/a>  <\/li>\n<li><a id=\"tatsu-B1MgudCkF\" class=\"\" href=\"#fragment-2-1625242230\">SKILLS<\/a>  <\/li>\n<li><a id=\"tatsu-SyI9M0MyY\" class=\"\" href=\"#fragment-3-1625242230\">ERFAHRUNG<\/a>  <\/li>\n<li><a id=\"tatsu-By0572QgK\" class=\"\" href=\"#fragment-4-1625242230\">SCHAUSPIELERISCHE LEISTUNGEN<\/a>  <\/li>\n<li><a id=\"tatsu-SkjyVh7lF\" class=\"\" href=\"#fragment-5-1625242230\">SHOWREEL(S)<\/a>  <\/li><\/ul><div id=\"fragment-1-1625242230\" class=\"clearfix be-tab-content\">\n<ul>\n<li>\n<h6><span style=\"font-size: 12pt;\">STANDORT: <strong>\u0141\u00d3D\u0179<\/strong><\/span><\/h6>\n<\/li>\n<li>\n<h6><span style=\"font-size: 12pt;\">WACHSTUM: <strong>180 cm<\/strong><\/span><\/h6>\n<\/li>\n<li>\n<h6><span style=\"font-size: 12pt;\">AUGENFARBE: BLAU-GRAU <strong>GR\u00dcN<\/strong><\/span><\/h6>\n<\/li>\n<li>\n<h6><span style=\"font-size: 12pt;\">HAARFARBE: <strong>BRONZE<\/strong><\/span><\/h6>\n<\/li>\n<\/ul>\n<\/div><div id=\"fragment-2-1625242230\" class=\"clearfix be-tab-content\">\n<ul>\n<li>\n<h6><span style=\"font-size: 11pt;\">Sprachkenntnisse: <\/span><span style=\"font-size: 9pt;\">Polnisch (Muttersprache), Englisch - B1,<\/span><\/h6>\n<\/li>\n<li>\n<h6><span style=\"font-size: 11pt;\">Sportliche Disziplinen: <\/span><span style=\"font-size: 9pt;\">Schwimmen, Basketball, Volleyball, Leichtathletik, Kampfsport<\/span><\/h6>\n<\/li>\n<li>\n<h6><span style=\"font-size: 11pt;\">Tanzen: <\/span><span style=\"font-size: 9pt;\">sozial, poppig<\/span><\/h6>\n<\/li>\n<li>\n<h6><span style=\"font-size: 11pt;\">F\u00dcHRERSCHEIN KAT. B<\/span><\/h6>\n<\/li>\n<\/ul>\n<\/div><div id=\"fragment-3-1625242230\" class=\"clearfix be-tab-content\">\n<p><span style=\"font-size: 11pt;\"><strong>Beruflicher Werdegang <\/strong><\/span><\/p>\n<ul>\n<li>26.04.2024 - Zertifikat \u00fcber den Abschluss des Schauspielkurses - Atelier f\u00fcr Tanz und Theaterkunst<\/li>\n<\/ul>\n<\/div><div id=\"fragment-4-1625242230\" class=\"clearfix be-tab-content\">\n<p><span style=\"font-size: 10pt;\"><b>Filme<\/b><\/span><\/p>\n<ul>\n<li>2025 STYL DOWOLNY, Regie: Kacper Nowak-Goc\u0142awski, Darsteller (Janek)<\/li>\n<li>2024 STIMULANTS &amp; EMPATOGENS, Regie: Mateusz Pacewicz, Besetzung (Kuba)<\/li>\n<li>2024 LANY PONIEDZIA\u0141EK, Regie: Justyna Mytnik, Darsteller (Mati; Martas Freund)<\/li>\n<li>2022 NIEWIDZIALNA WOJNA, Regie: Patryk Vega, Besetzung (Junge)<\/li>\n<li>2021 IMPAS, Regie: Nicolas Reza, Besetzung (Leszek)<\/li>\n<\/ul>\n<p><span style=\"font-size: 10pt;\"><b>Serie<\/b><\/span><\/p>\n<ul>\n<li>2025 BLACK STOCKS, Schauspielerische Besetzung (Filip)<\/li>\n<li>2023 NA SYGNALE, Besetzung (Mati), Folge 495<\/li>\n<li>2022 KOMMISSAR ALEX, Darsteller (Bartek Kielak, Kamils Bruder), Folge 216<\/li>\n<li>2022 MUTTER, Besetzung (Damian Zaremba)<\/li>\n<li>2021 REMIZA, Darsteller (Keyboarder)<\/li>\n<li>2021 AKADEMIK, Schauspielerische Besetzung (Adrian Piotrowski), Folge 52.<\/li>\n<\/ul>\n<p><span style=\"font-size: 10pt;\"><b>Theaterauff\u00fchrungen<\/b><\/span><\/p>\n<ul>\n<li>2023 \u015aLUBY PANIE\u0143SKIE, Regie: Piotr Bondyra, Konrad Korkosi\u0144ski, Darsteller (Gustaw)<\/li>\n<\/ul>\n<\/div><div id=\"fragment-5-1625242230\" class=\"clearfix be-tab-content\">\n<p>Visitenkarte <iframe title=\"Gracjan Kosyl \u00fcber sich selbst\" width=\"1160\" height=\"653\" src=\"https:\/\/www.youtube.com\/embed\/oR-cdC_VMao?feature=oembed\" frameborder=\"0\" allow=\"accelerometer; autoplay; clipboard-write; encrypted-media; gyroscope; picture-in-picture; web-share\" referrerpolicy=\"strict-origin-when-cross-origin\" allowfullscreen><\/iframe><\/p>\n<hr \/>\n<p>Schauplatz <iframe title=\"Gracjan Kosyl \/ 20 Jahre \/ Darek Klimek\" width=\"1160\" height=\"870\" src=\"https:\/\/www.youtube.com\/embed\/uXkmqS90Fc0?feature=oembed\" frameborder=\"0\" allow=\"accelerometer; autoplay; clipboard-write; encrypted-media; gyroscope; picture-in-picture; web-share\" referrerpolicy=\"strict-origin-when-cross-origin\" allowfullscreen><\/iframe><\/p>\n<hr \/>\n<p>Showreel <iframe title=\"G Kosyl Showreel\" width=\"1160\" height=\"653\" src=\"https:\/\/www.youtube.com\/embed\/Ga-4Q8N9M_8?feature=oembed\" frameborder=\"0\" allow=\"accelerometer; autoplay; clipboard-write; encrypted-media; gyroscope; picture-in-picture; web-share\" referrerpolicy=\"strict-origin-when-cross-origin\" allowfullscreen><\/iframe><\/p>\n<hr \/>\n<p>\"Nun, wissen Sie ...\" <iframe title=\"Gracjan Kosyl Julia Jaroszewska &quot;Na ja, wei\u00dft du ...&quot;\" width=\"1160\" height=\"653\" src=\"https:\/\/www.youtube.com\/embed\/JSdf3qnHVa0?feature=oembed\" frameborder=\"0\" allow=\"accelerometer; autoplay; clipboard-write; encrypted-media; gyroscope; picture-in-picture; web-share\" referrerpolicy=\"strict-origin-when-cross-origin\" allowfullscreen><\/iframe><\/p>\n<hr \/>\n<p>\"Was ist los mit dir\". <iframe title=\"Gracjan Kosyl Julia Jaroszewska &quot;Was ist los mit dir?&quot;\" width=\"1160\" height=\"653\" src=\"https:\/\/www.youtube.com\/embed\/Owdxt9I1a8M?feature=oembed\" frameborder=\"0\" allow=\"accelerometer; autoplay; clipboard-write; encrypted-media; gyroscope; picture-in-picture; web-share\" referrerpolicy=\"strict-origin-when-cross-origin\" allowfullscreen><\/iframe><\/p>\n<hr \/>\n<p>\u00dcber mich selbst <iframe title=\"Gracjan Kosyl \u00fcber sich selbst\" width=\"1160\" height=\"653\" src=\"https:\/\/www.youtube.com\/embed\/CzczDMtWTfY?feature=oembed\" frameborder=\"0\" allow=\"accelerometer; autoplay; clipboard-write; encrypted-media; gyroscope; picture-in-picture; web-share\" referrerpolicy=\"strict-origin-when-cross-origin\" allowfullscreen><\/iframe><\/p>\n<\/div><\/div>\n<\/div><\/div><div class = \"tatsu-column-bg-image-wrap\"><div class = \"tatsu-column-bg-image\" ><\/div><\/div><div class=\"tatsu-overlay tatsu-column-overlay tatsu-animate-none\" ><\/div><\/div><style>.tatsu-row > .tatsu-ryfCKiMJK.tatsu-column{width: 70%;}.tatsu-ryfCKiMJK.tatsu-column > .tatsu-column-inner > .tatsu-column-overlay{mix-blend-mode: normal;}.tatsu-ryfCKiMJK > .tatsu-column-inner > .tatsu-top-divider{z-index: 9999;}.tatsu-ryfCKiMJK > .tatsu-column-inner > .tatsu-bottom-divider{z-index: 9999;}.tatsu-ryfCKiMJK > .tatsu-column-inner > .tatsu-left-divider{z-index: 9999;}.tatsu-ryfCKiMJK > .tatsu-column-inner > .tatsu-right-divider{z-index: 9999;}@media only screen and (max-width:1377px) {.tatsu-row > .tatsu-ryfCKiMJK.tatsu-column{width: 66.67%;}}@media only screen and (min-width:768px) and (max-width: 1024px) {.tatsu-row > .tatsu-ryfCKiMJK.tatsu-column{width: 66.67%;}}@media only screen and (max-width: 767px) {.tatsu-row > .tatsu-ryfCKiMJK.tatsu-column{width: 100%;}}<\/style><\/div><\/div><\/div><div class=\"tatsu-row-wrap  tatsu-wrap tatsu-row-has-five-cols tatsu-medium-gutter tatsu-reg-cols  tatsu-clearfix tatsu-B1grntnzJF\" ><div  class=\"tatsu-row\" ><div  class=\"tatsu-column  tatsu-bg-overlay tatsu-one-fifth tatsu-column-image-none tatsu-column-effect-none  tatsu-BJH3t3MkY\"  data-parallax-speed=\"0\" style=\"\"><div class=\"tatsu-column-inner\" ><div class=\"tatsu-column-pad-wrap\"><div class=\"tatsu-column-pad\" ><div  class=\"tatsu-single-image tatsu-module tatsu-image-lazyload tatsu-Bk8Uddw5F\" ><div class=\"tatsu-single-image-inner\" style=\"width : 960px;\" ><div class = \"tatsu-single-image-padding-wrap\" style = \"padding-bottom : 125%;\" ><\/div><a class = \"mfp-image\" href = \"https:\/\/www.artagencja.pl\/wp-content\/uploads\/2025\/07\/Gracjan-Kosyl-06.2025.jpg-1-10.jpg\" ><img class = \"tatsu-gradient-border\" alt = \"\" title = \"Gracjan Kosyl 06.2025.jpg-1-10\" data-src = \"https:\/\/www.artagencja.pl\/wp-content\/uploads\/2025\/07\/Gracjan-Kosyl-06.2025.jpg-1-10.jpg\" src =\"data:image\/png;base64,iVBORw0KGgoAAAANSUhEUgAAAAEAAAABCAQAAAC1HAwCAAAAC0lEQVR42mNkYAAAAAYAAjCB0C8AAAAASUVORK5CYII=\"  \/><\/a><\/div><style>.tatsu-Bk8Uddw5F .tatsu-single-image-inner{border-style: solid;max-width: 100%;}.tatsu-Bk8Uddw5F.tatsu-single-image{transform: translate3d(0px,0px, 0);}<\/style><\/div><\/div><\/div><div class = \"tatsu-column-bg-image-wrap\"><div class = \"tatsu-column-bg-image\" ><\/div><\/div><div class=\"tatsu-overlay tatsu-column-overlay tatsu-animate-none\" ><\/div><\/div><style>.tatsu-row > .tatsu-BJH3t3MkY.tatsu-column{width: 20%;}.tatsu-BJH3t3MkY.tatsu-column > .tatsu-column-inner > .tatsu-column-overlay{mix-blend-mode: normal;}.tatsu-BJH3t3MkY > .tatsu-column-inner > .tatsu-top-divider{z-index: 9999;}.tatsu-BJH3t3MkY > .tatsu-column-inner > .tatsu-bottom-divider{z-index: 9999;}.tatsu-BJH3t3MkY > .tatsu-column-inner > .tatsu-left-divider{z-index: 9999;}.tatsu-BJH3t3MkY > .tatsu-column-inner > .tatsu-right-divider{z-index: 9999;}@media only screen and (max-width:1377px) {.tatsu-row > .tatsu-BJH3t3MkY.tatsu-column{width: 20%;}}@media only screen and (min-width:768px) and (max-width: 1024px) {.tatsu-row > .tatsu-BJH3t3MkY.tatsu-column{width: 20%;}}@media only screen and (max-width: 767px) {.tatsu-row > .tatsu-BJH3t3MkY.tatsu-column{width: 100%;}}<\/style><\/div><div  class=\"tatsu-column  tatsu-bg-overlay tatsu-one-fifth tatsu-column-image-none tatsu-column-effect-none  tatsu-B1ejdxaGyF\"  data-parallax-speed=\"0\" style=\"\"><div class=\"tatsu-column-inner\" ><div class=\"tatsu-column-pad-wrap\"><div class=\"tatsu-column-pad\" ><div  class=\"tatsu-single-image tatsu-module tatsu-image-lazyload tatsu-BysoeTfJK\" ><div class=\"tatsu-single-image-inner\" style=\"width : 960px;\" ><div class = \"tatsu-single-image-padding-wrap\" style = \"padding-bottom : 125%;\" ><\/div><a class = \"mfp-image\" href = \"https:\/\/www.artagencja.pl\/wp-content\/uploads\/2025\/07\/Gracjan-Kosyl-06.2025.jpg-1-2.jpg\" ><img class = \"tatsu-gradient-border\" alt = \"\" title = \"Gracjan Kosyl 06.2025.jpg-1-2\" data-src = \"https:\/\/www.artagencja.pl\/wp-content\/uploads\/2025\/07\/Gracjan-Kosyl-06.2025.jpg-1-2.jpg\" src =\"data:image\/png;base64,iVBORw0KGgoAAAANSUhEUgAAAAEAAAABCAQAAAC1HAwCAAAAC0lEQVR42mNkYAAAAAYAAjCB0C8AAAAASUVORK5CYII=\"  \/><\/a><\/div><style>.tatsu-BysoeTfJK .tatsu-single-image-inner{border-style: solid;max-width: 100%;}.tatsu-BysoeTfJK.tatsu-single-image{transform: translate3d(0px,0px, 0);}<\/style><\/div><\/div><\/div><div class = \"tatsu-column-bg-image-wrap\"><div class = \"tatsu-column-bg-image\" ><\/div><\/div><div class=\"tatsu-overlay tatsu-column-overlay tatsu-animate-none\" ><\/div><\/div><style>.tatsu-row > .tatsu-B1ejdxaGyF.tatsu-column{width: 20%;}.tatsu-B1ejdxaGyF.tatsu-column > .tatsu-column-inner > .tatsu-column-overlay{mix-blend-mode: normal;}.tatsu-B1ejdxaGyF > .tatsu-column-inner > .tatsu-top-divider{z-index: 9999;}.tatsu-B1ejdxaGyF > .tatsu-column-inner > .tatsu-bottom-divider{z-index: 9999;}.tatsu-B1ejdxaGyF > .tatsu-column-inner > .tatsu-left-divider{z-index: 9999;}.tatsu-B1ejdxaGyF > .tatsu-column-inner > .tatsu-right-divider{z-index: 9999;}@media only screen and (max-width:1377px) {.tatsu-row > .tatsu-B1ejdxaGyF.tatsu-column{width: 20%;}}@media only screen and (min-width:768px) and (max-width: 1024px) {.tatsu-row > .tatsu-B1ejdxaGyF.tatsu-column{width: 20%;}}@media only screen and (max-width: 767px) {.tatsu-row > .tatsu-B1ejdxaGyF.tatsu-column{width: 100%;}}<\/style><\/div><div  class=\"tatsu-column  tatsu-bg-overlay tatsu-one-fifth tatsu-column-image-none tatsu-column-effect-none  tatsu-H1biOgaf1K\"  data-parallax-speed=\"0\" style=\"\"><div class=\"tatsu-column-inner\" ><div class=\"tatsu-column-pad-wrap\"><div class=\"tatsu-column-pad\" ><div  class=\"tatsu-single-image tatsu-module tatsu-image-lazyload tatsu-rko2lpMJF\" ><div class=\"tatsu-single-image-inner\" style=\"width : 960px;\" ><div class = \"tatsu-single-image-padding-wrap\" style = \"padding-bottom : 125%;\" ><\/div><a class = \"mfp-image\" href = \"https:\/\/www.artagencja.pl\/wp-content\/uploads\/2025\/07\/Gracjan-Kosyl-06.2025.jpg-1-3.jpg\" ><img class = \"tatsu-gradient-border\" alt = \"\" title = \"Gracjan Kosyl 06.2025.jpg-1-3\" data-src = \"https:\/\/www.artagencja.pl\/wp-content\/uploads\/2025\/07\/Gracjan-Kosyl-06.2025.jpg-1-3.jpg\" src =\"data:image\/png;base64,iVBORw0KGgoAAAANSUhEUgAAAAEAAAABCAQAAAC1HAwCAAAAC0lEQVR42mNkYAAAAAYAAjCB0C8AAAAASUVORK5CYII=\"  \/><\/a><\/div><style>.tatsu-rko2lpMJF .tatsu-single-image-inner{border-style: solid;max-width: 100%;}.tatsu-rko2lpMJF.tatsu-single-image{transform: translate3d(0px,0px, 0);}<\/style><\/div><div  class=\"tatsu-module tatsu-normal-button tatsu-button-wrap   tatsu-Hks9zjmlF\"><a class=\"tatsu-shortcode mediumbtn tatsu-button left-icon circular   bg-animation-none\" href=\"https:\/\/www.artagencja.pl\/de\/gracjan-kosyl-galeria\/\" style= \"\"  aria-label=\"MEHR FOTOS...\" data-gdpr-atts=\"{}\" >MEHR FOTOS...<\/a><style>.tatsu-Hks9zjmlF .tatsu-button{background-color: rgba(0,0,0,1);color: #ffffff ;}<\/style><\/div><\/div><\/div><div class = \"tatsu-column-bg-image-wrap\"><div class = \"tatsu-column-bg-image\" ><\/div><\/div><div class=\"tatsu-overlay tatsu-column-overlay tatsu-animate-none\" ><\/div><\/div><style>.tatsu-row > .tatsu-H1biOgaf1K.tatsu-column{width: 20%;}.tatsu-H1biOgaf1K.tatsu-column > .tatsu-column-inner > .tatsu-column-overlay{mix-blend-mode: normal;}.tatsu-H1biOgaf1K > .tatsu-column-inner > .tatsu-top-divider{z-index: 9999;}.tatsu-H1biOgaf1K > .tatsu-column-inner > .tatsu-bottom-divider{z-index: 9999;}.tatsu-H1biOgaf1K > .tatsu-column-inner > .tatsu-left-divider{z-index: 9999;}.tatsu-H1biOgaf1K > .tatsu-column-inner > .tatsu-right-divider{z-index: 9999;}@media only screen and (max-width:1377px) {.tatsu-row > .tatsu-H1biOgaf1K.tatsu-column{width: 20%;}}@media only screen and (min-width:768px) and (max-width: 1024px) {.tatsu-row > .tatsu-H1biOgaf1K.tatsu-column{width: 20%;}}@media only screen and (max-width: 767px) {.tatsu-row > .tatsu-H1biOgaf1K.tatsu-column{width: 100%;}}<\/style><\/div><div  class=\"tatsu-column  tatsu-bg-overlay tatsu-one-fifth tatsu-column-image-none tatsu-column-effect-none  tatsu-B1ziug6GJY\"  data-parallax-speed=\"0\" style=\"\"><div class=\"tatsu-column-inner\" ><div class=\"tatsu-column-pad-wrap\"><div class=\"tatsu-column-pad\" ><div  class=\"tatsu-single-image tatsu-module tatsu-image-lazyload tatsu-H1_CeafyK\" ><div class=\"tatsu-single-image-inner\" style=\"width : 960px;\" ><div class = \"tatsu-single-image-padding-wrap\" style = \"padding-bottom : 125%;\" ><\/div><a class = \"mfp-image\" href = \"https:\/\/www.artagencja.pl\/wp-content\/uploads\/2025\/07\/Gracjan-Kosyl-06.2025.jpg-1-7A.jpg\" ><img class = \"tatsu-gradient-border\" alt = \"\" title = \"Gracjan Kosyl 06.2025.jpg-1-7A\" data-src = \"https:\/\/www.artagencja.pl\/wp-content\/uploads\/2025\/07\/Gracjan-Kosyl-06.2025.jpg-1-7A.jpg\" src =\"data:image\/png;base64,iVBORw0KGgoAAAANSUhEUgAAAAEAAAABCAQAAAC1HAwCAAAAC0lEQVR42mNkYAAAAAYAAjCB0C8AAAAASUVORK5CYII=\"  \/><\/a><\/div><style>.tatsu-H1_CeafyK .tatsu-single-image-inner{border-style: solid;max-width: 100%;}.tatsu-H1_CeafyK.tatsu-single-image{transform: translate3d(0px,0px, 0);}<\/style><\/div><\/div><\/div><div class = \"tatsu-column-bg-image-wrap\"><div class = \"tatsu-column-bg-image\" ><\/div><\/div><div class=\"tatsu-overlay tatsu-column-overlay tatsu-animate-none\" ><\/div><\/div><style>.tatsu-row > .tatsu-B1ziug6GJY.tatsu-column{width: 20%;}.tatsu-B1ziug6GJY.tatsu-column > .tatsu-column-inner > .tatsu-column-overlay{mix-blend-mode: normal;}.tatsu-B1ziug6GJY > .tatsu-column-inner > .tatsu-top-divider{z-index: 9999;}.tatsu-B1ziug6GJY > .tatsu-column-inner > .tatsu-bottom-divider{z-index: 9999;}.tatsu-B1ziug6GJY > .tatsu-column-inner > .tatsu-left-divider{z-index: 9999;}.tatsu-B1ziug6GJY > .tatsu-column-inner > .tatsu-right-divider{z-index: 9999;}@media only screen and (max-width:1377px) {.tatsu-row > .tatsu-B1ziug6GJY.tatsu-column{width: 20%;}}@media only screen and (min-width:768px) and (max-width: 1024px) {.tatsu-row > .tatsu-B1ziug6GJY.tatsu-column{width: 20%;}}@media only screen and (max-width: 767px) {.tatsu-row > .tatsu-B1ziug6GJY.tatsu-column{width: 100%;}}<\/style><\/div><div  class=\"tatsu-column  tatsu-bg-overlay tatsu-one-fifth tatsu-column-image-none tatsu-column-effect-none  tatsu-H1mi_xaM1t\"  data-parallax-speed=\"0\" style=\"\"><div class=\"tatsu-column-inner\" ><div class=\"tatsu-column-pad-wrap\"><div class=\"tatsu-column-pad\" ><div  class=\"tatsu-single-image tatsu-module tatsu-image-lazyload tatsu-S1wkbTMkt\" ><div class=\"tatsu-single-image-inner\" style=\"width : 960px;\" ><div class = \"tatsu-single-image-padding-wrap\" style = \"padding-bottom : 125%;\" ><\/div><a class = \"mfp-image\" href = \"https:\/\/www.artagencja.pl\/wp-content\/uploads\/2025\/07\/Gracjan-Kosyl-06.2025.jpg-1-5A.jpg\" ><img class = \"tatsu-gradient-border\" alt = \"\" title = \"Gracjan Kosyl 06.2025.jpg-1-5A\" data-src = \"https:\/\/www.artagencja.pl\/wp-content\/uploads\/2025\/07\/Gracjan-Kosyl-06.2025.jpg-1-5A.jpg\" src =\"data:image\/png;base64,iVBORw0KGgoAAAANSUhEUgAAAAEAAAABCAQAAAC1HAwCAAAAC0lEQVR42mNkYAAAAAYAAjCB0C8AAAAASUVORK5CYII=\"  \/><\/a><\/div><style>.tatsu-S1wkbTMkt .tatsu-single-image-inner{border-style: solid;max-width: 100%;}.tatsu-S1wkbTMkt.tatsu-single-image{transform: translate3d(0px,0px, 0);}<\/style><\/div><\/div><\/div><div class = \"tatsu-column-bg-image-wrap\"><div class = \"tatsu-column-bg-image\" ><\/div><\/div><div class=\"tatsu-overlay tatsu-column-overlay tatsu-animate-none\" ><\/div><\/div><style>.tatsu-row > .tatsu-H1mi_xaM1t.tatsu-column{width: 20%;}.tatsu-H1mi_xaM1t.tatsu-column > .tatsu-column-inner > .tatsu-column-overlay{mix-blend-mode: normal;}.tatsu-H1mi_xaM1t > .tatsu-column-inner > .tatsu-top-divider{z-index: 9999;}.tatsu-H1mi_xaM1t > .tatsu-column-inner > .tatsu-bottom-divider{z-index: 9999;}.tatsu-H1mi_xaM1t > .tatsu-column-inner > .tatsu-left-divider{z-index: 9999;}.tatsu-H1mi_xaM1t > .tatsu-column-inner > .tatsu-right-divider{z-index: 9999;}@media only screen and (max-width:1377px) {.tatsu-row > .tatsu-H1mi_xaM1t.tatsu-column{width: 20%;}}@media only screen and (min-width:768px) and (max-width: 1024px) {.tatsu-row > .tatsu-H1mi_xaM1t.tatsu-column{width: 20%;}}@media only screen and (max-width: 767px) {.tatsu-row > .tatsu-H1mi_xaM1t.tatsu-column{width: 100%;}}<\/style><\/div><\/div><\/div><\/div><div class=\"tatsu-section-background-wrap\"><div class = \"tatsu-section-background\" ><\/div><\/div><div class=\"tatsu-overlay tatsu-section-overlay\"><\/div><style>.tatsu-HJWlaKsG1K .tatsu-section-pad{padding: 20px 0px 0px 0px;}.tatsu-HJWlaKsG1K .tatsu-section-offset-wrap{transform: translateY(-0px);}.tatsu-HJWlaKsG1K > .tatsu-bottom-divider{z-index: 9999;}.tatsu-HJWlaKsG1K > .tatsu-top-divider{z-index: 9999;}.tatsu-HJWlaKsG1K .tatsu-section-overlay{mix-blend-mode: normal;}<\/style><\/div>","protected":false},"excerpt":{"rendered":"<p><a href=\"https:\/\/www.artagencja.pl\/de\/gracjan-kosyl-cv\/\" class=\"more-link style2-button\">Weiterlesen<\/a><\/p>","protected":false},"author":1,"featured_media":0,"parent":0,"menu_order":0,"comment_status":"closed","ping_status":"closed","template":"","meta":{"footnotes":""},"folder":[73],"class_list":["post-6754","page","type-page","status-publish","hentry"],"_links":{"self":[{"href":"https:\/\/www.artagencja.pl\/de\/wp-json\/wp\/v2\/pages\/6754","targetHints":{"allow":["GET"]}}],"collection":[{"href":"https:\/\/www.artagencja.pl\/de\/wp-json\/wp\/v2\/pages"}],"about":[{"href":"https:\/\/www.artagencja.pl\/de\/wp-json\/wp\/v2\/types\/page"}],"author":[{"embeddable":true,"href":"https:\/\/www.artagencja.pl\/de\/wp-json\/wp\/v2\/users\/1"}],"replies":[{"embeddable":true,"href":"https:\/\/www.artagencja.pl\/de\/wp-json\/wp\/v2\/comments?post=6754"}],"version-history":[{"count":25,"href":"https:\/\/www.artagencja.pl\/de\/wp-json\/wp\/v2\/pages\/6754\/revisions"}],"predecessor-version":[{"id":13027,"href":"https:\/\/www.artagencja.pl\/de\/wp-json\/wp\/v2\/pages\/6754\/revisions\/13027"}],"wp:attachment":[{"href":"https:\/\/www.artagencja.pl\/de\/wp-json\/wp\/v2\/media?parent=6754"}],"wp:term":[{"taxonomy":"folder","embeddable":true,"href":"https:\/\/www.artagencja.pl\/de\/wp-json\/wp\/v2\/folder?post=6754"}],"curies":[{"name":"wp","href":"https:\/\/api.w.org\/{rel}","templated":true}]}}