{"id":3,"date":"2021-07-27T18:19:08","date_gmt":"2021-07-27T18:19:08","guid":{"rendered":"https:\/\/www.artagencja.pl\/?page_id=3"},"modified":"2021-08-13T18:43:49","modified_gmt":"2021-08-13T18:43:49","slug":"polityka-prywatnosci","status":"publish","type":"page","link":"https:\/\/www.artagencja.pl\/de\/polityka-prywatnosci\/","title":{"rendered":"Datenschutzbestimmungen"},"content":{"rendered":"<div  class=\"tatsu-gtfiy6r9uk8mz8b4 tatsu-section  tatsu-bg-overlay   tatsu-clearfix\" data-title=\"\"  data-headerscheme=\"background--dark\"><div class='tatsu-section-pad clearfix' data-padding='{\"d\":\"20px 0px 20px 0px\"}' data-padding-top='20px'><div class=\"tatsu-row-wrap  tatsu-wrap tatsu-row-one-col tatsu-row-has-one-cols tatsu-medium-gutter tatsu-reg-cols  tatsu-clearfix tatsu-gtfiy6r9vlcuelkp\" ><div  class=\"tatsu-row\" ><div  class=\"tatsu-column  tatsu-bg-overlay tatsu-one-col tatsu-column-image-none tatsu-column-effect-none  tatsu-gtfiy6r9wgbf64ol\"  data-parallax-speed=\"0\" style=\"\"><div class=\"tatsu-column-inner\" ><div class=\"tatsu-column-pad-wrap\"><div class=\"tatsu-column-pad\" ><div  class=\"special-heading-wrap style3  tatsu-SynSxbEeF oshine-module 1\" ><div class=\"special-heading align-center\"><h3 class=\"special-h-tag\">DATENSCHUTZPOLITIK<\/h3><\/div><div class=\"caption-wrap bottom-caption\"><h6 class=\"caption\">In dieser Datenschutzerkl\u00e4rung wird beschrieben, wie wir Informationen \u00fcber Sie, einschlie\u00dflich personenbezogener Daten und Cookies, oder \"Cookies\", verarbeiten.<span class=\"caption-inner\"><\/span><\/h6><\/div><style>.tatsu-SynSxbEeF .top-caption h6{color: #757575 ;}.tatsu-SynSxbEeF .bottom-caption h6{color: #757575 ;font-size: 18px;}.tatsu-SynSxbEeF.special-heading-wrap.style3 .top-caption .caption .caption-inner{background: #efefef;}.tatsu-SynSxbEeF.special-heading-wrap.style3 .bottom-caption .caption .caption-inner{background: #efefef;}<\/style><\/div><div  class=\"tatsu-module tatsu-divider-wrap  tatsu-BJColbVeY\"  ><style>.tatsu-BJColbVeY .tatsu-divider{height: 1px;width: 100%;background: rgba(0,0,0,1);}.tatsu-BJColbVeY.tatsu-divider-wrap{text-align: left;}<\/style><hr class=\"tatsu-divider\"\/><\/div><div  class=\"tatsu-module tatsu-text-block-wrap tatsu-HygQZbEet\"><div class=\"tatsu-text-inner tatsu-align-center  clearfix\" ><style>.tatsu-HygQZbEet.tatsu-text-block-wrap .tatsu-text-inner{width: 100%;text-align: left;}<\/style>\n<h5>1. allgemeine Informationen<\/h5>\n<\/div><\/div><div  class=\"tatsu-module tatsu-text-block-wrap tatsu-SJZVZZVeY\"><div class=\"tatsu-text-inner tatsu-align-center  clearfix\" ><style>.tatsu-SJZVZZVeY.tatsu-text-block-wrap .tatsu-text-inner{width: 100%;text-align: left;}<\/style>\n<h6>Diese Politik gilt f\u00fcr die Website, die unter der Url: <strong>https:\/\/artagencja.pl<\/strong><br \/>Der Betreiber des Dienstes und Verwalter der personenbezogenen Daten ist: <strong>Dariusz Klimek K\u00fcnstlerische Agentur ul. Spacerowa 27a, 05-540 Jezi\u00f3rko<\/strong><br \/>Kontakt-E-Mail-Adresse des Betreibers: <a href=\"mailto:darek.klimek@artagencja.pl\"><strong>darek.klimek@artagencja.pl<\/strong><\/a><br \/>Der Betreiber ist der Verwalter Ihrer pers\u00f6nlichen Daten in Bezug auf die Daten, die Sie freiwillig auf der Website angeben.<br \/>Der Dienst verwendet personenbezogene Daten f\u00fcr die folgenden Zwecke:<br \/>Erstellung eines Newsletters<br \/>Pr\u00e4sentation des Benutzerprofils f\u00fcr andere Benutzer<br \/>Erbringung der gew\u00fcnschten Dienstleistungen<br \/>Pr\u00e4sentation eines Angebots oder einer Information<br \/>Der Dienst f\u00fchrt Funktionen aus, um Informationen \u00fcber die Nutzer und ihr Verhalten auf folgende Weise zu erhalten:<br \/>Durch die freiwillig in die Formulare eingegebenen Daten, die in die Systeme des Betreibers eingegeben werden.<br \/>Durch die Speicherung von Cookies (sog. \"Cookies\") auf den Endger\u00e4ten.<\/h6>\n<\/div><\/div><div  class=\"tatsu-module tatsu-text-block-wrap tatsu-rkikiNVxt\"><div class=\"tatsu-text-inner tatsu-align-center  clearfix\" ><style>.tatsu-rkikiNVxt.tatsu-text-block-wrap .tatsu-text-inner{width: 100%;text-align: left;}<\/style>\n<h5>2. ausgew\u00e4hlte Datenschutzmethoden des Betreibers<\/h5>\n<\/div><\/div><div  class=\"tatsu-module tatsu-text-block-wrap tatsu-ryDQoNVgt\"><div class=\"tatsu-text-inner tatsu-align-center  clearfix\" ><style>.tatsu-ryDQoNVgt.tatsu-text-block-wrap .tatsu-text-inner{width: 100%;text-align: left;}<\/style>\n<h6>Die Login- und Personendaten-Eingabeseiten sind in der \u00dcbertragungsschicht gesch\u00fctzt (SSL-Zertifikat). Dadurch wird sichergestellt, dass die auf der Website eingegebenen pers\u00f6nlichen Daten und Anmeldedaten auf dem Computer des Benutzers verschl\u00fcsselt werden und nur auf dem Zielserver gelesen werden k\u00f6nnen.<br \/>Die in der Datenbank gespeicherten personenbezogenen Daten werden so verschl\u00fcsselt, dass nur derjenige, der den Operator-Schl\u00fcssel besitzt, sie lesen kann. Auf diese Weise sind die Daten gesch\u00fctzt, falls die Datenbank vom Server gestohlen wird.<br \/>Der Betreiber \u00e4ndert in regelm\u00e4\u00dfigen Abst\u00e4nden seine administrativen Passw\u00f6rter.<br \/>Um die Daten zu sch\u00fctzen, erstellt der Betreiber regelm\u00e4\u00dfig Sicherungskopien.<br \/>Ein wichtiges Element des Datenschutzes ist die regelm\u00e4\u00dfige Aktualisierung der gesamten Software, die der Betreiber zur Verarbeitung personenbezogener Daten einsetzt, d.h. insbesondere die regelm\u00e4\u00dfige Aktualisierung der Softwarekomponenten.<\/h6>\n<\/div><\/div><div  class=\"tatsu-module tatsu-text-block-wrap tatsu-rJmUsENeK\"><div class=\"tatsu-text-inner tatsu-align-center  clearfix\" ><style>.tatsu-rJmUsENeK.tatsu-text-block-wrap .tatsu-text-inner{width: 100%;text-align: left;}<\/style>\n<h5>3. das Hosting<\/h5>\n<\/div><\/div><div  class=\"tatsu-module tatsu-text-block-wrap tatsu-BJTvjENxK\"><div class=\"tatsu-text-inner tatsu-align-center  clearfix\" ><style>.tatsu-BJTvjENxK.tatsu-text-block-wrap .tatsu-text-inner{width: 100%;text-align: left;}<\/style>\n<h6>Der Dienst wird auf dem Server des Betreibers gehostet (technisch gewartet): nazwa.pl<\/h6>\n<\/div><\/div><div  class=\"tatsu-module tatsu-text-block-wrap tatsu-rJG5iN4xY\"><div class=\"tatsu-text-inner tatsu-align-center  clearfix\" ><style>.tatsu-rJG5iN4xY.tatsu-text-block-wrap .tatsu-text-inner{width: 100%;text-align: left;}<\/style>\n<h5>4. Ihre Rechte und zus\u00e4tzliche Informationen \u00fcber die Verwendung Ihrer Daten<\/h5>\n<\/div><\/div><div  class=\"tatsu-module tatsu-text-block-wrap tatsu-SJHaj4EgY\"><div class=\"tatsu-text-inner tatsu-align-center  clearfix\" ><style>.tatsu-SJHaj4EgY.tatsu-text-block-wrap .tatsu-text-inner{width: 100%;text-align: left;}<\/style>\n<h6>In bestimmten Situationen hat der Verwalter das Recht, Ihre personenbezogenen Daten an andere Empf\u00e4nger zu \u00fcbermitteln, wenn dies f\u00fcr die Erf\u00fcllung eines mit Ihnen geschlossenen Vertrags oder f\u00fcr die Erf\u00fcllung der dem Verwalter obliegenden Verpflichtungen erforderlich ist. Dies gilt f\u00fcr solche Gruppen von Empf\u00e4ngern:<br \/>Hosting-Unternehmen auf delegierter Basis<br \/>autorisierte Mitarbeiter und Partner, die die Daten zur Erf\u00fcllung des Zwecks der Website verwenden<br \/>Ihre personenbezogenen Daten werden vom Verwalter nur so lange verarbeitet, wie es f\u00fcr die Durchf\u00fchrung der damit verbundenen, in gesonderten Vorschriften festgelegten T\u00e4tigkeiten (z. B. zur Buchf\u00fchrung) erforderlich ist. Im Hinblick auf Marketingdaten werden die Daten nicht l\u00e4nger als 3 Jahre verarbeitet.<br \/>Sie haben das Recht, sich an den Verwalter zu wenden:<br \/>Zugang zu den Sie betreffenden personenbezogenen Daten,<br \/>ihre Berichtigung,<br \/>L\u00f6schungen,<br \/>Einschr\u00e4nkung der Verarbeitung,<br \/>und Daten\u00fcbertragbarkeit.<br \/>Sie haben das Recht, der unter 3.3 c) genannten Verarbeitung Ihrer personenbezogenen Daten zur Wahrung der berechtigten Interessen des f\u00fcr die Verarbeitung Verantwortlichen, einschlie\u00dflich des Profilings, zu widersprechen, wobei das Widerspruchsrecht nicht ausge\u00fcbt werden kann, wenn berechtigte Gr\u00fcnde f\u00fcr die Verarbeitung vorliegen, die Ihre Interessen, Rechte und Freiheiten \u00fcberwiegen, insbesondere die Feststellung, Geltendmachung oder Verteidigung von Anspr\u00fcchen.<br \/>Gegen die Handlungen des Administrators kann beim Pr\u00e4sidenten des Amtes f\u00fcr den Schutz personenbezogener Daten, ul. Stawki 2, 00-193 Warschau, Beschwerde eingelegt werden.<br \/>Die Angabe von personenbezogenen Daten ist freiwillig, aber f\u00fcr den Betrieb des Dienstes erforderlich.<br \/>Eine automatisierte Entscheidungsfindung, einschlie\u00dflich Profiling, kann in Bezug auf Sie zum Zweck der Erbringung von Dienstleistungen im Rahmen des geschlossenen Vertrags und zum Zweck der Direktwerbung durch den Verwalter erfolgen.<br \/>Personenbezogene Daten werden nicht aus Drittl\u00e4ndern im Sinne der Datenschutzgesetzgebung \u00fcbermittelt. Das bedeutet, dass wir sie nicht in L\u00e4nder au\u00dferhalb der Europ\u00e4ischen Union \u00fcbermitteln.<\/h6>\n<\/div><\/div><div  class=\"tatsu-module tatsu-text-block-wrap tatsu-SJMbnVNeY\"><div class=\"tatsu-text-inner tatsu-align-center  clearfix\" ><style>.tatsu-SJMbnVNeY.tatsu-text-block-wrap .tatsu-text-inner{width: 100%;text-align: left;}<\/style>\n<h5>5. Informationen in den Formularen<\/h5>\n<\/div><\/div><div  class=\"tatsu-module tatsu-text-block-wrap tatsu-BJ4VnVNgY\"><div class=\"tatsu-text-inner tatsu-align-center  clearfix\" ><style>.tatsu-BJ4VnVNgY.tatsu-text-block-wrap .tatsu-text-inner{width: 100%;text-align: left;}<\/style>\n<h6>Der Dienst sammelt Informationen, die der Nutzer freiwillig zur Verf\u00fcgung stellt, einschlie\u00dflich personenbezogener Daten, sofern diese zur Verf\u00fcgung gestellt werden.<br \/>Der Dienst kann Informationen \u00fcber die Verbindungsparameter (Zeitstempel, IP-Adresse) speichern.<br \/>Die Website kann in einigen F\u00e4llen Informationen speichern, um die Daten im Formular mit der E-Mail-Adresse des Benutzers, der das Formular ausf\u00fcllt, zu verkn\u00fcpfen. In diesem Fall erscheint die E-Mail-Adresse des Nutzers innerhalb der URL der Seite, die das Formular enth\u00e4lt.<br \/>Die im Formular angegebenen Daten werden zu dem Zweck verarbeitet, der sich aus der Funktion des jeweiligen Formulars ergibt, z. B. zur Bearbeitung einer Serviceanfrage oder eines Verkaufskontakts, zur Registrierung von Dienstleistungen usw. Aus dem Kontext und der Beschreibung des Formulars geht jedes Mal klar hervor, wof\u00fcr es verwendet wird.<\/h6>\n<\/div><\/div><div  class=\"tatsu-module tatsu-text-block-wrap tatsu-rJnL344et\"><div class=\"tatsu-text-inner tatsu-align-center  clearfix\" ><style>.tatsu-rJnL344et.tatsu-text-block-wrap .tatsu-text-inner{width: 100%;text-align: left;}<\/style>\n<h5>6 Administratorprotokolle<\/h5>\n<\/div><\/div><div  class=\"tatsu-module tatsu-text-block-wrap tatsu-HyDOh4VxY\"><div class=\"tatsu-text-inner tatsu-align-center  clearfix\" ><style>.tatsu-HyDOh4VxY.tatsu-text-block-wrap .tatsu-text-inner{width: 100%;text-align: left;}<\/style>\n<h6>Informationen \u00fcber das Nutzerverhalten auf der Website k\u00f6nnen protokolliert werden. Diese Daten werden f\u00fcr die Verwaltung der Website verwendet.<\/h6>\n<\/div><\/div><div  class=\"tatsu-module tatsu-text-block-wrap tatsu-rkXc2ENlF\"><div class=\"tatsu-text-inner tatsu-align-center  clearfix\" ><style>.tatsu-rkXc2ENlF.tatsu-text-block-wrap .tatsu-text-inner{width: 100%;text-align: left;}<\/style>\n<h5>7 Relevante Marketingtechniken<\/h5>\n<\/div><\/div><div  class=\"tatsu-module tatsu-text-block-wrap tatsu-Syp22E4eY\"><div class=\"tatsu-text-inner tatsu-align-center  clearfix\" ><style>.tatsu-Syp22E4eY.tatsu-text-block-wrap .tatsu-text-inner{width: 100%;text-align: left;}<\/style>\n<h6>Der Betreiber nutzt die statistische Auswertung des Website-Verkehrs \u00fcber Google Analytics (Google Inc., mit Sitz in den USA). Der Betreiber \u00fcbermittelt keine personenbezogenen Daten an den Betreiber dieses Dienstes, sondern nur anonymisierte Informationen. Der Dienst basiert auf der Verwendung von Cookies auf dem Endger\u00e4t des Nutzers. Was die vom Google-Werbenetzwerk gesammelten Informationen \u00fcber die Nutzerpr\u00e4ferenzen betrifft, so kann der Nutzer die aus den Cookies resultierenden Informationen mit Hilfe des folgenden Tools einsehen und bearbeiten: https:\/\/www.google.com\/ads\/preferences\/.<\/h6>\n<\/div><\/div><div  class=\"tatsu-module tatsu-text-block-wrap tatsu-HJW1aN4xK\"><div class=\"tatsu-text-inner tatsu-align-center  clearfix\" ><style>.tatsu-HJW1aN4xK.tatsu-text-block-wrap .tatsu-text-inner{width: 100%;text-align: left;}<\/style>\n<h5>8 Informationen \u00fcber Cookies<\/h5>\n<\/div><\/div><div  class=\"tatsu-module tatsu-text-block-wrap tatsu-HJEg64VgF\"><div class=\"tatsu-text-inner tatsu-align-center  clearfix\" ><style>.tatsu-HJEg64VgF.tatsu-text-block-wrap .tatsu-text-inner{width: 100%;text-align: left;}<\/style>\n<h6>Die Website verwendet Cookies.<br \/>Cookies (sog. \"Kekse\") sind IT-Daten, insbesondere Textdateien, die auf dem Endger\u00e4t des Dienstnutzers gespeichert werden und f\u00fcr die Nutzung der Website bestimmt sind. Cookies enthalten in der Regel den Namen der Website, von der sie stammen, die Zeit, in der sie auf dem Endger\u00e4t gespeichert werden, und eine eindeutige Nummer.<br \/>Die Stelle, die Cookies auf dem Endger\u00e4t des Nutzers platziert und auf sie zugreift, ist der Betreiber des Dienstes.<br \/>Cookies werden f\u00fcr die folgenden Zwecke verwendet:<br \/>Aufrechterhaltung einer Sitzung des Website-Benutzers (nach dem Einloggen), dank derer der Benutzer sein Login und sein Passwort nicht auf jeder Unterseite der Website erneut eingeben muss;<br \/>um die oben unter \"Wesentliche Marketingtechniken\" genannten Ziele zu erreichen;<br \/>Die Website verwendet zwei Haupttypen von Cookies: \"Session\" (Sitzungscookies) und \"permanente\" (dauerhafte Cookies). \"Sitzungs-Cookies\" sind tempor\u00e4re Dateien, die auf dem Endger\u00e4t des Nutzers gespeichert werden, bis dieser sich abmeldet, die Website verl\u00e4sst oder die Software (Webbrowser) ausschaltet. \"Dauerhafte\" Cookies werden auf dem Endger\u00e4t des Nutzers f\u00fcr die in den Cookie-Parametern angegebene Zeit oder bis zu ihrer L\u00f6schung durch den Nutzer gespeichert.<br \/>Die Web-Browsing-Software (Webbrowser) erlaubt in der Regel standardm\u00e4\u00dfig die Speicherung von Cookies auf dem Endger\u00e4t des Nutzers. Die Nutzer der Website k\u00f6nnen ihre diesbez\u00fcglichen Einstellungen \u00e4ndern. Der Internet-Browser bietet die M\u00f6glichkeit, Cookies zu l\u00f6schen. Es ist auch m\u00f6glich, Cookies automatisch zu blockieren. Einzelheiten entnehmen Sie bitte der Hilfe oder Dokumentation Ihres Internet-Browsers.<br \/>Einschr\u00e4nkungen bei der Verwendung von Cookies k\u00f6nnen einige der auf der Website verf\u00fcgbaren Funktionen beeintr\u00e4chtigen.<br \/>Die im Endger\u00e4t des Nutzers des Dienstes platzierten Cookies k\u00f6nnen auch von Einrichtungen verwendet werden, die mit dem Betreiber des Dienstes zusammenarbeiten, insbesondere von Unternehmen: Google (Google Inc. mit Sitz in den USA), Facebook (Facebook Inc. mit Sitz in den USA), Twitter (Twitter Inc. mit Sitz in den USA).<\/h6>\n<\/div><\/div><div  class=\"tatsu-module tatsu-text-block-wrap tatsu-r1aNpV4lY\"><div class=\"tatsu-text-inner tatsu-align-center  clearfix\" ><style>.tatsu-r1aNpV4lY.tatsu-text-block-wrap .tatsu-text-inner{width: 100%;text-align: left;}<\/style>\n<h5>9. die Verwaltung von Cookies - wie wird die Zustimmung in der Praxis erteilt und zur\u00fcckgezogen?<\/h5>\n<\/div><\/div><div  class=\"tatsu-module tatsu-text-block-wrap tatsu-S17w6EElK\"><div class=\"tatsu-text-inner tatsu-align-center  clearfix\" ><style>.tatsu-S17w6EElK.tatsu-text-block-wrap .tatsu-text-inner{width: 100%;text-align: left;}<\/style>\n<h6>Wenn Sie keine Cookies erhalten m\u00f6chten, k\u00f6nnen Sie Ihre Browsereinstellungen \u00e4ndern. Wir weisen darauf hin, dass die Deaktivierung von Cookies, die f\u00fcr Authentifizierungsprozesse, die Sicherheit und die Beibehaltung von Benutzerpr\u00e4ferenzen unerl\u00e4sslich sind, die Nutzung der Websites erschweren und in extremen F\u00e4llen unm\u00f6glich machen kann<br \/>Um Ihre Cookie-Einstellungen zu verwalten, w\u00e4hlen Sie den von Ihnen verwendeten Webbrowser aus der nachstehenden Liste aus und folgen Sie den Anweisungen:<br \/>Kante<br \/>Internet Explorer<br \/>Chrom<br \/>Safari<br \/>Firefox<br \/>Oper<\/h6>\n<h6>Mobile Ger\u00e4te:<br \/>Android<br \/>Safari (iOS)<br \/>Windows Phone<\/h6>\n<\/div><\/div><\/div><\/div><div class = \"tatsu-column-bg-image-wrap\"><div class = \"tatsu-column-bg-image\" ><\/div><\/div><div class=\"tatsu-overlay tatsu-column-overlay tatsu-animate-none\" ><\/div><\/div><style>.tatsu-row > .tatsu-gtfiy6r9wgbf64ol.tatsu-column{width: 100%;}.tatsu-gtfiy6r9wgbf64ol.tatsu-column > .tatsu-column-inner > .tatsu-column-overlay{mix-blend-mode: normal;}.tatsu-gtfiy6r9wgbf64ol > .tatsu-column-inner > .tatsu-top-divider{z-index: 9999;}.tatsu-gtfiy6r9wgbf64ol > .tatsu-column-inner > .tatsu-bottom-divider{z-index: 9999;}.tatsu-gtfiy6r9wgbf64ol > .tatsu-column-inner > .tatsu-left-divider{z-index: 9999;}.tatsu-gtfiy6r9wgbf64ol > .tatsu-column-inner > .tatsu-right-divider{z-index: 9999;}<\/style><\/div><\/div><\/div><\/div><div class=\"tatsu-section-background-wrap\"><div class = \"tatsu-section-background\" ><\/div><\/div><div class=\"tatsu-overlay tatsu-section-overlay\"><\/div><style>.tatsu-gtfiy6r9uk8mz8b4 .tatsu-section-pad{padding: 20px 0px 20px 0px;}.tatsu-gtfiy6r9uk8mz8b4 > .tatsu-bottom-divider{z-index: 9999;}.tatsu-gtfiy6r9uk8mz8b4 > .tatsu-top-divider{z-index: 9999;}.tatsu-gtfiy6r9uk8mz8b4 .tatsu-section-overlay{mix-blend-mode: normal;}<\/style><\/div>","protected":false},"excerpt":{"rendered":"<p><a href=\"https:\/\/www.artagencja.pl\/de\/polityka-prywatnosci\/\" class=\"more-link style2-button\">Weiterlesen<\/a><\/p>","protected":false},"author":1,"featured_media":0,"parent":0,"menu_order":0,"comment_status":"closed","ping_status":"closed","template":"","meta":{"footnotes":""},"folder":[74],"class_list":["post-3","page","type-page","status-publish","hentry"],"_links":{"self":[{"href":"https:\/\/www.artagencja.pl\/de\/wp-json\/wp\/v2\/pages\/3","targetHints":{"allow":["GET"]}}],"collection":[{"href":"https:\/\/www.artagencja.pl\/de\/wp-json\/wp\/v2\/pages"}],"about":[{"href":"https:\/\/www.artagencja.pl\/de\/wp-json\/wp\/v2\/types\/page"}],"author":[{"embeddable":true,"href":"https:\/\/www.artagencja.pl\/de\/wp-json\/wp\/v2\/users\/1"}],"replies":[{"embeddable":true,"href":"https:\/\/www.artagencja.pl\/de\/wp-json\/wp\/v2\/comments?post=3"}],"version-history":[{"count":19,"href":"https:\/\/www.artagencja.pl\/de\/wp-json\/wp\/v2\/pages\/3\/revisions"}],"predecessor-version":[{"id":5212,"href":"https:\/\/www.artagencja.pl\/de\/wp-json\/wp\/v2\/pages\/3\/revisions\/5212"}],"wp:attachment":[{"href":"https:\/\/www.artagencja.pl\/de\/wp-json\/wp\/v2\/media?parent=3"}],"wp:term":[{"taxonomy":"folder","embeddable":true,"href":"https:\/\/www.artagencja.pl\/de\/wp-json\/wp\/v2\/folder?post=3"}],"curies":[{"name":"wp","href":"https:\/\/api.w.org\/{rel}","templated":true}]}}