{"id":13930,"date":"2026-02-12T21:31:22","date_gmt":"2026-02-12T21:31:22","guid":{"rendered":"https:\/\/www.artagencja.pl\/?page_id=13930"},"modified":"2026-03-08T20:10:35","modified_gmt":"2026-03-08T20:10:35","slug":"patryk-palusinski-cv","status":"publish","type":"page","link":"https:\/\/www.artagencja.pl\/de\/patryk-palusinski-cv\/","title":{"rendered":"Patryk Palusi\u0144ski CV"},"content":{"rendered":"<div  class=\"tatsu-HJWlaKsG1K tatsu-section  tatsu-bg-overlay   tatsu-clearfix\" data-title=\"\"  data-headerscheme=\"background--dark\"><div class='tatsu-section-pad clearfix' data-padding='{\"d\":\"20px 0px 0px 0px\"}' data-padding-top='20px'><div class=\"tatsu-row-wrap  tatsu-wrap tatsu-row-has-two-cols tatsu-medium-gutter tatsu-reg-cols  tatsu-clearfix tatsu-SJxeaYiGJK\" ><div  class=\"tatsu-row\" ><div  class=\"tatsu-column  tatsu-bg-overlay tatsu-one-third tatsu-column-image-none tatsu-column-effect-none  tatsu-B1gGRtoMJK\"  data-parallax-speed=\"0\" style=\"\"><div class=\"tatsu-column-inner\" ><div class=\"tatsu-column-pad-wrap\"><div class=\"tatsu-column-pad\" ><div  class=\"tatsu-module tatsu-text-block-wrap tatsu-rynZ9pXxt\"><div class=\"tatsu-text-inner tatsu-align-center  clearfix\" ><style>.tatsu-rynZ9pXxt.tatsu-text-block-wrap .tatsu-text-inner{width: 100%;text-align: center;}.tatsu-rynZ9pXxt.tatsu-text-block-wrap{margin: 0px 0px 10px 0px;}<\/style>\n<h4>Patryk Palusi\u0144ski<\/h4>\n<\/div><\/div><div  class=\"tatsu-single-image tatsu-module tatsu-image-lazyload tatsu-rkTTX2z1Y\" ><div class=\"tatsu-single-image-inner\" style=\"width : 960px;\" ><div class = \"tatsu-single-image-padding-wrap\" style = \"padding-bottom : 125%;\" ><\/div><a class = \"mfp-image\" href = \"https:\/\/www.artagencja.pl\/wp-content\/uploads\/2026\/02\/Patryk-Palusinski.jpg-1-33.jpg\" ><img class = \"tatsu-gradient-border\" alt = \"\" title = \"Patryk Palusi\u0144ski.jpg-1-33\" data-srcset = \"https:\/\/www.artagencja.pl\/wp-content\/uploads\/2026\/02\/Patryk-Palusinski.jpg-1-33.jpg 960w, https:\/\/www.artagencja.pl\/wp-content\/uploads\/2026\/02\/Patryk-Palusinski.jpg-1-33-280x350.jpg 280w, https:\/\/www.artagencja.pl\/wp-content\/uploads\/2026\/02\/Patryk-Palusinski.jpg-1-33-819x1024.jpg 819w, https:\/\/www.artagencja.pl\/wp-content\/uploads\/2026\/02\/Patryk-Palusinski.jpg-1-33-768x960.jpg 768w, https:\/\/www.artagencja.pl\/wp-content\/uploads\/2026\/02\/Patryk-Palusinski.jpg-1-33-10x12.jpg 10w, https:\/\/www.artagencja.pl\/wp-content\/uploads\/2026\/02\/Patryk-Palusinski.jpg-1-33-40x50.jpg 40w, https:\/\/www.artagencja.pl\/wp-content\/uploads\/2026\/02\/Patryk-Palusinski.jpg-1-33-650x813.jpg 650w, https:\/\/www.artagencja.pl\/wp-content\/uploads\/2026\/02\/Patryk-Palusinski.jpg-1-33-50x63.jpg 50w\" sizes = \"(max-width: 960px) 100vw, 960px\" src =\"data:image\/png;base64,iVBORw0KGgoAAAANSUhEUgAAAAEAAAABCAQAAAC1HAwCAAAAC0lEQVR42mNkYAAAAAYAAjCB0C8AAAAASUVORK5CYII=\"  \/><\/a><\/div><style>.tatsu-rkTTX2z1Y .tatsu-single-image-inner{border-style: solid;max-width: 100%;}.tatsu-rkTTX2z1Y.tatsu-single-image{transform: translate3d(0px,0px, 0);}<\/style><\/div><\/div><\/div><div class = \"tatsu-column-bg-image-wrap\"><div class = \"tatsu-column-bg-image\" ><\/div><\/div><div class=\"tatsu-overlay tatsu-column-overlay tatsu-animate-none\" ><\/div><\/div><style>.tatsu-row > .tatsu-B1gGRtoMJK.tatsu-column{width: 30%;}.tatsu-B1gGRtoMJK.tatsu-column > .tatsu-column-inner > .tatsu-column-overlay{mix-blend-mode: normal;}.tatsu-B1gGRtoMJK > .tatsu-column-inner > .tatsu-top-divider{z-index: 9999;}.tatsu-B1gGRtoMJK > .tatsu-column-inner > .tatsu-bottom-divider{z-index: 9999;}.tatsu-B1gGRtoMJK > .tatsu-column-inner > .tatsu-left-divider{z-index: 9999;}.tatsu-B1gGRtoMJK > .tatsu-column-inner > .tatsu-right-divider{z-index: 9999;}@media only screen and (max-width:1377px) {.tatsu-row > .tatsu-B1gGRtoMJK.tatsu-column{width: 33.33%;}}@media only screen and (min-width:768px) and (max-width: 1024px) {.tatsu-row > .tatsu-B1gGRtoMJK.tatsu-column{width: 33.33%;}}@media only screen and (max-width: 767px) {.tatsu-row > .tatsu-B1gGRtoMJK.tatsu-column{width: 100%;}}<\/style><\/div><div  class=\"tatsu-column  tatsu-bg-overlay tatsu-two-third tatsu-column-image-none tatsu-column-effect-none  tatsu-ryfCKiMJK\"  data-parallax-speed=\"0\" style=\"\"><div class=\"tatsu-column-inner\" ><div class=\"tatsu-column-pad-wrap\"><div class=\"tatsu-column-pad\" >\n<div  class=\"tatsu-HkZSfA6GJF tabs oshine-module\"  ><style>.tatsu-HkZSfA6GJF{padding: 2px 2px 2px 2px;}<\/style><ul class=\"clearfix be-tab-header\"><li><a id=\"tatsu-SkSGR6zJF\" class=\"\" href=\"#fragment-1-203318943\">INFORMATIONEN<\/a>  <\/li>\n<li><a id=\"tatsu-r1ZQbRfJY\" class=\"\" href=\"#fragment-2-203318943\">SKILLS<\/a>  <\/li>\n<li><a id=\"tatsu-B1MgudCkF\" class=\"\" href=\"#fragment-3-203318943\">ERFAHRUNG<\/a>  <\/li>\n<li><a id=\"tatsu-SyI9M0MyY\" class=\"\" href=\"#fragment-4-203318943\">SCHAUSPIELERISCHE LEISTUNGEN<\/a>  <\/li>\n<li><a id=\"tatsu-SkjyVh7lF\" class=\"\" href=\"#fragment-5-203318943\">VIDEO (SHOWREELS)<\/a>  <\/li><\/ul><div id=\"fragment-1-203318943\" class=\"clearfix be-tab-content\">\n<ul>\n<li>\n<h6><span style=\"font-size: 12pt;\"><strong>STANDORT:<\/strong> KRAKOW<\/span><\/h6>\n<\/li>\n<li>\n<h6><span style=\"font-size: 12pt;\"><strong>WACHSTUM:<\/strong> 180 cm<\/span><\/h6>\n<\/li>\n<li>\n<h6><span style=\"font-size: 12pt;\"><strong>AUGENFARBE:<\/strong> GR\u00dcN<\/span><\/h6>\n<\/li>\n<li>\n<h6><span style=\"font-size: 12pt;\"><strong>HAARFARBE:<\/strong> CIEMNOBR\u0104ZOWE<\/span><\/h6>\n<\/li>\n<\/ul>\n<\/div><div id=\"fragment-2-203318943\" class=\"clearfix be-tab-content\">\n<ul>\n<li>\n<h6><span style=\"font-size: 11pt;\">Sprachkenntnisse: <\/span><span style=\"font-size: 9pt;\">polski (J\u0119zyk ojczysty), angielski ameryka\u0144ski (zaawansowny)<\/span><\/h6>\n<\/li>\n<li>\n<h6><span style=\"font-size: 11pt;\">Sportliche Disziplinen: <\/span><span style=\"font-size: 9pt;\">jazda na nartach, p\u0142ywanie, snowboard, koszyk\u00f3wka, siatk\u00f3wka, boks, boks tajski<\/span><\/h6>\n<\/li>\n<li>\n<h6><span style=\"font-size: 11pt;\">Prawo jazdy: kat. B<\/span><\/h6>\n<\/li>\n<\/ul>\n<\/div><div id=\"fragment-3-203318943\" class=\"clearfix be-tab-content\">\n<p><span style=\"font-size: 11pt;\"><strong>Beruflicher Werdegang<\/strong><\/span><\/p>\n<ul>\n<li>miejsce pracy &#8211; Teatr Ludowy w Krakowie<\/li>\n<li>2015 &#8211; Wydzia\u0142 Aktorski PWSFTviT w \u0141odzi<\/li>\n<\/ul>\n<p><span style=\"font-size: 11pt;\"><strong>Auszeichnungen<\/strong><\/span><\/p>\n<ul>\n<li>2019 &#8211; GRAND PRIX Zespo\u0142owe 59. Kaliskich Spotka\u0144 Teatralnych dla zespo\u0142u aktorskiego spektaklu &#8222;Ha\u0144ba&#8221; z Teatru Ludowego w Krakowie<\/li>\n<\/ul>\n<\/div><div id=\"fragment-4-203318943\" class=\"clearfix be-tab-content\">\n<p><span style=\"font-size: 11pt;\"><strong>Filme<\/strong><\/span><\/p>\n<ul>\n<li>2021 | DU\u017bE S\u0141\u00d3WKA, rola: obsada aktorska<\/li>\n<li>2016 | CZU\u0141O\u015a\u0106, rola: Cezary, aktor<\/li>\n<li>2016 | POLOWANIE, rola: agent<\/li>\n<li>2015 | KL\u0104TWA STALINA, rola: obsada aktorska<\/li>\n<li>2014 | HAWK&#8217;S EYE, rola: obsada aktorska<\/li>\n<li>2011 | EWANGELIA, rola: obsada aktorska<\/li>\n<\/ul>\n<p><span style=\"font-size: 11pt;\"><strong>Theater<\/strong><\/span><\/p>\n<ul>\n<li>2025 | UROCZYSTO\u015a\u0106, T. Vintenberg i M. Rukov, re\u017c. M. Bogajewska, rola: Michael, m\u0142odszy syn Helge, teatr: Teatr Ludowy w Krakowie<\/li>\n<li>2025 | TRAMWAJ ZWANY PO\u017b\u0104DANIEM, T. Williams, re\u017c. D. Kopiec, rola: Stanley, teatr: Teatr Ludowy w Krakowie<\/li>\n<li>2024 | TAJEMNICA G\u00d3RY, A. Nosal, re\u017c. \u0141. Zaleski, rola: Ojciec, Nauczyciel, Kierowca, Pan Krab, teatr: Teatr Ludowy w Krakowie<\/li>\n<li>2023 | CH\u0141OPI, W. Reymont, re\u017c. R. Brzyk, rola: obsada aktorska, teatr: Teatr Ludowy w Krakowie<\/li>\n<li>2019 | KOLACJA DLA G\u0141UPCA, F. Veber, Re\u017c. T. \u0141omnicki, rola: dr Archambaud, teatr: Teatr Ludowy w Krakowie<\/li>\n<li>2018 | HA\u0143BA (DISGRACE), J. M. Coetzee, re\u017c. M. Wierzchowski, rola: Castor\/Paul De Wyk\/Konstabl Sikade, teatr: Teatr Ludowy w Krakowie<\/li>\n<li>2018 | MISTRZ I MA\u0141GORZATA, M. Bu\u0142chatow w adaptacji A. Patygi, re\u017c. P. Passini, rola: Berlioz, teatr: Teatr Ludowy w Krakowie<\/li>\n<li>2018 | GDY PRZYJDZIE SEN, P. Wolak i K. Dworak, re\u017c. M. Bogajewska, rola: Leszek, turysta z miasta, teatr: Teatr Ludowy w Krakowie<\/li>\n<li>2017 | KOTKA NA BLASZANYM DACHU, T. Williams, re\u017c. J. Poniedzia\u0142ek, rola: Gooper, zwany Panem Bratem, teatr: Teatr Ludowy w Krakowie<\/li>\n<li>2016 | SEKRETNE \u017bYCIE FRIEDMAN\u00d3W, M. Wierzchowski i D. So\u0142tysi\u0144ski, re\u017c. M. Wierzchowski, rola: David Friedman, teatr: Teatr Ludowy w Krakowie<\/li>\n<\/ul>\n<\/div><div id=\"fragment-5-203318943\" class=\"clearfix be-tab-content\">\n<p>Showreel <iframe title=\"Patryk Palusi\u0144ski showreel\" width=\"1160\" height=\"653\" src=\"https:\/\/www.youtube.com\/embed\/VWYsFnG8H4Y?feature=oembed\" frameborder=\"0\" allow=\"accelerometer; autoplay; clipboard-write; encrypted-media; gyroscope; picture-in-picture; web-share\" referrerpolicy=\"strict-origin-when-cross-origin\" allowfullscreen><\/iframe><\/p>\n<hr \/>\n<p>Scenka &#8222;Przepraszam&#8221; <iframe title=\"Patryk Palusi\u0144ski scenka  &quot;Przepraszam&quot;\" width=\"1160\" height=\"653\" src=\"https:\/\/www.youtube.com\/embed\/_5ePwX3FINM?feature=oembed\" frameborder=\"0\" allow=\"accelerometer; autoplay; clipboard-write; encrypted-media; gyroscope; picture-in-picture; web-share\" referrerpolicy=\"strict-origin-when-cross-origin\" allowfullscreen><\/iframe><\/p>\n<hr \/>\n<p>Scenka &#8222;Przepraszam wer.2. 180\u00b0 odwrotnie <iframe title=\"Patryk Palusi\u0144ski scenka wer.2. 180\u00b0 odwrotnie  &quot;Przepraszam&quot;\" width=\"1160\" height=\"653\" src=\"https:\/\/www.youtube.com\/embed\/g7Jdf2WRkAs?feature=oembed\" frameborder=\"0\" allow=\"accelerometer; autoplay; clipboard-write; encrypted-media; gyroscope; picture-in-picture; web-share\" referrerpolicy=\"strict-origin-when-cross-origin\" allowfullscreen><\/iframe><\/p>\n<hr \/>\n<p>Scenka &#8222;Ca\u0142us na dobranoc&#8221; <iframe title=\"Roksana Lewak &amp; Patryk Palusi\u0144ski  scenka  &quot;Ca\u0142us na dobranoc&quot;\" width=\"1160\" height=\"653\" src=\"https:\/\/www.youtube.com\/embed\/So9aBAqfCsw?feature=oembed\" frameborder=\"0\" allow=\"accelerometer; autoplay; clipboard-write; encrypted-media; gyroscope; picture-in-picture; web-share\" referrerpolicy=\"strict-origin-when-cross-origin\" allowfullscreen><\/iframe><\/p>\n<hr \/>\n<p>Scenka &#8222;Ca\u0142us na dobranoc&#8221; wer.2. 180\u00b0 odwrotnie <iframe title=\"Roksana Lewak &amp; Patryk Palusi\u0144ski  wer.2.  180\u00b0 odwrotnie  scenka   &quot;Ca\u0142us na dobranoc&quot;\" width=\"1160\" height=\"653\" src=\"https:\/\/www.youtube.com\/embed\/dS8MpRuiYjE?feature=oembed\" frameborder=\"0\" allow=\"accelerometer; autoplay; clipboard-write; encrypted-media; gyroscope; picture-in-picture; web-share\" referrerpolicy=\"strict-origin-when-cross-origin\" allowfullscreen><\/iframe><\/p>\n<hr \/>\n<p>Scenka &#8222;P\u00f3jdziemy do kina&#8221; <iframe title=\"Roksana Lewak &amp; Patryk Palusi\u0144ski  scenka   &quot;P\u00f3jdziemy do kina&quot;\" width=\"1160\" height=\"653\" src=\"https:\/\/www.youtube.com\/embed\/FQdkh6vuDOo?feature=oembed\" frameborder=\"0\" allow=\"accelerometer; autoplay; clipboard-write; encrypted-media; gyroscope; picture-in-picture; web-share\" referrerpolicy=\"strict-origin-when-cross-origin\" allowfullscreen><\/iframe><\/p>\n<hr \/>\n<p>Scenka &#8222;P\u00f3jdziemy do kina&#8221; wer.2. 180\u00b0 odwrotnie <iframe title=\"Roksana Lewak &amp; Patryk Palusi\u0144ski  scenka wer.2. 180\u00b0 odwrotnie  &quot;P\u00f3jdziemy do kina&quot;\" width=\"1160\" height=\"653\" src=\"https:\/\/www.youtube.com\/embed\/j2FmYdaO9Vo?feature=oembed\" frameborder=\"0\" allow=\"accelerometer; autoplay; clipboard-write; encrypted-media; gyroscope; picture-in-picture; web-share\" referrerpolicy=\"strict-origin-when-cross-origin\" allowfullscreen><\/iframe><\/p>\n<hr \/>\n<p>Visitenkarte <iframe title=\"Patryk Palusi\u0144ski wizyt\u00f3wka\" width=\"1160\" height=\"653\" src=\"https:\/\/www.youtube.com\/embed\/-K0baBKJ6uc?feature=oembed\" frameborder=\"0\" allow=\"accelerometer; autoplay; clipboard-write; encrypted-media; gyroscope; picture-in-picture; web-share\" referrerpolicy=\"strict-origin-when-cross-origin\" allowfullscreen><\/iframe><\/p>\n<hr \/>\n<p>\u00dcber mich selbst <iframe title=\"Patryk Palusi\u0144ski o sobie\" width=\"1160\" height=\"653\" src=\"https:\/\/www.youtube.com\/embed\/tTt1Em3rxOM?feature=oembed\" frameborder=\"0\" allow=\"accelerometer; autoplay; clipboard-write; encrypted-media; gyroscope; picture-in-picture; web-share\" referrerpolicy=\"strict-origin-when-cross-origin\" allowfullscreen><\/iframe><\/p>\n<\/div><\/div>\n<\/div><\/div><div class = \"tatsu-column-bg-image-wrap\"><div class = \"tatsu-column-bg-image\" ><\/div><\/div><div class=\"tatsu-overlay tatsu-column-overlay tatsu-animate-none\" ><\/div><\/div><style>.tatsu-row > .tatsu-ryfCKiMJK.tatsu-column{width: 70%;}.tatsu-ryfCKiMJK.tatsu-column > .tatsu-column-inner > .tatsu-column-overlay{mix-blend-mode: normal;}.tatsu-ryfCKiMJK > .tatsu-column-inner > .tatsu-top-divider{z-index: 9999;}.tatsu-ryfCKiMJK > .tatsu-column-inner > .tatsu-bottom-divider{z-index: 9999;}.tatsu-ryfCKiMJK > .tatsu-column-inner > .tatsu-left-divider{z-index: 9999;}.tatsu-ryfCKiMJK > .tatsu-column-inner > .tatsu-right-divider{z-index: 9999;}@media only screen and (max-width:1377px) {.tatsu-row > .tatsu-ryfCKiMJK.tatsu-column{width: 66.67%;}}@media only screen and (min-width:768px) and (max-width: 1024px) {.tatsu-row > .tatsu-ryfCKiMJK.tatsu-column{width: 66.67%;}}@media only screen and (max-width: 767px) {.tatsu-row > .tatsu-ryfCKiMJK.tatsu-column{width: 100%;}}<\/style><\/div><\/div><\/div><div class=\"tatsu-row-wrap  tatsu-wrap tatsu-row-has-five-cols tatsu-medium-gutter tatsu-reg-cols  tatsu-clearfix tatsu-B1grntnzJF\" ><div  class=\"tatsu-row\" ><div  class=\"tatsu-column  tatsu-bg-overlay tatsu-one-fifth tatsu-column-image-none tatsu-column-effect-none  tatsu-BJH3t3MkY\"  data-parallax-speed=\"0\" style=\"\"><div class=\"tatsu-column-inner\" ><div class=\"tatsu-column-pad-wrap\"><div class=\"tatsu-column-pad\" ><div  class=\"tatsu-single-image tatsu-module tatsu-image-lazyload tatsu-rkCceazkF\" ><div class=\"tatsu-single-image-inner\" style=\"width : 960px;\" ><div class = \"tatsu-single-image-padding-wrap\" style = \"padding-bottom : 125%;\" ><\/div><a class = \"mfp-image\" href = \"https:\/\/www.artagencja.pl\/wp-content\/uploads\/2026\/02\/Patryk-Palusinski.jpg-1-6.jpg\" ><img class = \"tatsu-gradient-border\" alt = \"\" title = \"Patryk Palusi\u0144ski.jpg-1-6\" data-src = \"https:\/\/www.artagencja.pl\/wp-content\/uploads\/2026\/02\/Patryk-Palusinski.jpg-1-6.jpg\" src =\"data:image\/png;base64,iVBORw0KGgoAAAANSUhEUgAAAAEAAAABCAQAAAC1HAwCAAAAC0lEQVR42mNkYAAAAAYAAjCB0C8AAAAASUVORK5CYII=\"  \/><\/a><\/div><style>.tatsu-rkCceazkF .tatsu-single-image-inner{border-style: solid;max-width: 100%;}.tatsu-rkCceazkF.tatsu-single-image{transform: translate3d(0px,0px, 0);}<\/style><\/div><\/div><\/div><div class = \"tatsu-column-bg-image-wrap\"><div class = \"tatsu-column-bg-image\" ><\/div><\/div><div class=\"tatsu-overlay tatsu-column-overlay tatsu-animate-none\" ><\/div><\/div><style>.tatsu-row > .tatsu-BJH3t3MkY.tatsu-column{width: 20%;}.tatsu-BJH3t3MkY.tatsu-column > .tatsu-column-inner > .tatsu-column-overlay{mix-blend-mode: normal;}.tatsu-BJH3t3MkY > .tatsu-column-inner > .tatsu-top-divider{z-index: 9999;}.tatsu-BJH3t3MkY > .tatsu-column-inner > .tatsu-bottom-divider{z-index: 9999;}.tatsu-BJH3t3MkY > .tatsu-column-inner > .tatsu-left-divider{z-index: 9999;}.tatsu-BJH3t3MkY > .tatsu-column-inner > .tatsu-right-divider{z-index: 9999;}@media only screen and (max-width:1377px) {.tatsu-row > .tatsu-BJH3t3MkY.tatsu-column{width: 20%;}}@media only screen and (min-width:768px) and (max-width: 1024px) {.tatsu-row > .tatsu-BJH3t3MkY.tatsu-column{width: 20%;}}@media only screen and (max-width: 767px) {.tatsu-row > .tatsu-BJH3t3MkY.tatsu-column{width: 100%;}}<\/style><\/div><div  class=\"tatsu-column  tatsu-bg-overlay tatsu-one-fifth tatsu-column-image-none tatsu-column-effect-none  tatsu-B1ejdxaGyF\"  data-parallax-speed=\"0\" style=\"\"><div class=\"tatsu-column-inner\" ><div class=\"tatsu-column-pad-wrap\"><div class=\"tatsu-column-pad\" ><div  class=\"tatsu-single-image tatsu-module tatsu-image-lazyload tatsu-BysoeTfJK\" ><div class=\"tatsu-single-image-inner\" style=\"width : 960px;\" ><div class = \"tatsu-single-image-padding-wrap\" style = \"padding-bottom : 125%;\" ><\/div><a class = \"mfp-image\" href = \"https:\/\/www.artagencja.pl\/wp-content\/uploads\/2026\/02\/Patryk-Palusinski.jpg-1-15.jpg\" ><img class = \"tatsu-gradient-border\" alt = \"\" title = \"Patryk Palusi\u0144ski.jpg-1-15\" data-src = \"https:\/\/www.artagencja.pl\/wp-content\/uploads\/2026\/02\/Patryk-Palusinski.jpg-1-15.jpg\" src =\"data:image\/png;base64,iVBORw0KGgoAAAANSUhEUgAAAAEAAAABCAQAAAC1HAwCAAAAC0lEQVR42mNkYAAAAAYAAjCB0C8AAAAASUVORK5CYII=\"  \/><\/a><\/div><style>.tatsu-BysoeTfJK .tatsu-single-image-inner{border-style: solid;max-width: 100%;}.tatsu-BysoeTfJK.tatsu-single-image{transform: translate3d(0px,0px, 0);}<\/style><\/div><\/div><\/div><div class = \"tatsu-column-bg-image-wrap\"><div class = \"tatsu-column-bg-image\" ><\/div><\/div><div class=\"tatsu-overlay tatsu-column-overlay tatsu-animate-none\" ><\/div><\/div><style>.tatsu-row > .tatsu-B1ejdxaGyF.tatsu-column{width: 20%;}.tatsu-B1ejdxaGyF.tatsu-column > .tatsu-column-inner > .tatsu-column-overlay{mix-blend-mode: normal;}.tatsu-B1ejdxaGyF > .tatsu-column-inner > .tatsu-top-divider{z-index: 9999;}.tatsu-B1ejdxaGyF > .tatsu-column-inner > .tatsu-bottom-divider{z-index: 9999;}.tatsu-B1ejdxaGyF > .tatsu-column-inner > .tatsu-left-divider{z-index: 9999;}.tatsu-B1ejdxaGyF > .tatsu-column-inner > .tatsu-right-divider{z-index: 9999;}@media only screen and (max-width:1377px) {.tatsu-row > .tatsu-B1ejdxaGyF.tatsu-column{width: 20%;}}@media only screen and (min-width:768px) and (max-width: 1024px) {.tatsu-row > .tatsu-B1ejdxaGyF.tatsu-column{width: 20%;}}@media only screen and (max-width: 767px) {.tatsu-row > .tatsu-B1ejdxaGyF.tatsu-column{width: 100%;}}<\/style><\/div><div  class=\"tatsu-column  tatsu-bg-overlay tatsu-one-fifth tatsu-column-image-none tatsu-column-effect-none  tatsu-H1biOgaf1K\"  data-parallax-speed=\"0\" style=\"\"><div class=\"tatsu-column-inner\" ><div class=\"tatsu-column-pad-wrap\"><div class=\"tatsu-column-pad\" ><div  class=\"tatsu-single-image tatsu-module tatsu-image-lazyload tatsu-rko2lpMJF\" ><div class=\"tatsu-single-image-inner\" style=\"width : 960px;\" ><div class = \"tatsu-single-image-padding-wrap\" style = \"padding-bottom : 125%;\" ><\/div><a class = \"mfp-image\" href = \"https:\/\/www.artagencja.pl\/wp-content\/uploads\/2026\/02\/Patryk-Palusinski.jpg-1-39.jpg\" ><img class = \"tatsu-gradient-border\" alt = \"\" title = \"Patryk Palusi\u0144ski.jpg-1-39\" data-src = \"https:\/\/www.artagencja.pl\/wp-content\/uploads\/2026\/02\/Patryk-Palusinski.jpg-1-39.jpg\" src =\"data:image\/png;base64,iVBORw0KGgoAAAANSUhEUgAAAAEAAAABCAQAAAC1HAwCAAAAC0lEQVR42mNkYAAAAAYAAjCB0C8AAAAASUVORK5CYII=\"  \/><\/a><\/div><style>.tatsu-rko2lpMJF .tatsu-single-image-inner{border-style: solid;max-width: 100%;}.tatsu-rko2lpMJF.tatsu-single-image{transform: translate3d(0px,0px, 0);}<\/style><\/div><div  class=\"tatsu-module tatsu-normal-button tatsu-button-wrap   tatsu-Hks9zjmlF\"><a class=\"tatsu-shortcode mediumbtn tatsu-button left-icon circular   bg-animation-none\" href=\"https:\/\/www.artagencja.pl\/de\/patryk-palusinski-galeria\/\" style= \"\"  aria-label=\"MEHR FOTOS...\" data-gdpr-atts=\"{}\" >MEHR FOTOS...<\/a><style>.tatsu-Hks9zjmlF .tatsu-button{background-color: rgba(0,0,0,1);color: #ffffff ;}<\/style><\/div><\/div><\/div><div class = \"tatsu-column-bg-image-wrap\"><div class = \"tatsu-column-bg-image\" ><\/div><\/div><div class=\"tatsu-overlay tatsu-column-overlay tatsu-animate-none\" ><\/div><\/div><style>.tatsu-row > .tatsu-H1biOgaf1K.tatsu-column{width: 20%;}.tatsu-H1biOgaf1K.tatsu-column > .tatsu-column-inner > .tatsu-column-overlay{mix-blend-mode: normal;}.tatsu-H1biOgaf1K > .tatsu-column-inner > .tatsu-top-divider{z-index: 9999;}.tatsu-H1biOgaf1K > .tatsu-column-inner > .tatsu-bottom-divider{z-index: 9999;}.tatsu-H1biOgaf1K > .tatsu-column-inner > .tatsu-left-divider{z-index: 9999;}.tatsu-H1biOgaf1K > .tatsu-column-inner > .tatsu-right-divider{z-index: 9999;}@media only screen and (max-width:1377px) {.tatsu-row > .tatsu-H1biOgaf1K.tatsu-column{width: 20%;}}@media only screen and (min-width:768px) and (max-width: 1024px) {.tatsu-row > .tatsu-H1biOgaf1K.tatsu-column{width: 20%;}}@media only screen and (max-width: 767px) {.tatsu-row > .tatsu-H1biOgaf1K.tatsu-column{width: 100%;}}<\/style><\/div><div  class=\"tatsu-column  tatsu-bg-overlay tatsu-one-fifth tatsu-column-image-none tatsu-column-effect-none  tatsu-B1ziug6GJY\"  data-parallax-speed=\"0\" style=\"\"><div class=\"tatsu-column-inner\" ><div class=\"tatsu-column-pad-wrap\"><div class=\"tatsu-column-pad\" ><div  class=\"tatsu-single-image tatsu-module tatsu-image-lazyload tatsu-H1_CeafyK\" ><div class=\"tatsu-single-image-inner\" style=\"width : 960px;\" ><div class = \"tatsu-single-image-padding-wrap\" style = \"padding-bottom : 125%;\" ><\/div><a class = \"mfp-image\" href = \"https:\/\/www.artagencja.pl\/wp-content\/uploads\/2026\/02\/Patryk-Palusinski.jpg-1-25.jpg\" ><img class = \"tatsu-gradient-border\" alt = \"\" title = \"Patryk Palusi\u0144ski.jpg-1-25\" data-src = \"https:\/\/www.artagencja.pl\/wp-content\/uploads\/2026\/02\/Patryk-Palusinski.jpg-1-25.jpg\" src =\"data:image\/png;base64,iVBORw0KGgoAAAANSUhEUgAAAAEAAAABCAQAAAC1HAwCAAAAC0lEQVR42mNkYAAAAAYAAjCB0C8AAAAASUVORK5CYII=\"  \/><\/a><\/div><style>.tatsu-H1_CeafyK .tatsu-single-image-inner{border-style: solid;max-width: 100%;}.tatsu-H1_CeafyK.tatsu-single-image{transform: translate3d(0px,0px, 0);}<\/style><\/div><\/div><\/div><div class = \"tatsu-column-bg-image-wrap\"><div class = \"tatsu-column-bg-image\" ><\/div><\/div><div class=\"tatsu-overlay tatsu-column-overlay tatsu-animate-none\" ><\/div><\/div><style>.tatsu-row > .tatsu-B1ziug6GJY.tatsu-column{width: 20%;}.tatsu-B1ziug6GJY.tatsu-column > .tatsu-column-inner > .tatsu-column-overlay{mix-blend-mode: normal;}.tatsu-B1ziug6GJY > .tatsu-column-inner > .tatsu-top-divider{z-index: 9999;}.tatsu-B1ziug6GJY > .tatsu-column-inner > .tatsu-bottom-divider{z-index: 9999;}.tatsu-B1ziug6GJY > .tatsu-column-inner > .tatsu-left-divider{z-index: 9999;}.tatsu-B1ziug6GJY > .tatsu-column-inner > .tatsu-right-divider{z-index: 9999;}@media only screen and (max-width:1377px) {.tatsu-row > .tatsu-B1ziug6GJY.tatsu-column{width: 20%;}}@media only screen and (min-width:768px) and (max-width: 1024px) {.tatsu-row > .tatsu-B1ziug6GJY.tatsu-column{width: 20%;}}@media only screen and (max-width: 767px) {.tatsu-row > .tatsu-B1ziug6GJY.tatsu-column{width: 100%;}}<\/style><\/div><div  class=\"tatsu-column  tatsu-bg-overlay tatsu-one-fifth tatsu-column-image-none tatsu-column-effect-none  tatsu-H1mi_xaM1t\"  data-parallax-speed=\"0\" style=\"\"><div class=\"tatsu-column-inner\" ><div class=\"tatsu-column-pad-wrap\"><div class=\"tatsu-column-pad\" ><div  class=\"tatsu-single-image tatsu-module tatsu-image-lazyload tatsu-S1wkbTMkt\" ><div class=\"tatsu-single-image-inner\" style=\"width : 960px;\" ><div class = \"tatsu-single-image-padding-wrap\" style = \"padding-bottom : 124.89583333333%;\" ><\/div><a class = \"mfp-image\" href = \"https:\/\/www.artagencja.pl\/wp-content\/uploads\/2026\/02\/Patryk-Palusinski.jpg-1-3.jpg\" ><img class = \"tatsu-gradient-border\" alt = \"\" title = \"Patryk Palusi\u0144ski.jpg-1-3\" data-src = \"https:\/\/www.artagencja.pl\/wp-content\/uploads\/2026\/02\/Patryk-Palusinski.jpg-1-3.jpg\" src =\"data:image\/png;base64,iVBORw0KGgoAAAANSUhEUgAAAAEAAAABCAQAAAC1HAwCAAAAC0lEQVR42mNkYAAAAAYAAjCB0C8AAAAASUVORK5CYII=\"  \/><\/a><\/div><style>.tatsu-S1wkbTMkt .tatsu-single-image-inner{border-style: solid;max-width: 100%;}.tatsu-S1wkbTMkt.tatsu-single-image{transform: translate3d(0px,0px, 0);}<\/style><\/div><\/div><\/div><div class = \"tatsu-column-bg-image-wrap\"><div class = \"tatsu-column-bg-image\" ><\/div><\/div><div class=\"tatsu-overlay tatsu-column-overlay tatsu-animate-none\" ><\/div><\/div><style>.tatsu-row > .tatsu-H1mi_xaM1t.tatsu-column{width: 20%;}.tatsu-H1mi_xaM1t.tatsu-column > .tatsu-column-inner > .tatsu-column-overlay{mix-blend-mode: normal;}.tatsu-H1mi_xaM1t > .tatsu-column-inner > .tatsu-top-divider{z-index: 9999;}.tatsu-H1mi_xaM1t > .tatsu-column-inner > .tatsu-bottom-divider{z-index: 9999;}.tatsu-H1mi_xaM1t > .tatsu-column-inner > .tatsu-left-divider{z-index: 9999;}.tatsu-H1mi_xaM1t > .tatsu-column-inner > .tatsu-right-divider{z-index: 9999;}@media only screen and (max-width:1377px) {.tatsu-row > .tatsu-H1mi_xaM1t.tatsu-column{width: 20%;}}@media only screen and (min-width:768px) and (max-width: 1024px) {.tatsu-row > .tatsu-H1mi_xaM1t.tatsu-column{width: 20%;}}@media only screen and (max-width: 767px) {.tatsu-row > .tatsu-H1mi_xaM1t.tatsu-column{width: 100%;}}<\/style><\/div><\/div><\/div><\/div><div class=\"tatsu-section-background-wrap\"><div class = \"tatsu-section-background\" ><\/div><\/div><div class=\"tatsu-overlay tatsu-section-overlay\"><\/div><style>.tatsu-HJWlaKsG1K .tatsu-section-pad{padding: 20px 0px 0px 0px;}.tatsu-HJWlaKsG1K .tatsu-section-offset-wrap{transform: translateY(-0px);}.tatsu-HJWlaKsG1K > .tatsu-bottom-divider{z-index: 9999;}.tatsu-HJWlaKsG1K > .tatsu-top-divider{z-index: 9999;}.tatsu-HJWlaKsG1K .tatsu-section-overlay{mix-blend-mode: normal;}<\/style><\/div>","protected":false},"excerpt":{"rendered":"<p><a href=\"https:\/\/www.artagencja.pl\/de\/patryk-palusinski-cv\/\" class=\"more-link style2-button\">Weiterlesen<\/a><\/p>","protected":false},"author":1,"featured_media":0,"parent":0,"menu_order":0,"comment_status":"closed","ping_status":"closed","template":"","meta":{"footnotes":""},"folder":[73],"class_list":["post-13930","page","type-page","status-publish","hentry"],"_links":{"self":[{"href":"https:\/\/www.artagencja.pl\/de\/wp-json\/wp\/v2\/pages\/13930","targetHints":{"allow":["GET"]}}],"collection":[{"href":"https:\/\/www.artagencja.pl\/de\/wp-json\/wp\/v2\/pages"}],"about":[{"href":"https:\/\/www.artagencja.pl\/de\/wp-json\/wp\/v2\/types\/page"}],"author":[{"embeddable":true,"href":"https:\/\/www.artagencja.pl\/de\/wp-json\/wp\/v2\/users\/1"}],"replies":[{"embeddable":true,"href":"https:\/\/www.artagencja.pl\/de\/wp-json\/wp\/v2\/comments?post=13930"}],"version-history":[{"count":11,"href":"https:\/\/www.artagencja.pl\/de\/wp-json\/wp\/v2\/pages\/13930\/revisions"}],"predecessor-version":[{"id":14025,"href":"https:\/\/www.artagencja.pl\/de\/wp-json\/wp\/v2\/pages\/13930\/revisions\/14025"}],"wp:attachment":[{"href":"https:\/\/www.artagencja.pl\/de\/wp-json\/wp\/v2\/media?parent=13930"}],"wp:term":[{"taxonomy":"folder","embeddable":true,"href":"https:\/\/www.artagencja.pl\/de\/wp-json\/wp\/v2\/folder?post=13930"}],"curies":[{"name":"wp","href":"https:\/\/api.w.org\/{rel}","templated":true}]}}