{"id":13260,"date":"2025-10-07T16:16:43","date_gmt":"2025-10-07T16:16:43","guid":{"rendered":"https:\/\/www.artagencja.pl\/?page_id=13260"},"modified":"2025-10-12T12:50:33","modified_gmt":"2025-10-12T12:50:33","slug":"sara-kociolek-cv","status":"publish","type":"page","link":"https:\/\/www.artagencja.pl\/de\/sara-kociolek-cv\/","title":{"rendered":"Sara Kocio\u0142ek CV"},"content":{"rendered":"<div  class=\"tatsu-HJWlaKsG1K tatsu-section  tatsu-bg-overlay   tatsu-clearfix\" data-title=\"\"  data-headerscheme=\"background--dark\"><div class='tatsu-section-pad clearfix' data-padding='{\"d\":\"20px 0px 0px 0px\"}' data-padding-top='20px'><div class=\"tatsu-row-wrap  tatsu-wrap tatsu-row-has-two-cols tatsu-medium-gutter tatsu-reg-cols  tatsu-clearfix tatsu-SJxeaYiGJK\" ><div  class=\"tatsu-row\" ><div  class=\"tatsu-column  tatsu-bg-overlay tatsu-one-third tatsu-column-image-none tatsu-column-effect-none  tatsu-B1gGRtoMJK\"  data-parallax-speed=\"0\" style=\"\"><div class=\"tatsu-column-inner\" ><div class=\"tatsu-column-pad-wrap\"><div class=\"tatsu-column-pad\" ><div  class=\"tatsu-module tatsu-text-block-wrap tatsu-rynZ9pXxt\"><div class=\"tatsu-text-inner tatsu-align-center  clearfix\" ><style>.tatsu-rynZ9pXxt.tatsu-text-block-wrap .tatsu-text-inner{width: 100%;text-align: center;}.tatsu-rynZ9pXxt.tatsu-text-block-wrap{margin: 0px 0px 10px 0px;}<\/style>\n<h4>Sara Kocio\u0142ek<\/h4>\n<\/div><\/div><div  class=\"tatsu-single-image tatsu-module tatsu-image-lazyload tatsu-rkTTX2z1Y\" ><div class=\"tatsu-single-image-inner\" style=\"width : 960px;\" ><div class = \"tatsu-single-image-padding-wrap\" style = \"padding-bottom : 125%;\" ><\/div><a class = \"mfp-image\" href = \"https:\/\/www.artagencja.pl\/wp-content\/uploads\/2025\/09\/Sara-Kociolek.jpg-1-9.jpg\" ><img class = \"tatsu-gradient-border\" alt = \"\" title = \"Sara Kocio\u0142ek.jpg-1-9\" data-srcset = \"https:\/\/www.artagencja.pl\/wp-content\/uploads\/2025\/09\/Sara-Kociolek.jpg-1-9.jpg 960w, https:\/\/www.artagencja.pl\/wp-content\/uploads\/2025\/09\/Sara-Kociolek.jpg-1-9-280x350.jpg 280w, https:\/\/www.artagencja.pl\/wp-content\/uploads\/2025\/09\/Sara-Kociolek.jpg-1-9-819x1024.jpg 819w, https:\/\/www.artagencja.pl\/wp-content\/uploads\/2025\/09\/Sara-Kociolek.jpg-1-9-768x960.jpg 768w, https:\/\/www.artagencja.pl\/wp-content\/uploads\/2025\/09\/Sara-Kociolek.jpg-1-9-10x12.jpg 10w, https:\/\/www.artagencja.pl\/wp-content\/uploads\/2025\/09\/Sara-Kociolek.jpg-1-9-40x50.jpg 40w, https:\/\/www.artagencja.pl\/wp-content\/uploads\/2025\/09\/Sara-Kociolek.jpg-1-9-650x813.jpg 650w, https:\/\/www.artagencja.pl\/wp-content\/uploads\/2025\/09\/Sara-Kociolek.jpg-1-9-50x63.jpg 50w\" sizes = \"(max-width: 960px) 100vw, 960px\" src =\"data:image\/png;base64,iVBORw0KGgoAAAANSUhEUgAAAAEAAAABCAQAAAC1HAwCAAAAC0lEQVR42mNkYAAAAAYAAjCB0C8AAAAASUVORK5CYII=\"  \/><\/a><\/div><style>.tatsu-rkTTX2z1Y .tatsu-single-image-inner{border-style: solid;max-width: 100%;}.tatsu-rkTTX2z1Y.tatsu-single-image{transform: translate3d(0px,0px, 0);}<\/style><\/div><\/div><\/div><div class = \"tatsu-column-bg-image-wrap\"><div class = \"tatsu-column-bg-image\" ><\/div><\/div><div class=\"tatsu-overlay tatsu-column-overlay tatsu-animate-none\" ><\/div><\/div><style>.tatsu-row > .tatsu-B1gGRtoMJK.tatsu-column{width: 30%;}.tatsu-B1gGRtoMJK.tatsu-column > .tatsu-column-inner > .tatsu-column-overlay{mix-blend-mode: normal;}.tatsu-B1gGRtoMJK > .tatsu-column-inner > .tatsu-top-divider{z-index: 9999;}.tatsu-B1gGRtoMJK > .tatsu-column-inner > .tatsu-bottom-divider{z-index: 9999;}.tatsu-B1gGRtoMJK > .tatsu-column-inner > .tatsu-left-divider{z-index: 9999;}.tatsu-B1gGRtoMJK > .tatsu-column-inner > .tatsu-right-divider{z-index: 9999;}@media only screen and (max-width:1377px) {.tatsu-row > .tatsu-B1gGRtoMJK.tatsu-column{width: 33.33%;}}@media only screen and (min-width:768px) and (max-width: 1024px) {.tatsu-row > .tatsu-B1gGRtoMJK.tatsu-column{width: 33.33%;}}@media only screen and (max-width: 767px) {.tatsu-row > .tatsu-B1gGRtoMJK.tatsu-column{width: 100%;}}<\/style><\/div><div  class=\"tatsu-column  tatsu-bg-overlay tatsu-two-third tatsu-column-image-none tatsu-column-effect-none  tatsu-ryfCKiMJK\"  data-parallax-speed=\"0\" style=\"\"><div class=\"tatsu-column-inner\" ><div class=\"tatsu-column-pad-wrap\"><div class=\"tatsu-column-pad\" >\n<div  class=\"tatsu-HkZSfA6GJF tabs oshine-module\"  ><style>.tatsu-HkZSfA6GJF{padding: 2px 2px 2px 2px;}<\/style><ul class=\"clearfix be-tab-header\"><li><a id=\"tatsu-SkSGR6zJF\" class=\"\" href=\"#fragment-1-774478810\">INFORMATIONEN<\/a>  <\/li>\n<li><a id=\"tatsu-r1ZQbRfJY\" class=\"\" href=\"#fragment-2-774478810\">SKILLS<\/a>  <\/li>\n<li><a id=\"tatsu-B1MgudCkF\" class=\"\" href=\"#fragment-3-774478810\">ERFAHRUNG<\/a>  <\/li>\n<li><a id=\"tatsu-SyI9M0MyY\" class=\"\" href=\"#fragment-4-774478810\">SCHAUSPIELERISCHE LEISTUNGEN<\/a>  <\/li>\n<li><a id=\"tatsu-SkjyVh7lF\" class=\"\" href=\"#fragment-5-774478810\">VIDEO (SHOWREEL)<\/a>  <\/li><\/ul><div id=\"fragment-1-774478810\" class=\"clearfix be-tab-content\">\n<ul>\n<li>\n<h6><span style=\"font-size: 12pt;\"><strong>STANDORT:<\/strong> KRAKOW<\/span><\/h6>\n<\/li>\n<li>\n<h6><span style=\"font-size: 12pt;\"><strong>WACHSTUM:<\/strong> 174 cm<\/span><\/h6>\n<\/li>\n<li>\n<h6><span style=\"font-size: 12pt;\"><strong>AUGENFARBE:<\/strong> BLAU-GR\u00dcN<\/span><\/h6>\n<\/li>\n<li>\n<h6><span style=\"font-size: 12pt;\"><strong>HAARFARBE:<\/strong> BLOND<\/span><\/h6>\n<\/li>\n<\/ul>\n<\/div><div id=\"fragment-2-774478810\" class=\"clearfix be-tab-content\">\n<ul>\n<li>\n<h6><span style=\"font-size: 11pt;\">Sprachkenntnisse: <\/span><span style=\"font-size: 9pt;\">Polnisch (Muttersprache), Englisch - B1\/C2, Deutsch - A2\/B1<\/span><\/h6>\n<\/li>\n<li>\n<h6><span style=\"font-size: 11pt;\">Sportliche Disziplinen: <\/span><span style=\"font-size: 9pt;\">Akrobatik, Schlittschuhlaufen, Skifahren, Reiten, Schwimmen, Basketball, Volleyball, Leichtathletik, Rollschuhlaufen, Handball, Yoga, Crossfit, Fitness, Aerobic<\/span><\/h6>\n<\/li>\n<li>\n<h6><span style=\"font-size: 11pt;\">Ein Instrument zu spielen:<\/span><span style=\"font-size: 9pt;\"> Klavier - Grundlagen, Querfl\u00f6te, Ukulele<\/span><\/h6>\n<\/li>\n<li>\n<h6><span style=\"font-size: 11pt;\">Singen:<\/span><span style=\"font-size: 9pt;\"> Blues, Ch\u00f6re, Improvisation, Jazz, Musical, Pop, a cappella, Gospel, Volksmusik<\/span><\/h6>\n<\/li>\n<li>\n<h6><span style=\"font-size: 11pt;\">Tanzen:<\/span><span style=\"font-size: 9pt;\"> Choreografie, Improvisation, Kontaktimprovisation, Performance, klassisch, Ballett, Solo, Disco, Hip-Hop, Jazz, Voguing, sozial, zeitgen\u00f6ssisch, organisch<\/span><\/h6>\n<\/li>\n<li>\n<h6><span style=\"font-size: 11pt;\">Andere F\u00e4higkeiten:<\/span><span style=\"font-size: 9pt;\"> N\u00e4hen, Malen, Kochen<\/span><\/h6>\n<\/li>\n<li>\n<h6><span style=\"font-size: 11pt;\">F\u00fchrerschein: <\/span><span style=\"font-size: 9pt;\">Kat. B<\/span><\/h6>\n<\/li>\n<\/ul>\n<\/div><div id=\"fragment-3-774478810\" class=\"clearfix be-tab-content\">\n<p><span style=\"font-size: 11pt;\"><strong>Beruflicher Werdegang<\/strong><\/span><\/p>\n<ul>\n<li>2021-2026 Stanis\u0142aw-Wyspia\u0144ski-Akademie f\u00fcr dramatische K\u00fcnste in Krakau, Fachrichtung: Gesang und Schauspiel<\/li>\n<\/ul>\n<p><span style=\"font-size: 11pt;\"><strong>Zus\u00e4tzliche Ausbildung<\/strong><\/span><\/p>\n<ul>\n<li>2023 Workshop zur Kameraf\u00fchrung mit Pawe\u0142 Ma\u015blona<\/li>\n<li>2023 Filmkampf-Workshop f\u00fcr Schauspieler<\/li>\n<\/ul>\n<p><span style=\"font-size: 11pt;\"><strong>Auszeichnungen<\/strong><\/span><\/p>\n<ul>\n<li>2024 Jadwiga Bara\u0144ska Einzelpreis f\u00fcr die Frankenstein-Show beim Festival der Theaterschulen der Theaterakademie<\/li>\n<li>2023 2. Platz beim Remember Osiecka Festival im Teatr Nowy in Poznan<\/li>\n<\/ul>\n<\/div><div id=\"fragment-4-774478810\" class=\"clearfix be-tab-content\">\n<p><span style=\"font-size: 10pt;\"><b>Theater<\/b><\/span><\/p>\n<ul>\n<li>2025 | Die Hochzeit mit der Philosophie, Regie: E. Kaim, Festival des Tischnerschen Denkens<\/li>\n<li>2025 | Aus Polen mit Liebe (performative Lesung), Regie: D. Przybyszewska, Rolle: Ona, Woche des Jungen Theaters, Theater Nowy in Pozna\u0144<\/li>\n<li>2025 | Mein Kampf, Regie: W. Zaj\u0105kowska, Theater der Akademie der Theaterk\u00fcnste<\/li>\n<li>2025 | Invisible Cities, Regie: J. Nowak, Theater der Akademie der Theaterkunst<\/li>\n<li>2024 | Schnee ist auf die Ruinen von Eden gefallen, Regie: Julia Lange, Rolle: Sie, Rotacyjny Dom Kultury na Jazdowie(Warschau), Noc Teatr\u00f3w(Krakau)<\/li>\n<li>2024 | Retusz, Regie: D. Przybyszewska, Hauptrolle, Forum M\u0142odej Re\u017cyserii (Krak\u00f3w), Woche des Jungen Theaters (Pozna\u0144), Warschauer Theatertreffen<\/li>\n<li>2024 | Frankenstein Show, Regie: R. Dziwisz, Choreographie: T. Papazyan, A. Beta, Rolle: Elisabeth, Frau aus Glas, Theater der Akademie der Theaterkunst (Diplomvorstellung)<\/li>\n<li>2024 | Surowiec, Regie: R. Dziwisz, Hauptrolle, Theaterfestival auf dem Schloss in Liwa<\/li>\n<li>2024 | Festival Pami\u0119tamy o Osieckiej, Teatr Nowy in Pozna\u0144<\/li>\n<li>2023 | Nationale Lesung - Vertonung, Musik von D. Sulej Rudnicki, Beratung durch G. Komasa, Warschau<\/li>\n<li>2022 | Torebkowanie, Regie: W. Dolatowski, Musikakademie in \u0141\u00f3d\u017a (Choreographiediplom)<\/li>\n<\/ul>\n<\/div><div id=\"fragment-5-774478810\" class=\"clearfix be-tab-content\">\n<p>Sara Kocio\u0142ek \u00dcber sich - der Weg <iframe title=\"Sara Kocio\u0142ek \u00dcber sich - der Weg\" width=\"1160\" height=\"653\" src=\"https:\/\/www.youtube.com\/embed\/cWn1t9IUX5g?feature=oembed\" frameborder=\"0\" allow=\"accelerometer; autoplay; clipboard-write; encrypted-media; gyroscope; picture-in-picture; web-share\" referrerpolicy=\"strict-origin-when-cross-origin\" allowfullscreen><\/iframe><\/p>\n<hr \/>\n<p>Sara Kocio\u0142ek \/ Julia Marciniak \"Casting\"-Szene <iframe title=\"Sara Kocio\u0142ek \/Julia Marciniak Szene &quot;Casting&quot;\" width=\"1160\" height=\"653\" src=\"https:\/\/www.youtube.com\/embed\/1rJslX-tP_k?feature=oembed\" frameborder=\"0\" allow=\"accelerometer; autoplay; clipboard-write; encrypted-media; gyroscope; picture-in-picture; web-share\" referrerpolicy=\"strict-origin-when-cross-origin\" allowfullscreen><\/iframe><\/p>\n<hr \/>\n<p>Sara Kocio\u0142ek \/ Julia Marciniak Szene \"Maciek, Maciek\" <iframe title=\"Sara Kocio\u0142ek \/ Julia Marciniak Szene &quot;Maciek, Maciek&quot;\" width=\"1160\" height=\"653\" src=\"https:\/\/www.youtube.com\/embed\/xcapnlofNWk?feature=oembed\" frameborder=\"0\" allow=\"accelerometer; autoplay; clipboard-write; encrypted-media; gyroscope; picture-in-picture; web-share\" referrerpolicy=\"strict-origin-when-cross-origin\" allowfullscreen><\/iframe><\/p>\n<hr \/>\n<p>Visitenkarte <iframe title=\"Sara Kocio\u0142ek Visitenkarte\" width=\"1160\" height=\"653\" src=\"https:\/\/www.youtube.com\/embed\/TjG5BsnCETw?feature=oembed\" frameborder=\"0\" allow=\"accelerometer; autoplay; clipboard-write; encrypted-media; gyroscope; picture-in-picture; web-share\" referrerpolicy=\"strict-origin-when-cross-origin\" allowfullscreen><\/iframe><\/p>\n<hr \/>\n<p>\u00dcber mich selbst <iframe title=\"Sara Kocio\u0142ek Visitenkarte (\u00fcber sich selbst)\" width=\"1160\" height=\"653\" src=\"https:\/\/www.youtube.com\/embed\/X9jG5f18G3k?feature=oembed\" frameborder=\"0\" allow=\"accelerometer; autoplay; clipboard-write; encrypted-media; gyroscope; picture-in-picture; web-share\" referrerpolicy=\"strict-origin-when-cross-origin\" allowfullscreen><\/iframe><\/p>\n<\/div><\/div>\n<\/div><\/div><div class = \"tatsu-column-bg-image-wrap\"><div class = \"tatsu-column-bg-image\" ><\/div><\/div><div class=\"tatsu-overlay tatsu-column-overlay tatsu-animate-none\" ><\/div><\/div><style>.tatsu-row > .tatsu-ryfCKiMJK.tatsu-column{width: 70%;}.tatsu-ryfCKiMJK.tatsu-column > .tatsu-column-inner > .tatsu-column-overlay{mix-blend-mode: normal;}.tatsu-ryfCKiMJK > .tatsu-column-inner > .tatsu-top-divider{z-index: 9999;}.tatsu-ryfCKiMJK > .tatsu-column-inner > .tatsu-bottom-divider{z-index: 9999;}.tatsu-ryfCKiMJK > .tatsu-column-inner > .tatsu-left-divider{z-index: 9999;}.tatsu-ryfCKiMJK > .tatsu-column-inner > .tatsu-right-divider{z-index: 9999;}@media only screen and (max-width:1377px) {.tatsu-row > .tatsu-ryfCKiMJK.tatsu-column{width: 66.67%;}}@media only screen and (min-width:768px) and (max-width: 1024px) {.tatsu-row > .tatsu-ryfCKiMJK.tatsu-column{width: 66.67%;}}@media only screen and (max-width: 767px) {.tatsu-row > .tatsu-ryfCKiMJK.tatsu-column{width: 100%;}}<\/style><\/div><\/div><\/div><div class=\"tatsu-row-wrap  tatsu-wrap tatsu-row-has-five-cols tatsu-medium-gutter tatsu-reg-cols  tatsu-clearfix tatsu-B1grntnzJF\" ><div  class=\"tatsu-row\" ><div  class=\"tatsu-column  tatsu-bg-overlay tatsu-one-fifth tatsu-column-image-none tatsu-column-effect-none  tatsu-BJH3t3MkY\"  data-parallax-speed=\"0\" style=\"\"><div class=\"tatsu-column-inner\" ><div class=\"tatsu-column-pad-wrap\"><div class=\"tatsu-column-pad\" ><div  class=\"tatsu-single-image tatsu-module tatsu-image-lazyload tatsu-rkCceazkF\" ><div class=\"tatsu-single-image-inner\" style=\"width : 960px;\" ><div class = \"tatsu-single-image-padding-wrap\" style = \"padding-bottom : 125%;\" ><\/div><a class = \"mfp-image\" href = \"https:\/\/www.artagencja.pl\/wp-content\/uploads\/2025\/09\/Sara-Kociolek.jpg-1.jpg\" ><img class = \"tatsu-gradient-border\" alt = \"\" title = \"Sara Kocio\u0142ek.jpg-1\" data-src = \"https:\/\/www.artagencja.pl\/wp-content\/uploads\/2025\/09\/Sara-Kociolek.jpg-1.jpg\" src =\"data:image\/png;base64,iVBORw0KGgoAAAANSUhEUgAAAAEAAAABCAQAAAC1HAwCAAAAC0lEQVR42mNkYAAAAAYAAjCB0C8AAAAASUVORK5CYII=\"  \/><\/a><\/div><style>.tatsu-rkCceazkF .tatsu-single-image-inner{border-style: solid;max-width: 100%;}.tatsu-rkCceazkF.tatsu-single-image{transform: translate3d(0px,0px, 0);}<\/style><\/div><\/div><\/div><div class = \"tatsu-column-bg-image-wrap\"><div class = \"tatsu-column-bg-image\" ><\/div><\/div><div class=\"tatsu-overlay tatsu-column-overlay tatsu-animate-none\" ><\/div><\/div><style>.tatsu-row > .tatsu-BJH3t3MkY.tatsu-column{width: 20%;}.tatsu-BJH3t3MkY.tatsu-column > .tatsu-column-inner > .tatsu-column-overlay{mix-blend-mode: normal;}.tatsu-BJH3t3MkY > .tatsu-column-inner > .tatsu-top-divider{z-index: 9999;}.tatsu-BJH3t3MkY > .tatsu-column-inner > .tatsu-bottom-divider{z-index: 9999;}.tatsu-BJH3t3MkY > .tatsu-column-inner > .tatsu-left-divider{z-index: 9999;}.tatsu-BJH3t3MkY > .tatsu-column-inner > .tatsu-right-divider{z-index: 9999;}@media only screen and (max-width:1377px) {.tatsu-row > .tatsu-BJH3t3MkY.tatsu-column{width: 20%;}}@media only screen and (min-width:768px) and (max-width: 1024px) {.tatsu-row > .tatsu-BJH3t3MkY.tatsu-column{width: 20%;}}@media only screen and (max-width: 767px) {.tatsu-row > .tatsu-BJH3t3MkY.tatsu-column{width: 100%;}}<\/style><\/div><div  class=\"tatsu-column  tatsu-bg-overlay tatsu-one-fifth tatsu-column-image-none tatsu-column-effect-none  tatsu-B1ejdxaGyF\"  data-parallax-speed=\"0\" style=\"\"><div class=\"tatsu-column-inner\" ><div class=\"tatsu-column-pad-wrap\"><div class=\"tatsu-column-pad\" ><div  class=\"tatsu-single-image tatsu-module tatsu-image-lazyload tatsu-BysoeTfJK\" ><div class=\"tatsu-single-image-inner\" style=\"width : 960px;\" ><div class = \"tatsu-single-image-padding-wrap\" style = \"padding-bottom : 125%;\" ><\/div><a class = \"mfp-image\" href = \"https:\/\/www.artagencja.pl\/wp-content\/uploads\/2025\/09\/Sara-Kociolek.jpg-1-20.jpg\" ><img class = \"tatsu-gradient-border\" alt = \"\" title = \"Sara Kocio\u0142ek.jpg-1-20\" data-src = \"https:\/\/www.artagencja.pl\/wp-content\/uploads\/2025\/09\/Sara-Kociolek.jpg-1-20.jpg\" src =\"data:image\/png;base64,iVBORw0KGgoAAAANSUhEUgAAAAEAAAABCAQAAAC1HAwCAAAAC0lEQVR42mNkYAAAAAYAAjCB0C8AAAAASUVORK5CYII=\"  \/><\/a><\/div><style>.tatsu-BysoeTfJK .tatsu-single-image-inner{border-style: solid;max-width: 100%;}.tatsu-BysoeTfJK.tatsu-single-image{transform: translate3d(0px,0px, 0);}<\/style><\/div><\/div><\/div><div class = \"tatsu-column-bg-image-wrap\"><div class = \"tatsu-column-bg-image\" ><\/div><\/div><div class=\"tatsu-overlay tatsu-column-overlay tatsu-animate-none\" ><\/div><\/div><style>.tatsu-row > .tatsu-B1ejdxaGyF.tatsu-column{width: 20%;}.tatsu-B1ejdxaGyF.tatsu-column > .tatsu-column-inner > .tatsu-column-overlay{mix-blend-mode: normal;}.tatsu-B1ejdxaGyF > .tatsu-column-inner > .tatsu-top-divider{z-index: 9999;}.tatsu-B1ejdxaGyF > .tatsu-column-inner > .tatsu-bottom-divider{z-index: 9999;}.tatsu-B1ejdxaGyF > .tatsu-column-inner > .tatsu-left-divider{z-index: 9999;}.tatsu-B1ejdxaGyF > .tatsu-column-inner > .tatsu-right-divider{z-index: 9999;}@media only screen and (max-width:1377px) {.tatsu-row > .tatsu-B1ejdxaGyF.tatsu-column{width: 20%;}}@media only screen and (min-width:768px) and (max-width: 1024px) {.tatsu-row > .tatsu-B1ejdxaGyF.tatsu-column{width: 20%;}}@media only screen and (max-width: 767px) {.tatsu-row > .tatsu-B1ejdxaGyF.tatsu-column{width: 100%;}}<\/style><\/div><div  class=\"tatsu-column  tatsu-bg-overlay tatsu-one-fifth tatsu-column-image-none tatsu-column-effect-none  tatsu-H1biOgaf1K\"  data-parallax-speed=\"0\" style=\"\"><div class=\"tatsu-column-inner\" ><div class=\"tatsu-column-pad-wrap\"><div class=\"tatsu-column-pad\" ><div  class=\"tatsu-single-image tatsu-module tatsu-image-lazyload tatsu-rko2lpMJF\" ><div class=\"tatsu-single-image-inner\" style=\"width : 960px;\" ><div class = \"tatsu-single-image-padding-wrap\" style = \"padding-bottom : 125%;\" ><\/div><a class = \"mfp-image\" href = \"https:\/\/www.artagencja.pl\/wp-content\/uploads\/2025\/09\/Sara-Kociolek.jpg-1-25.jpg\" ><img class = \"tatsu-gradient-border\" alt = \"\" title = \"Sara Kocio\u0142ek.jpg-1-25\" data-src = \"https:\/\/www.artagencja.pl\/wp-content\/uploads\/2025\/09\/Sara-Kociolek.jpg-1-25.jpg\" src =\"data:image\/png;base64,iVBORw0KGgoAAAANSUhEUgAAAAEAAAABCAQAAAC1HAwCAAAAC0lEQVR42mNkYAAAAAYAAjCB0C8AAAAASUVORK5CYII=\"  \/><\/a><\/div><style>.tatsu-rko2lpMJF .tatsu-single-image-inner{border-style: solid;max-width: 100%;}.tatsu-rko2lpMJF.tatsu-single-image{transform: translate3d(0px,0px, 0);}<\/style><\/div><div  class=\"tatsu-module tatsu-normal-button tatsu-button-wrap   tatsu-Hks9zjmlF\"><a class=\"tatsu-shortcode mediumbtn tatsu-button left-icon circular   bg-animation-none\" href=\"https:\/\/www.artagencja.pl\/de\/sara-kociolek-galeria\/\" style= \"\"  aria-label=\"MEHR FOTOS...\" data-gdpr-atts=\"{}\" >MEHR FOTOS...<\/a><style>.tatsu-Hks9zjmlF .tatsu-button{background-color: rgba(0,0,0,1);color: #ffffff ;}<\/style><\/div><\/div><\/div><div class = \"tatsu-column-bg-image-wrap\"><div class = \"tatsu-column-bg-image\" ><\/div><\/div><div class=\"tatsu-overlay tatsu-column-overlay tatsu-animate-none\" ><\/div><\/div><style>.tatsu-row > .tatsu-H1biOgaf1K.tatsu-column{width: 20%;}.tatsu-H1biOgaf1K.tatsu-column > .tatsu-column-inner > .tatsu-column-overlay{mix-blend-mode: normal;}.tatsu-H1biOgaf1K > .tatsu-column-inner > .tatsu-top-divider{z-index: 9999;}.tatsu-H1biOgaf1K > .tatsu-column-inner > .tatsu-bottom-divider{z-index: 9999;}.tatsu-H1biOgaf1K > .tatsu-column-inner > .tatsu-left-divider{z-index: 9999;}.tatsu-H1biOgaf1K > .tatsu-column-inner > .tatsu-right-divider{z-index: 9999;}@media only screen and (max-width:1377px) {.tatsu-row > .tatsu-H1biOgaf1K.tatsu-column{width: 20%;}}@media only screen and (min-width:768px) and (max-width: 1024px) {.tatsu-row > .tatsu-H1biOgaf1K.tatsu-column{width: 20%;}}@media only screen and (max-width: 767px) {.tatsu-row > .tatsu-H1biOgaf1K.tatsu-column{width: 100%;}}<\/style><\/div><div  class=\"tatsu-column  tatsu-bg-overlay tatsu-one-fifth tatsu-column-image-none tatsu-column-effect-none  tatsu-B1ziug6GJY\"  data-parallax-speed=\"0\" style=\"\"><div class=\"tatsu-column-inner\" ><div class=\"tatsu-column-pad-wrap\"><div class=\"tatsu-column-pad\" ><div  class=\"tatsu-single-image tatsu-module tatsu-image-lazyload tatsu-H1_CeafyK\" ><div class=\"tatsu-single-image-inner\" style=\"width : 960px;\" ><div class = \"tatsu-single-image-padding-wrap\" style = \"padding-bottom : 125%;\" ><\/div><a class = \"mfp-image\" href = \"https:\/\/www.artagencja.pl\/wp-content\/uploads\/2025\/09\/Sara-Kociolek.jpg-1-31.jpg\" ><img class = \"tatsu-gradient-border\" alt = \"\" title = \"Sara Kocio\u0142ek.jpg-1-31\" data-src = \"https:\/\/www.artagencja.pl\/wp-content\/uploads\/2025\/09\/Sara-Kociolek.jpg-1-31.jpg\" src =\"data:image\/png;base64,iVBORw0KGgoAAAANSUhEUgAAAAEAAAABCAQAAAC1HAwCAAAAC0lEQVR42mNkYAAAAAYAAjCB0C8AAAAASUVORK5CYII=\"  \/><\/a><\/div><style>.tatsu-H1_CeafyK .tatsu-single-image-inner{border-style: solid;max-width: 100%;}.tatsu-H1_CeafyK.tatsu-single-image{transform: translate3d(0px,0px, 0);}<\/style><\/div><\/div><\/div><div class = \"tatsu-column-bg-image-wrap\"><div class = \"tatsu-column-bg-image\" ><\/div><\/div><div class=\"tatsu-overlay tatsu-column-overlay tatsu-animate-none\" ><\/div><\/div><style>.tatsu-row > .tatsu-B1ziug6GJY.tatsu-column{width: 20%;}.tatsu-B1ziug6GJY.tatsu-column > .tatsu-column-inner > .tatsu-column-overlay{mix-blend-mode: normal;}.tatsu-B1ziug6GJY > .tatsu-column-inner > .tatsu-top-divider{z-index: 9999;}.tatsu-B1ziug6GJY > .tatsu-column-inner > .tatsu-bottom-divider{z-index: 9999;}.tatsu-B1ziug6GJY > .tatsu-column-inner > .tatsu-left-divider{z-index: 9999;}.tatsu-B1ziug6GJY > .tatsu-column-inner > .tatsu-right-divider{z-index: 9999;}@media only screen and (max-width:1377px) {.tatsu-row > .tatsu-B1ziug6GJY.tatsu-column{width: 20%;}}@media only screen and (min-width:768px) and (max-width: 1024px) {.tatsu-row > .tatsu-B1ziug6GJY.tatsu-column{width: 20%;}}@media only screen and (max-width: 767px) {.tatsu-row > .tatsu-B1ziug6GJY.tatsu-column{width: 100%;}}<\/style><\/div><div  class=\"tatsu-column  tatsu-bg-overlay tatsu-one-fifth tatsu-column-image-none tatsu-column-effect-none  tatsu-H1mi_xaM1t\"  data-parallax-speed=\"0\" style=\"\"><div class=\"tatsu-column-inner\" ><div class=\"tatsu-column-pad-wrap\"><div class=\"tatsu-column-pad\" ><div  class=\"tatsu-single-image tatsu-module tatsu-image-lazyload tatsu-S1wkbTMkt\" ><div class=\"tatsu-single-image-inner\" style=\"width : 960px;\" ><div class = \"tatsu-single-image-padding-wrap\" style = \"padding-bottom : 125%;\" ><\/div><a class = \"mfp-image\" href = \"https:\/\/www.artagencja.pl\/wp-content\/uploads\/2025\/09\/Sara-Kociolek.jpg-1-21.jpg\" ><img class = \"tatsu-gradient-border\" alt = \"\" title = \"Sara Kocio\u0142ek.jpg-1-21\" data-src = \"https:\/\/www.artagencja.pl\/wp-content\/uploads\/2025\/09\/Sara-Kociolek.jpg-1-21.jpg\" src =\"data:image\/png;base64,iVBORw0KGgoAAAANSUhEUgAAAAEAAAABCAQAAAC1HAwCAAAAC0lEQVR42mNkYAAAAAYAAjCB0C8AAAAASUVORK5CYII=\"  \/><\/a><\/div><style>.tatsu-S1wkbTMkt .tatsu-single-image-inner{border-style: solid;max-width: 100%;}.tatsu-S1wkbTMkt.tatsu-single-image{transform: translate3d(0px,0px, 0);}<\/style><\/div><\/div><\/div><div class = \"tatsu-column-bg-image-wrap\"><div class = \"tatsu-column-bg-image\" ><\/div><\/div><div class=\"tatsu-overlay tatsu-column-overlay tatsu-animate-none\" ><\/div><\/div><style>.tatsu-row > .tatsu-H1mi_xaM1t.tatsu-column{width: 20%;}.tatsu-H1mi_xaM1t.tatsu-column > .tatsu-column-inner > .tatsu-column-overlay{mix-blend-mode: normal;}.tatsu-H1mi_xaM1t > .tatsu-column-inner > .tatsu-top-divider{z-index: 9999;}.tatsu-H1mi_xaM1t > .tatsu-column-inner > .tatsu-bottom-divider{z-index: 9999;}.tatsu-H1mi_xaM1t > .tatsu-column-inner > .tatsu-left-divider{z-index: 9999;}.tatsu-H1mi_xaM1t > .tatsu-column-inner > .tatsu-right-divider{z-index: 9999;}@media only screen and (max-width:1377px) {.tatsu-row > .tatsu-H1mi_xaM1t.tatsu-column{width: 20%;}}@media only screen and (min-width:768px) and (max-width: 1024px) {.tatsu-row > .tatsu-H1mi_xaM1t.tatsu-column{width: 20%;}}@media only screen and (max-width: 767px) {.tatsu-row > .tatsu-H1mi_xaM1t.tatsu-column{width: 100%;}}<\/style><\/div><\/div><\/div><\/div><div class=\"tatsu-section-background-wrap\"><div class = \"tatsu-section-background\" ><\/div><\/div><div class=\"tatsu-overlay tatsu-section-overlay\"><\/div><style>.tatsu-HJWlaKsG1K .tatsu-section-pad{padding: 20px 0px 0px 0px;}.tatsu-HJWlaKsG1K .tatsu-section-offset-wrap{transform: translateY(-0px);}.tatsu-HJWlaKsG1K > .tatsu-bottom-divider{z-index: 9999;}.tatsu-HJWlaKsG1K > .tatsu-top-divider{z-index: 9999;}.tatsu-HJWlaKsG1K .tatsu-section-overlay{mix-blend-mode: normal;}<\/style><\/div>","protected":false},"excerpt":{"rendered":"<p><a href=\"https:\/\/www.artagencja.pl\/de\/sara-kociolek-cv\/\" class=\"more-link style2-button\">Weiterlesen<\/a><\/p>","protected":false},"author":1,"featured_media":0,"parent":0,"menu_order":0,"comment_status":"closed","ping_status":"closed","template":"","meta":{"footnotes":""},"folder":[73],"class_list":["post-13260","page","type-page","status-publish","hentry"],"_links":{"self":[{"href":"https:\/\/www.artagencja.pl\/de\/wp-json\/wp\/v2\/pages\/13260","targetHints":{"allow":["GET"]}}],"collection":[{"href":"https:\/\/www.artagencja.pl\/de\/wp-json\/wp\/v2\/pages"}],"about":[{"href":"https:\/\/www.artagencja.pl\/de\/wp-json\/wp\/v2\/types\/page"}],"author":[{"embeddable":true,"href":"https:\/\/www.artagencja.pl\/de\/wp-json\/wp\/v2\/users\/1"}],"replies":[{"embeddable":true,"href":"https:\/\/www.artagencja.pl\/de\/wp-json\/wp\/v2\/comments?post=13260"}],"version-history":[{"count":12,"href":"https:\/\/www.artagencja.pl\/de\/wp-json\/wp\/v2\/pages\/13260\/revisions"}],"predecessor-version":[{"id":13285,"href":"https:\/\/www.artagencja.pl\/de\/wp-json\/wp\/v2\/pages\/13260\/revisions\/13285"}],"wp:attachment":[{"href":"https:\/\/www.artagencja.pl\/de\/wp-json\/wp\/v2\/media?parent=13260"}],"wp:term":[{"taxonomy":"folder","embeddable":true,"href":"https:\/\/www.artagencja.pl\/de\/wp-json\/wp\/v2\/folder?post=13260"}],"curies":[{"name":"wp","href":"https:\/\/api.w.org\/{rel}","templated":true}]}}